{"id":2448,"date":"2022-05-05T16:21:39","date_gmt":"2022-05-05T08:21:39","guid":{"rendered":"https:\/\/fayshing.com\/?post_type=product&#038;p=2448"},"modified":"2025-01-07T15:09:14","modified_gmt":"2025-01-07T07:09:14","slug":"fayshing-4-inch-double-bearing-swivel-mobile-castor-fs-7014","status":"publish","type":"product","link":"https:\/\/fayshing.com\/es-es\/product\/fayshing-4-inch-double-bearing-swivel-mobile-castor-fs-7014\/","title":{"rendered":"Rueda m\u00f3vil giratoria Fayshing de 4 pulgadas con doble rodamiento FS-7014"},"content":{"rendered":"<p>PEQUE\u00d1A y FUERTE, SUPER SOPORTE DE CARGA: Las ruedas giratorias est\u00e1n hechas del popular tipo de caucho de poliuretano que no deja marcas, funcionan muy silenciosamente, absorben golpes y vibraciones. Ahorro de tiempo y mano de obra. Estas poderosas ruedas giratorias se pueden usar para una multitud de proyectos grandes o peque\u00f1os.<br \/>\nLAS RUEDAS GIRATORIAS GIRAR 360 GRADOS: Transforme el equipo de acoplamiento en cualquier direcci\u00f3n de la manera m\u00e1s eficiente y que ahorre mano de obra, nuestras ruedas giratorias son los mejores accesorios para muebles pesados, escritorios, mesas, gabinetes o carritos.<br \/>\nRUEDAS SILENCIOSAS CON BASE DE GOMA: Silenciosas y sin ruido, as\u00ed que no se preocupe por molestar a los dem\u00e1s cuando mueva sus dispositivos.<br \/>\nAMPLIAMENTE UTILIZADO: Se pueden usar tanto en aplicaciones industriales como residenciales, para mesas de caf\u00e9, soportes para plantas, estanter\u00edas, contenedores para zapatos, contenedores para juguetes, carritos de compras, bancos de trabajo, almacenes o estantes de supermercados, se pueden instalar en la mayor\u00eda de los dispositivos si lo desea.<\/p>","protected":false},"excerpt":{"rendered":"<p>Por qu\u00e9 elegir las ruedas Fayshing:<\/p>\n<p>\u2714 Materiales de alta calidad y total durabilidad.<\/p>\n<p>\u2714 Configuraci\u00f3n sencilla y f\u00e1cil maniobra.<\/p>\n<p>\u2714 Perfecto para mover cajas, carros, bancos de trabajo, muebles, estantes y otros elementos que se encuentran com\u00fanmente en los talleres.<\/p>\n<p>\u2714 Ofrecemos precios incre\u00edblemente asequibles.<\/p>","protected":false},"featured_media":2480,"comment_status":"open","ping_status":"closed","template":"","meta":{"_acf_changed":false},"product_brand":[],"product_cat":[203],"product_tag":[],"class_list":{"0":"post-2448","1":"product","2":"type-product","3":"status-publish","4":"has-post-thumbnail","6":"product_cat-caseters-wheel","7":"description-off","9":"first","10":"instock","11":"shipping-taxable","12":"purchasable","13":"product-type-simple"},"acf":[],"_links":{"self":[{"href":"https:\/\/fayshing.com\/es-es\/wp-json\/wp\/v2\/product\/2448","targetHints":{"allow":["GET"]}}],"collection":[{"href":"https:\/\/fayshing.com\/es-es\/wp-json\/wp\/v2\/product"}],"about":[{"href":"https:\/\/fayshing.com\/es-es\/wp-json\/wp\/v2\/types\/product"}],"replies":[{"embeddable":true,"href":"https:\/\/fayshing.com\/es-es\/wp-json\/wp\/v2\/comments?post=2448"}],"wp:featuredmedia":[{"embeddable":true,"href":"https:\/\/fayshing.com\/es-es\/wp-json\/wp\/v2\/media\/2480"}],"wp:attachment":[{"href":"https:\/\/fayshing.com\/es-es\/wp-json\/wp\/v2\/media?parent=2448"}],"wp:term":[{"taxonomy":"product_brand","embeddable":true,"href":"https:\/\/fayshing.com\/es-es\/wp-json\/wp\/v2\/product_brand?post=2448"},{"taxonomy":"product_cat","embeddable":true,"href":"https:\/\/fayshing.com\/es-es\/wp-json\/wp\/v2\/product_cat?post=2448"},{"taxonomy":"product_tag","embeddable":true,"href":"https:\/\/fayshing.com\/es-es\/wp-json\/wp\/v2\/product_tag?post=2448"}],"curies":[{"name":"wp","href":"https:\/\/api.w.org\/{rel}","templated":true}]}}