{"id":2445,"date":"2022-05-05T16:12:21","date_gmt":"2022-05-05T08:12:21","guid":{"rendered":"https:\/\/fayshing.com\/?post_type=product&#038;p=2445"},"modified":"2025-01-07T14:38:41","modified_gmt":"2025-01-07T06:38:41","slug":"fayshing-4-6-inch-double-bearing-swivel-brake-castor-fs-7011","status":"publish","type":"product","link":"https:\/\/fayshing.com\/es-es\/product\/fayshing-4-6-inch-double-bearing-swivel-brake-castor-fs-7011\/","title":{"rendered":"Rueda giratoria con freno de doble rodamiento Fayshing FS-7011 de 4,6 pulgadas"},"content":{"rendered":"<p>Materiales de alta calidad: el cuerpo de la estructura de acero es extremadamente resistente.<br \/>\nDise\u00f1o del freno: El freno bloquea tanto la rueda como el cojinete giratorio al mismo tiempo, lo cual es esencial para la seguridad.<br \/>\nRotaci\u00f3n de 360\u00b0: la placa superior giratoria de 360 grados hace posible girar el equipo de acoplamiento, es buena para transportar muebles livianos y exhibidores de manera silenciosa y segura.<br \/>\nAplicaci\u00f3n: Ruedas perfectas para equipos y muebles, incluidas otomanas, mesas de caf\u00e9, asientos, estantes, soportes para plantas, estanter\u00edas, contenedores para zapatos, contenedores para juguetes, carritos de compras, bancos de trabajo, almacenamiento debajo de la cama u otras cosas pesadas.<\/p>","protected":false},"excerpt":{"rendered":"<p>Nuestra visi\u00f3n, misi\u00f3n y valores se basan en la confianza de los clientes.<\/p>\n<p>Adoptamos las \u00faltimas tecnolog\u00edas e innovaciones, mejoramos las instalaciones y utilizamos varios tipos de instrumentos de prueba para producir ruedas y rodajas de \u00faltima generaci\u00f3n.<\/p>\n<p>Al disfrutar de una s\u00f3lida reputaci\u00f3n entre los clientes, estamos orgullosos de poder ofrecer productos de calidad con una confiabilidad incomparable.<\/p>","protected":false},"featured_media":2491,"comment_status":"open","ping_status":"closed","template":"","meta":{"_acf_changed":false},"product_brand":[],"product_cat":[203],"product_tag":[],"class_list":{"0":"post-2445","1":"product","2":"type-product","3":"status-publish","4":"has-post-thumbnail","6":"product_cat-caseters-wheel","7":"description-off","9":"first","10":"instock","11":"shipping-taxable","12":"purchasable","13":"product-type-simple"},"acf":[],"_links":{"self":[{"href":"https:\/\/fayshing.com\/es-es\/wp-json\/wp\/v2\/product\/2445","targetHints":{"allow":["GET"]}}],"collection":[{"href":"https:\/\/fayshing.com\/es-es\/wp-json\/wp\/v2\/product"}],"about":[{"href":"https:\/\/fayshing.com\/es-es\/wp-json\/wp\/v2\/types\/product"}],"replies":[{"embeddable":true,"href":"https:\/\/fayshing.com\/es-es\/wp-json\/wp\/v2\/comments?post=2445"}],"wp:featuredmedia":[{"embeddable":true,"href":"https:\/\/fayshing.com\/es-es\/wp-json\/wp\/v2\/media\/2491"}],"wp:attachment":[{"href":"https:\/\/fayshing.com\/es-es\/wp-json\/wp\/v2\/media?parent=2445"}],"wp:term":[{"taxonomy":"product_brand","embeddable":true,"href":"https:\/\/fayshing.com\/es-es\/wp-json\/wp\/v2\/product_brand?post=2445"},{"taxonomy":"product_cat","embeddable":true,"href":"https:\/\/fayshing.com\/es-es\/wp-json\/wp\/v2\/product_cat?post=2445"},{"taxonomy":"product_tag","embeddable":true,"href":"https:\/\/fayshing.com\/es-es\/wp-json\/wp\/v2\/product_tag?post=2445"}],"curies":[{"name":"wp","href":"https:\/\/api.w.org\/{rel}","templated":true}]}}