{"id":2436,"date":"2022-05-05T15:14:05","date_gmt":"2022-05-05T07:14:05","guid":{"rendered":"https:\/\/fayshing.com\/?post_type=product&#038;p=2436"},"modified":"2025-08-08T14:05:04","modified_gmt":"2025-08-08T06:05:04","slug":"fayshing-small-caster-wheel-dish-fs-7030","status":"publish","type":"product","link":"https:\/\/fayshing.com\/es-es\/product\/fayshing-small-caster-wheel-dish-fs-7030\/","title":{"rendered":"Plato con rueda giratoria peque\u00f1a Fayshing FS-7030"},"content":{"rendered":"<p>\u3010Size\u3011Por favor, tenga en cuenta que el plato tiene dimensi\u00f3n exterior de 136*90*30mm. Compruebe su requisito antes de ordenar.<\/p>\n<p>Material de primera calidad: estos platos con ruedas para maletas de vuelo est\u00e1n hechos de material mental de alta calidad, no se deforma f\u00e1cilmente y no da\u00f1an el piso, hacen que la maleta se mantenga en su lugar con firmeza.<\/p>\n<p>\u3010Funciona bien\u3011 Bloquea la rueda en su lugar mientras protege los pisos contra marcas y da\u00f1os.<\/p>\n<p>\u3010Pr\u00e1ctico\u3011 Platos con ruedas atractivos y dise\u00f1ados por expertos para brindar lo \u00faltimo en forma y funcionalidad.<\/p>","protected":false},"excerpt":{"rendered":"<p>Lo que har\u00e1 el plato de rueda giratoria Fayshing es soportar las ruedas de las cajas de vuelo y detener el movimiento de las ruedas para que las cajas permanezcan donde est\u00e1n.<\/p>","protected":false},"featured_media":2526,"comment_status":"open","ping_status":"closed","template":"","meta":{"_acf_changed":false},"product_brand":[],"product_cat":[146],"product_tag":[],"class_list":{"0":"post-2436","1":"product","2":"type-product","3":"status-publish","4":"has-post-thumbnail","6":"product_cat-dish","7":"description-off","9":"first","10":"instock","11":"shipping-taxable","12":"product-type-simple"},"acf":[],"_links":{"self":[{"href":"https:\/\/fayshing.com\/es-es\/wp-json\/wp\/v2\/product\/2436","targetHints":{"allow":["GET"]}}],"collection":[{"href":"https:\/\/fayshing.com\/es-es\/wp-json\/wp\/v2\/product"}],"about":[{"href":"https:\/\/fayshing.com\/es-es\/wp-json\/wp\/v2\/types\/product"}],"replies":[{"embeddable":true,"href":"https:\/\/fayshing.com\/es-es\/wp-json\/wp\/v2\/comments?post=2436"}],"wp:featuredmedia":[{"embeddable":true,"href":"https:\/\/fayshing.com\/es-es\/wp-json\/wp\/v2\/media\/2526"}],"wp:attachment":[{"href":"https:\/\/fayshing.com\/es-es\/wp-json\/wp\/v2\/media?parent=2436"}],"wp:term":[{"taxonomy":"product_brand","embeddable":true,"href":"https:\/\/fayshing.com\/es-es\/wp-json\/wp\/v2\/product_brand?post=2436"},{"taxonomy":"product_cat","embeddable":true,"href":"https:\/\/fayshing.com\/es-es\/wp-json\/wp\/v2\/product_cat?post=2436"},{"taxonomy":"product_tag","embeddable":true,"href":"https:\/\/fayshing.com\/es-es\/wp-json\/wp\/v2\/product_tag?post=2436"}],"curies":[{"name":"wp","href":"https:\/\/api.w.org\/{rel}","templated":true}]}}