{"id":2434,"date":"2022-05-05T14:46:29","date_gmt":"2022-05-05T06:46:29","guid":{"rendered":"https:\/\/fayshing.com\/?post_type=product&#038;p=2434"},"modified":"2025-08-08T14:18:14","modified_gmt":"2025-08-08T06:18:14","slug":"fayshing-mental-flat-caster-dish-fs-7004","status":"publish","type":"product","link":"https:\/\/fayshing.com\/es-es\/product\/fayshing-mental-flat-caster-dish-fs-7004\/","title":{"rendered":"Plato con ruedas planas mentales Fayshing FS-7004"},"content":{"rendered":"<p>\u3010Tama\u00f1o\u3011Tenga en cuenta que el plato tiene una dimensi\u00f3n exterior de 115*105*13,8 mm. Verifique sus requisitos antes de realizar el pedido.<\/p>\n<p>Material de primera calidad: estos platos con ruedas para maletas de vuelo est\u00e1n hechos de material mental de alta calidad, no se deforma f\u00e1cilmente y no da\u00f1an el piso, hacen que la maleta se mantenga en su lugar con firmeza.<\/p>\n<p>\u3010Funciona bien\u3011 Bloquea la rueda en su lugar mientras protege los pisos contra marcas y da\u00f1os.<\/p>\n<p>\u3010Pr\u00e1ctico\u3011 Platos con ruedas atractivos y dise\u00f1ados por expertos para brindar lo \u00faltimo en forma y funcionalidad.<\/p>","protected":false},"excerpt":{"rendered":"<p>Lo que har\u00e1 el plato de rueda giratoria Fayshing es soportar las ruedas de las cajas de vuelo y detener el movimiento de las ruedas para que las cajas permanezcan donde est\u00e1n.<\/p>","protected":false},"featured_media":2530,"comment_status":"open","ping_status":"closed","template":"","meta":{"_acf_changed":false},"product_brand":[],"product_cat":[146],"product_tag":[],"class_list":{"0":"post-2434","1":"product","2":"type-product","3":"status-publish","4":"has-post-thumbnail","6":"product_cat-dish","7":"description-off","9":"first","10":"instock","11":"shipping-taxable","12":"purchasable","13":"product-type-simple"},"acf":[],"_links":{"self":[{"href":"https:\/\/fayshing.com\/es-es\/wp-json\/wp\/v2\/product\/2434","targetHints":{"allow":["GET"]}}],"collection":[{"href":"https:\/\/fayshing.com\/es-es\/wp-json\/wp\/v2\/product"}],"about":[{"href":"https:\/\/fayshing.com\/es-es\/wp-json\/wp\/v2\/types\/product"}],"replies":[{"embeddable":true,"href":"https:\/\/fayshing.com\/es-es\/wp-json\/wp\/v2\/comments?post=2434"}],"wp:featuredmedia":[{"embeddable":true,"href":"https:\/\/fayshing.com\/es-es\/wp-json\/wp\/v2\/media\/2530"}],"wp:attachment":[{"href":"https:\/\/fayshing.com\/es-es\/wp-json\/wp\/v2\/media?parent=2434"}],"wp:term":[{"taxonomy":"product_brand","embeddable":true,"href":"https:\/\/fayshing.com\/es-es\/wp-json\/wp\/v2\/product_brand?post=2434"},{"taxonomy":"product_cat","embeddable":true,"href":"https:\/\/fayshing.com\/es-es\/wp-json\/wp\/v2\/product_cat?post=2434"},{"taxonomy":"product_tag","embeddable":true,"href":"https:\/\/fayshing.com\/es-es\/wp-json\/wp\/v2\/product_tag?post=2434"}],"curies":[{"name":"wp","href":"https:\/\/api.w.org\/{rel}","templated":true}]}}