{"id":2432,"date":"2022-05-05T14:05:43","date_gmt":"2022-05-05T06:05:43","guid":{"rendered":"https:\/\/fayshing.com\/?post_type=product&#038;p=2432"},"modified":"2025-08-08T09:44:02","modified_gmt":"2025-08-08T01:44:02","slug":"fayshing-medium-dish-for-5-inch-casters-fs-7002","status":"publish","type":"product","link":"https:\/\/fayshing.com\/es-es\/product\/fayshing-medium-dish-for-5-inch-casters-fs-7002\/","title":{"rendered":"Plato mediano Fayshing para ruedas de 5 pulgadas FS-7002"},"content":{"rendered":"<p>Material y tama\u00f1o: Los platos de la rueda compuesta de alambre de hierro \/ placa fr\u00eda, el tama\u00f1o es 155 * 115 * 43 mm en forma externa, 5 pulgadas de profundidad en el interior encaja la mayor\u00eda de las ruedas.<\/p>\n<p>Los platos de ruedas mentales tienen superficie de pulido en contacto con el suelo para que el suelo no se raye ni se da\u00f1e, independientemente de que sea de madera o baldosa, y la sujeci\u00f3n al suelo ser\u00e1 excelente.<\/p>","protected":false},"excerpt":{"rendered":"<p>Lo que har\u00e1 el plato de rueda giratoria Fayshing es soportar las ruedas de las cajas de vuelo y detener el movimiento de las ruedas para que las cajas permanezcan donde est\u00e1n.<\/p>","protected":false},"featured_media":2534,"comment_status":"open","ping_status":"closed","template":"","meta":{"_acf_changed":false},"product_brand":[],"product_cat":[146],"product_tag":[],"class_list":{"0":"post-2432","1":"product","2":"type-product","3":"status-publish","4":"has-post-thumbnail","6":"product_cat-dish","7":"description-off","9":"first","10":"instock","11":"shipping-taxable","12":"purchasable","13":"product-type-simple"},"acf":[],"_links":{"self":[{"href":"https:\/\/fayshing.com\/es-es\/wp-json\/wp\/v2\/product\/2432","targetHints":{"allow":["GET"]}}],"collection":[{"href":"https:\/\/fayshing.com\/es-es\/wp-json\/wp\/v2\/product"}],"about":[{"href":"https:\/\/fayshing.com\/es-es\/wp-json\/wp\/v2\/types\/product"}],"replies":[{"embeddable":true,"href":"https:\/\/fayshing.com\/es-es\/wp-json\/wp\/v2\/comments?post=2432"}],"wp:featuredmedia":[{"embeddable":true,"href":"https:\/\/fayshing.com\/es-es\/wp-json\/wp\/v2\/media\/2534"}],"wp:attachment":[{"href":"https:\/\/fayshing.com\/es-es\/wp-json\/wp\/v2\/media?parent=2432"}],"wp:term":[{"taxonomy":"product_brand","embeddable":true,"href":"https:\/\/fayshing.com\/es-es\/wp-json\/wp\/v2\/product_brand?post=2432"},{"taxonomy":"product_cat","embeddable":true,"href":"https:\/\/fayshing.com\/es-es\/wp-json\/wp\/v2\/product_cat?post=2432"},{"taxonomy":"product_tag","embeddable":true,"href":"https:\/\/fayshing.com\/es-es\/wp-json\/wp\/v2\/product_tag?post=2432"}],"curies":[{"name":"wp","href":"https:\/\/api.w.org\/{rel}","templated":true}]}}