{"id":2411,"date":"2022-05-05T10:46:41","date_gmt":"2022-05-05T02:46:41","guid":{"rendered":"https:\/\/fayshing.com\/?post_type=product&#038;p=2411"},"modified":"2025-08-08T09:43:49","modified_gmt":"2025-08-08T01:43:49","slug":"fayshing-small-dish-for-3-inch-casters-fs-7001","status":"publish","type":"product","link":"https:\/\/fayshing.com\/es-es\/product\/fayshing-small-dish-for-3-inch-casters-fs-7001\/","title":{"rendered":"Plato peque\u00f1o Fayshing para ruedas de 4 pulgadas FS-7001"},"content":{"rendered":"<p>Material y tama\u00f1o: Los platos de ruedas est\u00e1n hechos de chapa fr\u00eda \/ alambre de hierro, el tama\u00f1o es de 153 * 110 * 35 mm en forma externa, 4 pulgadas de profundidad en el interior se ajustan a la mayor\u00eda de las ruedas.<\/p>\n<p>Los platos de ruedas mentales tienen superficie de pulido en contacto con el suelo para que el suelo no se raye ni se da\u00f1e, independientemente de que sea de madera o baldosa, y la sujeci\u00f3n al suelo ser\u00e1 excelente.<\/p>","protected":false},"excerpt":{"rendered":"<p>Lo que har\u00e1 el plato de rueda giratoria Fayshing es soportar las ruedas de las cajas de vuelo y detener el movimiento de las ruedas para que las cajas permanezcan donde est\u00e1n.<\/p>","protected":false},"featured_media":2536,"comment_status":"open","ping_status":"closed","template":"","meta":{"_acf_changed":false},"product_brand":[],"product_cat":[146],"product_tag":[],"class_list":{"0":"post-2411","1":"product","2":"type-product","3":"status-publish","4":"has-post-thumbnail","6":"product_cat-dish","7":"description-off","9":"first","10":"instock","11":"shipping-taxable","12":"purchasable","13":"product-type-simple"},"acf":[],"_links":{"self":[{"href":"https:\/\/fayshing.com\/es-es\/wp-json\/wp\/v2\/product\/2411","targetHints":{"allow":["GET"]}}],"collection":[{"href":"https:\/\/fayshing.com\/es-es\/wp-json\/wp\/v2\/product"}],"about":[{"href":"https:\/\/fayshing.com\/es-es\/wp-json\/wp\/v2\/types\/product"}],"replies":[{"embeddable":true,"href":"https:\/\/fayshing.com\/es-es\/wp-json\/wp\/v2\/comments?post=2411"}],"wp:featuredmedia":[{"embeddable":true,"href":"https:\/\/fayshing.com\/es-es\/wp-json\/wp\/v2\/media\/2536"}],"wp:attachment":[{"href":"https:\/\/fayshing.com\/es-es\/wp-json\/wp\/v2\/media?parent=2411"}],"wp:term":[{"taxonomy":"product_brand","embeddable":true,"href":"https:\/\/fayshing.com\/es-es\/wp-json\/wp\/v2\/product_brand?post=2411"},{"taxonomy":"product_cat","embeddable":true,"href":"https:\/\/fayshing.com\/es-es\/wp-json\/wp\/v2\/product_cat?post=2411"},{"taxonomy":"product_tag","embeddable":true,"href":"https:\/\/fayshing.com\/es-es\/wp-json\/wp\/v2\/product_tag?post=2411"}],"curies":[{"name":"wp","href":"https:\/\/api.w.org\/{rel}","templated":true}]}}