{"id":2327,"date":"2022-05-04T15:23:21","date_gmt":"2022-05-04T07:23:21","guid":{"rendered":"https:\/\/fayshing.com\/index.php\/product\/fayshing-brace-with-4-holes-3224-5mm\/"},"modified":"2025-01-10T16:04:32","modified_gmt":"2025-01-10T08:04:32","slug":"fayshing-brace-with-4-holes-3224-5mm","status":"publish","type":"product","link":"https:\/\/fayshing.com\/es-es\/product\/fayshing-brace-with-4-holes-3224-5mm\/","title":{"rendered":"Faja con 4 orificios, 32\u00d724,5 mm FS6026"},"content":{"rendered":"<p><strong><b>T\u00e9cnica de chapado profesional<\/b><\/strong><strong><b>: <\/b><\/strong>17 a\u00f1os de experiencia en chapado hacen que nuestros productos sean duraderos, inoxidables y anticorrosivos.<\/p>\n<p><strong><b>Corto plazo de entrega\uff1a <\/b><\/strong>tenemos m\u00e1s de 200 empleados para fabricar productos con rapidez<\/p>\n<p><strong><b>OEM: <\/b><\/strong>Personalizado, podr\u00edamos dise\u00f1ar para usted de acuerdo a sus dibujos y muestras<\/p>\n<p><strong><b>Embalaje: <\/b><\/strong>Empaquetado con papel blanco suave; Col\u00f3quelo en una caja peque\u00f1a o cart\u00f3n y, a continuaci\u00f3n, p\u00f3ngalo en una caja de cart\u00f3n principal.<\/p>\n<p><strong><b>Nota<\/b><\/strong>\u00a0:<\/p>\n<p>Debido a la medici\u00f3n manual, permita una desviaci\u00f3n de 1 - 3 mm.<\/p>\n<p>Por favor, p\u00f3ngase en contacto con nosotros para comprobar el tama\u00f1o de nuestros productos cuidadosamente y leer las descripciones de tama\u00f1o del producto antes de comprar para evitar una posible experiencia de compra desagradable.<\/p>","protected":false},"excerpt":{"rendered":"<ul>\n<li>Abrazadera de 4 agujeros;<\/li>\n<li>Tama\u00f1o: 32 \u00d7 24,5 mm;<\/li>\n<li>Material: Acero;<\/li>\n<li>Acabado: Cromo \/ Negro \/ Oro<\/li>\n<\/ul>","protected":false},"featured_media":2579,"comment_status":"open","ping_status":"closed","template":"","meta":{"_acf_changed":false},"product_brand":[],"product_cat":[113],"product_tag":[],"class_list":{"0":"post-2327","1":"product","2":"type-product","3":"status-publish","4":"has-post-thumbnail","6":"product_cat-braces","7":"description-off","9":"first","10":"instock","11":"shipping-taxable","12":"product-type-simple"},"acf":[],"_links":{"self":[{"href":"https:\/\/fayshing.com\/es-es\/wp-json\/wp\/v2\/product\/2327","targetHints":{"allow":["GET"]}}],"collection":[{"href":"https:\/\/fayshing.com\/es-es\/wp-json\/wp\/v2\/product"}],"about":[{"href":"https:\/\/fayshing.com\/es-es\/wp-json\/wp\/v2\/types\/product"}],"replies":[{"embeddable":true,"href":"https:\/\/fayshing.com\/es-es\/wp-json\/wp\/v2\/comments?post=2327"}],"wp:featuredmedia":[{"embeddable":true,"href":"https:\/\/fayshing.com\/es-es\/wp-json\/wp\/v2\/media\/2579"}],"wp:attachment":[{"href":"https:\/\/fayshing.com\/es-es\/wp-json\/wp\/v2\/media?parent=2327"}],"wp:term":[{"taxonomy":"product_brand","embeddable":true,"href":"https:\/\/fayshing.com\/es-es\/wp-json\/wp\/v2\/product_brand?post=2327"},{"taxonomy":"product_cat","embeddable":true,"href":"https:\/\/fayshing.com\/es-es\/wp-json\/wp\/v2\/product_cat?post=2327"},{"taxonomy":"product_tag","embeddable":true,"href":"https:\/\/fayshing.com\/es-es\/wp-json\/wp\/v2\/product_tag?post=2327"}],"curies":[{"name":"wp","href":"https:\/\/api.w.org\/{rel}","templated":true}]}}