{"id":2317,"date":"2022-05-03T17:40:22","date_gmt":"2022-05-03T09:40:22","guid":{"rendered":"https:\/\/fayshing.com\/index.php\/product\/fayshing-small-3-legs-flat-corner\/"},"modified":"2025-06-26T10:32:50","modified_gmt":"2025-06-26T02:32:50","slug":"fayshing-small-3-legs-flat-corner","status":"publish","type":"product","link":"https:\/\/fayshing.com\/es-es\/product\/fayshing-small-3-legs-flat-corner\/","title":{"rendered":"Fayshing peque\u00f1o 3 patas esquina plana FS3117"},"content":{"rendered":"<p><strong><b>T\u00e9cnica de chapado profesional: <\/b><\/strong>17 a\u00f1os de experiencia en chapado hacen que nuestros productos sean duraderos, inoxidables y anticorrosivos.<\/p>\n<p><strong><b>Corto plazo de entrega\uff1a <\/b><\/strong>tenemos m\u00e1s de 200 empleados para fabricar productos con rapidez<\/p>\n<p><strong><b>OEM: <\/b><\/strong>Personalizado, podr\u00edamos dise\u00f1ar para usted de acuerdo a sus dibujos y muestras<\/p>\n<p><strong><b>Embalaje: <\/b><\/strong>Empaquetado con papel blanco suave; Col\u00f3quelo en una caja peque\u00f1a o cart\u00f3n y, a continuaci\u00f3n, p\u00f3ngalo en una caja de cart\u00f3n principal.<\/p>\n<p><strong><b>Nota<\/b><\/strong>\u00a0:<\/p>\n<p>Debido a la medici\u00f3n manual, permita una desviaci\u00f3n de 1 - 3 mm.<\/p>\n<p>Por favor, p\u00f3ngase en contacto con nosotros para comprobar el tama\u00f1o de nuestros productos cuidadosamente y leer las descripciones de tama\u00f1o del producto antes de comprar para evitar una posible experiencia de compra desagradable.<\/p>","protected":false},"excerpt":{"rendered":"<ul>\n<li>Esquina plana peque\u00f1a de 3 patas FS3117<\/li>\n<li>Acero<\/li>\n<li>Cromo<\/li>\n<li>Peque\u00f1o<\/li>\n<li>Esquina plana<\/li>\n<\/ul>","protected":false},"featured_media":2643,"comment_status":"open","ping_status":"closed","template":"","meta":{"_acf_changed":false},"product_brand":[],"product_cat":[127],"product_tag":[],"class_list":{"0":"post-2317","1":"product","2":"type-product","3":"status-publish","4":"has-post-thumbnail","6":"product_cat-flat-corners","7":"pa_material-steel","8":"pa_surface-treatment-black","9":"pa_surface-treatment-chrome","10":"description-off","12":"first","13":"instock","14":"shipping-taxable","15":"product-type-simple"},"acf":[],"_links":{"self":[{"href":"https:\/\/fayshing.com\/es-es\/wp-json\/wp\/v2\/product\/2317","targetHints":{"allow":["GET"]}}],"collection":[{"href":"https:\/\/fayshing.com\/es-es\/wp-json\/wp\/v2\/product"}],"about":[{"href":"https:\/\/fayshing.com\/es-es\/wp-json\/wp\/v2\/types\/product"}],"replies":[{"embeddable":true,"href":"https:\/\/fayshing.com\/es-es\/wp-json\/wp\/v2\/comments?post=2317"}],"wp:featuredmedia":[{"embeddable":true,"href":"https:\/\/fayshing.com\/es-es\/wp-json\/wp\/v2\/media\/2643"}],"wp:attachment":[{"href":"https:\/\/fayshing.com\/es-es\/wp-json\/wp\/v2\/media?parent=2317"}],"wp:term":[{"taxonomy":"product_brand","embeddable":true,"href":"https:\/\/fayshing.com\/es-es\/wp-json\/wp\/v2\/product_brand?post=2317"},{"taxonomy":"product_cat","embeddable":true,"href":"https:\/\/fayshing.com\/es-es\/wp-json\/wp\/v2\/product_cat?post=2317"},{"taxonomy":"product_tag","embeddable":true,"href":"https:\/\/fayshing.com\/es-es\/wp-json\/wp\/v2\/product_tag?post=2317"}],"curies":[{"name":"wp","href":"https:\/\/api.w.org\/{rel}","templated":true}]}}