{"id":2240,"date":"2022-05-03T10:17:43","date_gmt":"2022-05-03T02:17:43","guid":{"rendered":"https:\/\/fayshing.com\/?post_type=product&#038;p=2240"},"modified":"2025-01-14T11:07:50","modified_gmt":"2025-01-14T03:07:50","slug":"fayshing-large-3-legs-flat-corner-with-6-holes","status":"publish","type":"product","link":"https:\/\/fayshing.com\/es-es\/product\/fayshing-large-3-legs-flat-corner-with-6-holes\/","title":{"rendered":"Esquina plana Fayshing grande de 3 patas con 6 agujeros"},"content":{"rendered":"<p><strong>Esquina plana Fayshing grande de 3 patas con 6 agujeros<\/strong><\/p>\n<p><strong>Amplia aplicaci\u00f3n<\/strong>: Ampliamente utilizado en varias clases de la caja de herramientas, de casos militares, de casos de madera, del etc.<\/p>\n<p>Las esquinas planas est\u00e1n hechas de chapa fr\u00eda, no es f\u00e1cil que se oxiden despu\u00e9s de estar expuestas a la lluvia<\/p>\n<p>alta dureza, no son f\u00e1ciles de deformar y anticorrosi\u00f3n<\/p>\n<p><strong>Nota<\/strong> :<\/p>\n<p>Debido a la medici\u00f3n manual, permita una desviaci\u00f3n de 1 a 2 mm.<\/p>\n<p>Por favor, p\u00f3ngase en contacto con nosotros para comprobar el tama\u00f1o de nuestros productos cuidadosamente y leer las descripciones de tama\u00f1o del producto antes de comprar para evitar una posible experiencia de compra desagradable.<\/p>","protected":false},"excerpt":{"rendered":"<p>La esquina plana grande de 3 patas Fayshing con 6 orificios es ideal para su instalaci\u00f3n en maletas grandes, como maletas de carretera y maletas de transporte de cables.<\/p>","protected":false},"featured_media":2241,"comment_status":"open","ping_status":"closed","template":"","meta":{"_acf_changed":false},"product_brand":[],"product_cat":[127],"product_tag":[],"class_list":{"0":"post-2240","1":"product","2":"type-product","3":"status-publish","4":"has-post-thumbnail","6":"product_cat-flat-corners","7":"description-off","9":"first","10":"instock","11":"shipping-taxable","12":"product-type-simple"},"acf":[],"_links":{"self":[{"href":"https:\/\/fayshing.com\/es-es\/wp-json\/wp\/v2\/product\/2240","targetHints":{"allow":["GET"]}}],"collection":[{"href":"https:\/\/fayshing.com\/es-es\/wp-json\/wp\/v2\/product"}],"about":[{"href":"https:\/\/fayshing.com\/es-es\/wp-json\/wp\/v2\/types\/product"}],"replies":[{"embeddable":true,"href":"https:\/\/fayshing.com\/es-es\/wp-json\/wp\/v2\/comments?post=2240"}],"wp:featuredmedia":[{"embeddable":true,"href":"https:\/\/fayshing.com\/es-es\/wp-json\/wp\/v2\/media\/2241"}],"wp:attachment":[{"href":"https:\/\/fayshing.com\/es-es\/wp-json\/wp\/v2\/media?parent=2240"}],"wp:term":[{"taxonomy":"product_brand","embeddable":true,"href":"https:\/\/fayshing.com\/es-es\/wp-json\/wp\/v2\/product_brand?post=2240"},{"taxonomy":"product_cat","embeddable":true,"href":"https:\/\/fayshing.com\/es-es\/wp-json\/wp\/v2\/product_cat?post=2240"},{"taxonomy":"product_tag","embeddable":true,"href":"https:\/\/fayshing.com\/es-es\/wp-json\/wp\/v2\/product_tag?post=2240"}],"curies":[{"name":"wp","href":"https:\/\/api.w.org\/{rel}","templated":true}]}}