{"id":2199,"date":"2022-04-22T15:32:34","date_gmt":"2022-04-22T07:32:34","guid":{"rendered":"http:\/\/fayshing.com\/index.php\/product\/fayshing-metal-case-hardware-black-handle-with-rubber-grip-fs-2034\/"},"modified":"2025-06-13T14:44:02","modified_gmt":"2025-06-13T06:44:02","slug":"fayshing-metal-case-hardware-black-handle-with-rubber-grip-fs-2034","status":"publish","type":"product","link":"https:\/\/fayshing.com\/es-es\/product\/fayshing-metal-case-hardware-black-handle-with-rubber-grip-fs-2034\/","title":{"rendered":"Asa giratoria para malet\u00edn de 129 mm con herrajes cromados FS2034"},"content":{"rendered":"<p><strong>Fayshing Herrajes de Caja Met\u00e1lica Manija Negra con Empu\u00f1adura de Goma FS-2034<\/strong><\/p>\n<p>Amplia aplicaci\u00f3n: Ampliamente utilizado en varios tipos de cajas met\u00e1licas, cajas de carretera y cajas de aluminio, etc.<\/p>\n<hr \/>\n<p><strong>Descripci\u00f3n :<\/strong><\/p>\n<ul>\n<li>Las asas son de pl\u00e1stico y chapa fr\u00eda, con gran resistencia a la corrosi\u00f3n, duraderas, impermeables y ligeras.<\/li>\n<li>Estas asas son perfectas para sus maletas met\u00e1licas, maletas de carretera y maletas de aluminio. Disfrute de la diversi\u00f3n con DIY para actualizar sus casos parecen nuevos y modernos.<\/li>\n<\/ul>\n<hr \/>\n<p><strong>Nota :<\/strong><\/p>\n<ul>\n<li>Debido a la medici\u00f3n manual, permita una desviaci\u00f3n de 1 - 3 mm.<\/li>\n<li>Por favor, cont\u00e1ctenos para verificar cuidadosamente el tama\u00f1o de nuestro producto y lea las descripciones del tama\u00f1o del producto antes de comprar para evitar una posible experiencia de compra desagradable.<\/li>\n<\/ul>","protected":false},"excerpt":{"rendered":"<ul>\n<li>Asa giratoria para malet\u00edn con herrajes cromados<\/li>\n<li>FS2034<\/li>\n<li>128 \u00d7 70 mm<\/li>\n<li>Pl\u00e1stico, aleaci\u00f3n<\/li>\n<li>Negro + Cromo<\/li>\n<\/ul>","protected":false},"featured_media":3060,"comment_status":"open","ping_status":"closed","template":"","meta":{"_acf_changed":false},"product_brand":[],"product_cat":[108,123],"product_tag":[],"class_list":{"0":"post-2199","1":"product","2":"type-product","3":"status-publish","4":"has-post-thumbnail","6":"product_cat-handles","7":"product_cat-briefcase-handles","8":"pa_material-plastic","9":"pa_material-zinc-alloy","10":"pa_surface-treatment-black","11":"pa_surface-treatment-chrome","12":"description-off","14":"first","15":"instock","16":"shipping-taxable","17":"product-type-simple"},"acf":[],"_links":{"self":[{"href":"https:\/\/fayshing.com\/es-es\/wp-json\/wp\/v2\/product\/2199","targetHints":{"allow":["GET"]}}],"collection":[{"href":"https:\/\/fayshing.com\/es-es\/wp-json\/wp\/v2\/product"}],"about":[{"href":"https:\/\/fayshing.com\/es-es\/wp-json\/wp\/v2\/types\/product"}],"replies":[{"embeddable":true,"href":"https:\/\/fayshing.com\/es-es\/wp-json\/wp\/v2\/comments?post=2199"}],"wp:featuredmedia":[{"embeddable":true,"href":"https:\/\/fayshing.com\/es-es\/wp-json\/wp\/v2\/media\/3060"}],"wp:attachment":[{"href":"https:\/\/fayshing.com\/es-es\/wp-json\/wp\/v2\/media?parent=2199"}],"wp:term":[{"taxonomy":"product_brand","embeddable":true,"href":"https:\/\/fayshing.com\/es-es\/wp-json\/wp\/v2\/product_brand?post=2199"},{"taxonomy":"product_cat","embeddable":true,"href":"https:\/\/fayshing.com\/es-es\/wp-json\/wp\/v2\/product_cat?post=2199"},{"taxonomy":"product_tag","embeddable":true,"href":"https:\/\/fayshing.com\/es-es\/wp-json\/wp\/v2\/product_tag?post=2199"}],"curies":[{"name":"wp","href":"https:\/\/api.w.org\/{rel}","templated":true}]}}