{"id":2198,"date":"2022-04-22T15:32:33","date_gmt":"2022-04-22T07:32:33","guid":{"rendered":"http:\/\/fayshing.com\/index.php\/product\/fayshing-high-quality-110mm-black-plastic-handle-for-luggage-case-fs-2033\/"},"modified":"2025-06-13T15:39:10","modified_gmt":"2025-06-13T07:39:10","slug":"fayshing-high-quality-110mm-black-plastic-handle-for-luggage-case-fs-2033","status":"publish","type":"product","link":"https:\/\/fayshing.com\/es-es\/product\/fayshing-high-quality-110mm-black-plastic-handle-for-luggage-case-fs-2033\/","title":{"rendered":"Malet\u00edn con asa giratoria y herrajes negros FS2033"},"content":{"rendered":"<p><strong>Fayshing Alta Calidad 110mm Asa De Pl\u00e1stico Negro Para Maletas FS-2033<\/strong><\/p>\n<p>Amplia aplicaci\u00f3n: Ampliamente utilizado en varios tipos de cajas met\u00e1licas, cajas de carretera y cajas de aluminio, etc.<\/p>\n<hr \/>\n<p><strong>Descripci\u00f3n :<\/strong><\/p>\n<ul>\n<li>Las asas son de pl\u00e1stico y chapa fr\u00eda, con gran resistencia a la corrosi\u00f3n, duraderas, impermeables y ligeras.<\/li>\n<li>Estas asas son perfectas para sus maletines met\u00e1licos, maletines de carretera y maletines de aluminio.Disfrute de la diversi\u00f3n con el bricolaje para actualizar sus maletines con un aspecto nuevo y moderno.<\/li>\n<\/ul>\n<hr \/>\n<p><strong>Nota :<\/strong><\/p>\n<ul>\n<li>Debido a la medici\u00f3n manual, permita una desviaci\u00f3n de 1 - 3 mm.<\/li>\n<li>Por favor, cont\u00e1ctenos para verificar cuidadosamente el tama\u00f1o de nuestro producto y lea las descripciones del tama\u00f1o del producto antes de comprar para evitar una posible experiencia de compra desagradable.<\/li>\n<\/ul>","protected":false},"excerpt":{"rendered":"<ul>\n<li>Asa giratoria de malet\u00edn con herrajes de pl\u00e1stico negro<\/li>\n<li>FS2033<\/li>\n<li>Accesorios de pl\u00e1stico negro<\/li>\n<li>133 \u00d7 63 mm<\/li>\n<li>Negro<\/li>\n<\/ul>","protected":false},"featured_media":6319,"comment_status":"open","ping_status":"closed","template":"","meta":{"_acf_changed":false},"product_brand":[],"product_cat":[108,123],"product_tag":[],"class_list":{"0":"post-2198","1":"product","2":"type-product","3":"status-publish","4":"has-post-thumbnail","6":"product_cat-handles","7":"product_cat-briefcase-handles","8":"description-off","10":"first","11":"instock","12":"shipping-taxable","13":"product-type-simple"},"acf":[],"_links":{"self":[{"href":"https:\/\/fayshing.com\/es-es\/wp-json\/wp\/v2\/product\/2198","targetHints":{"allow":["GET"]}}],"collection":[{"href":"https:\/\/fayshing.com\/es-es\/wp-json\/wp\/v2\/product"}],"about":[{"href":"https:\/\/fayshing.com\/es-es\/wp-json\/wp\/v2\/types\/product"}],"replies":[{"embeddable":true,"href":"https:\/\/fayshing.com\/es-es\/wp-json\/wp\/v2\/comments?post=2198"}],"wp:featuredmedia":[{"embeddable":true,"href":"https:\/\/fayshing.com\/es-es\/wp-json\/wp\/v2\/media\/6319"}],"wp:attachment":[{"href":"https:\/\/fayshing.com\/es-es\/wp-json\/wp\/v2\/media?parent=2198"}],"wp:term":[{"taxonomy":"product_brand","embeddable":true,"href":"https:\/\/fayshing.com\/es-es\/wp-json\/wp\/v2\/product_brand?post=2198"},{"taxonomy":"product_cat","embeddable":true,"href":"https:\/\/fayshing.com\/es-es\/wp-json\/wp\/v2\/product_cat?post=2198"},{"taxonomy":"product_tag","embeddable":true,"href":"https:\/\/fayshing.com\/es-es\/wp-json\/wp\/v2\/product_tag?post=2198"}],"curies":[{"name":"wp","href":"https:\/\/api.w.org\/{rel}","templated":true}]}}