{"id":2197,"date":"2022-04-22T15:32:33","date_gmt":"2022-04-22T07:32:33","guid":{"rendered":"http:\/\/fayshing.com\/index.php\/product\/fayshing-spring-loaded-recessed-handle-with-rubber-grip-fs-2032\/"},"modified":"2025-06-13T15:46:08","modified_gmt":"2025-06-13T07:46:08","slug":"fayshing-spring-loaded-recessed-handle-with-rubber-grip-fs-2032","status":"publish","type":"product","link":"https:\/\/fayshing.com\/es-es\/product\/fayshing-spring-loaded-recessed-handle-with-rubber-grip-fs-2032\/","title":{"rendered":"Asa giratoria para malet\u00edn 142 x 70 mm con herrajes cromados FS2032"},"content":{"rendered":"<p><strong>Fayshing Malet\u00edn Asa 142 x 70mm FS-2032<\/strong><\/p>\n<p>Amplia aplicaci\u00f3n: Ampliamente utilizado en varios tipos de cajas met\u00e1licas, cajas de carretera y cajas de aluminio, etc.<\/p>\n<hr \/>\n<p><strong>Descripci\u00f3n :<\/strong><\/p>\n<ul>\n<li>Las asas son de pl\u00e1stico y chapa fr\u00eda, con gran resistencia a la corrosi\u00f3n, duraderas, impermeables y ligeras.<\/li>\n<li>Estas asas son perfectas para sus maletines met\u00e1licos, maletines de carretera y maletines de aluminio.Disfrute de la diversi\u00f3n con el bricolaje para actualizar sus maletines con un aspecto nuevo y moderno.<\/li>\n<\/ul>\n<hr \/>\n<p><strong>Nota :<\/strong><\/p>\n<ul>\n<li>Debido a la medici\u00f3n manual, permita una desviaci\u00f3n de 1 - 3 mm.<\/li>\n<li>Por favor, p\u00f3ngase en contacto con nosotros, compruebe cuidadosamente el tama\u00f1o de nuestro producto y lea las descripciones del tama\u00f1o del producto antes de comprarlo para evitar una posible experiencia de compra desagradable.<\/li>\n<\/ul>","protected":false},"excerpt":{"rendered":"<ul>\n<li>Asa giratoria para malet\u00edn con herrajes cromados<\/li>\n<li>FS2032<\/li>\n<li>142 x 70 mm<\/li>\n<li>Pl\u00e1stico, aleaci\u00f3n<\/li>\n<li>Negro + Cromo<\/li>\n<\/ul>","protected":false},"featured_media":3079,"comment_status":"closed","ping_status":"closed","template":"","meta":{"_acf_changed":false},"product_brand":[],"product_cat":[108,123],"product_tag":[],"class_list":{"0":"post-2197","1":"product","2":"type-product","3":"status-publish","4":"has-post-thumbnail","6":"product_cat-handles","7":"product_cat-briefcase-handles","8":"pa_material-plastic","9":"pa_material-zinc-alloy","10":"pa_surface-treatment-black","11":"pa_surface-treatment-chrome","12":"description-off","14":"first","15":"instock","16":"shipping-taxable","17":"product-type-simple"},"acf":[],"_links":{"self":[{"href":"https:\/\/fayshing.com\/es-es\/wp-json\/wp\/v2\/product\/2197","targetHints":{"allow":["GET"]}}],"collection":[{"href":"https:\/\/fayshing.com\/es-es\/wp-json\/wp\/v2\/product"}],"about":[{"href":"https:\/\/fayshing.com\/es-es\/wp-json\/wp\/v2\/types\/product"}],"replies":[{"embeddable":true,"href":"https:\/\/fayshing.com\/es-es\/wp-json\/wp\/v2\/comments?post=2197"}],"wp:featuredmedia":[{"embeddable":true,"href":"https:\/\/fayshing.com\/es-es\/wp-json\/wp\/v2\/media\/3079"}],"wp:attachment":[{"href":"https:\/\/fayshing.com\/es-es\/wp-json\/wp\/v2\/media?parent=2197"}],"wp:term":[{"taxonomy":"product_brand","embeddable":true,"href":"https:\/\/fayshing.com\/es-es\/wp-json\/wp\/v2\/product_brand?post=2197"},{"taxonomy":"product_cat","embeddable":true,"href":"https:\/\/fayshing.com\/es-es\/wp-json\/wp\/v2\/product_cat?post=2197"},{"taxonomy":"product_tag","embeddable":true,"href":"https:\/\/fayshing.com\/es-es\/wp-json\/wp\/v2\/product_tag?post=2197"}],"curies":[{"name":"wp","href":"https:\/\/api.w.org\/{rel}","templated":true}]}}