{"id":2195,"date":"2022-04-22T15:32:33","date_gmt":"2022-04-22T07:32:33","guid":{"rendered":"http:\/\/fayshing.com\/index.php\/product\/fayshing-plastic-luggage-handle-replacement-parts-for-suitcase-fs-2030\/"},"modified":"2025-06-13T15:00:49","modified_gmt":"2025-06-13T07:00:49","slug":"fayshing-plastic-luggage-handle-replacement-parts-for-suitcase-fs-2030","status":"publish","type":"product","link":"https:\/\/fayshing.com\/es-es\/product\/fayshing-plastic-luggage-handle-replacement-parts-for-suitcase-fs-2030\/","title":{"rendered":"Asa giratoria para malet\u00edn de 141 mm con herrajes cromados FS-2030"},"content":{"rendered":"<ul>\n<li>Asa giratoria para malet\u00edn con herrajes cromados<\/li>\n<li>FS2030<\/li>\n<li>141 \u00d7 72 mm<\/li>\n<li>Pl\u00e1stico, aleaci\u00f3n<\/li>\n<li>Negro + Cromo<\/li>\n<\/ul>\n<p>Amplia aplicaci\u00f3n: Ampliamente utilizado en varios tipos de cajas met\u00e1licas, cajas de carretera y cajas de aluminio, etc.<\/p>\n<hr \/>\n<p><strong>Descripci\u00f3n :<\/strong><\/p>\n<ul>\n<li>Los mangos est\u00e1n hechos de pl\u00e1stico y aleaci\u00f3n de zinc, fuerte resistencia a la corrosi\u00f3n, duraderos, impermeables y livianos.<\/li>\n<li>Estas asas son perfectas para sus maletines met\u00e1licos, maletines de carretera y maletines de aluminio.Disfrute de la diversi\u00f3n con el bricolaje para actualizar sus maletines con un aspecto nuevo y moderno.<\/li>\n<\/ul>\n<hr \/>\n<p><strong>Nota :<\/strong><\/p>\n<ul>\n<li>Debido a la medici\u00f3n manual, permita una desviaci\u00f3n de 1 - 3 mm.<\/li>\n<li>Por favor, cont\u00e1ctenos para verificar cuidadosamente el tama\u00f1o de nuestro producto y lea las descripciones del tama\u00f1o del producto antes de comprar para evitar una posible experiencia de compra desagradable.<\/li>\n<\/ul>","protected":false},"excerpt":{"rendered":"<div class=\"elementor-element elementor-element-2937566 elementor-widget elementor-widget-woocommerce-product-short-description\" data-id=\"2937566\" data-element_type=\"widget\" data-widget_type=\"woocommerce-product-short-description.default\">\n<div class=\"elementor-widget-container\">\n<div class=\"woocommerce-product-details__short-description\">\n<ul>\n<li>Asa giratoria para malet\u00edn con herrajes cromados<\/li>\n<li>FS2030<\/li>\n<li>141 \u00d7 72 mm<\/li>\n<li>Pl\u00e1stico, aleaci\u00f3n<\/li>\n<li>Negro + Cromo<\/li>\n<\/ul>\n<\/div>\n<\/div>\n<\/div>\n<div class=\"elementor-element elementor-element-dca5b3e elementor-widget-divider--view-line elementor-widget elementor-widget-divider\" data-id=\"dca5b3e\" data-element_type=\"widget\" data-widget_type=\"divider.default\">\n<div class=\"elementor-widget-container\">\n<div class=\"elementor-divider\"><\/div>\n<\/div>\n<\/div>","protected":false},"featured_media":2204,"comment_status":"open","ping_status":"closed","template":"","meta":{"_acf_changed":false},"product_brand":[],"product_cat":[108,123],"product_tag":[],"class_list":{"0":"post-2195","1":"product","2":"type-product","3":"status-publish","4":"has-post-thumbnail","6":"product_cat-handles","7":"product_cat-briefcase-handles","8":"pa_material-plastic","9":"pa_material-zinc-alloy","10":"pa_surface-treatment-black","11":"pa_surface-treatment-chrome","12":"description-off","14":"first","15":"instock","16":"shipping-taxable","17":"product-type-simple"},"acf":[],"_links":{"self":[{"href":"https:\/\/fayshing.com\/es-es\/wp-json\/wp\/v2\/product\/2195","targetHints":{"allow":["GET"]}}],"collection":[{"href":"https:\/\/fayshing.com\/es-es\/wp-json\/wp\/v2\/product"}],"about":[{"href":"https:\/\/fayshing.com\/es-es\/wp-json\/wp\/v2\/types\/product"}],"replies":[{"embeddable":true,"href":"https:\/\/fayshing.com\/es-es\/wp-json\/wp\/v2\/comments?post=2195"}],"wp:featuredmedia":[{"embeddable":true,"href":"https:\/\/fayshing.com\/es-es\/wp-json\/wp\/v2\/media\/2204"}],"wp:attachment":[{"href":"https:\/\/fayshing.com\/es-es\/wp-json\/wp\/v2\/media?parent=2195"}],"wp:term":[{"taxonomy":"product_brand","embeddable":true,"href":"https:\/\/fayshing.com\/es-es\/wp-json\/wp\/v2\/product_brand?post=2195"},{"taxonomy":"product_cat","embeddable":true,"href":"https:\/\/fayshing.com\/es-es\/wp-json\/wp\/v2\/product_cat?post=2195"},{"taxonomy":"product_tag","embeddable":true,"href":"https:\/\/fayshing.com\/es-es\/wp-json\/wp\/v2\/product_tag?post=2195"}],"curies":[{"name":"wp","href":"https:\/\/api.w.org\/{rel}","templated":true}]}}