{"id":2192,"date":"2022-04-22T15:32:33","date_gmt":"2022-04-22T07:32:33","guid":{"rendered":"http:\/\/fayshing.com\/index.php\/product\/fayshing-big-zinc-alloy-bevelled-edge-handle-luggage-case-handle-with-black-grip-fs-2071\/"},"modified":"2025-06-13T16:13:22","modified_gmt":"2025-06-13T08:13:22","slug":"fayshing-big-zinc-alloy-bevelled-edge-handle-luggage-case-handle-with-black-grip-fs-2071","status":"publish","type":"product","link":"https:\/\/fayshing.com\/es-es\/product\/fayshing-big-zinc-alloy-bevelled-edge-handle-luggage-case-handle-with-black-grip-fs-2071\/","title":{"rendered":"Malet\u00edn plateado con asa giratoria y empu\u00f1adura de piel negra FS2073"},"content":{"rendered":"<ul>\n<li>Malet\u00edn plateado con asa giratoria y empu\u00f1adura de piel negra<\/li>\n<li>FS2073<\/li>\n<li>163 \u00d7 58 mm<\/li>\n<li>Cromo + Negro<\/li>\n<\/ul>\n<p>Amplia aplicaci\u00f3n: ampliamente utilizado en varios tipos de estuches de maquillaje, estuches de aluminio y estuches de madera, etc.<\/p>\n<hr \/>\n<p><strong>Descripci\u00f3n :<\/strong><\/p>\n<ul>\n<li>Los mangos est\u00e1n hechos de pl\u00e1stico y aleaci\u00f3n de zinc, fuerte resistencia a la corrosi\u00f3n, duraderos, impermeables y livianos.<\/li>\n<li>Estos mangos son perfectos para sus cajas de maquillaje, cajas de aluminio y cajas de madera. Disfrute de la diversi\u00f3n con el bricolaje para mejorar sus estuches y lucir nuevos y modernos.<\/li>\n<\/ul>\n<hr \/>\n<p><strong>Nota :<\/strong><\/p>\n<ul>\n<li>Debido a la medici\u00f3n manual, permita una desviaci\u00f3n de 1 a 2 mm.<\/li>\n<li>Por favor, cont\u00e1ctenos para verificar cuidadosamente el tama\u00f1o de nuestro producto y lea las descripciones del tama\u00f1o del producto antes de comprar para evitar una posible experiencia de compra desagradable.<\/li>\n<\/ul>","protected":false},"excerpt":{"rendered":"<ul>\n<li>Malet\u00edn plateado con asa giratoria y empu\u00f1adura de piel negra<\/li>\n<li>FS2073<\/li>\n<li>163 \u00d7 58 mm<\/li>\n<li>Cromo + Negro<\/li>\n<\/ul>","protected":false},"featured_media":2208,"comment_status":"open","ping_status":"closed","template":"","meta":{"_acf_changed":false},"product_brand":[],"product_cat":[108,123],"product_tag":[],"class_list":{"0":"post-2192","1":"product","2":"type-product","3":"status-publish","4":"has-post-thumbnail","6":"product_cat-handles","7":"product_cat-briefcase-handles","8":"pa_material-plastic","9":"pa_material-zinc-alloy","10":"pa_surface-treatment-black","11":"pa_surface-treatment-chrome","12":"description-off","14":"first","15":"instock","16":"shipping-taxable","17":"product-type-simple"},"acf":[],"_links":{"self":[{"href":"https:\/\/fayshing.com\/es-es\/wp-json\/wp\/v2\/product\/2192","targetHints":{"allow":["GET"]}}],"collection":[{"href":"https:\/\/fayshing.com\/es-es\/wp-json\/wp\/v2\/product"}],"about":[{"href":"https:\/\/fayshing.com\/es-es\/wp-json\/wp\/v2\/types\/product"}],"replies":[{"embeddable":true,"href":"https:\/\/fayshing.com\/es-es\/wp-json\/wp\/v2\/comments?post=2192"}],"wp:featuredmedia":[{"embeddable":true,"href":"https:\/\/fayshing.com\/es-es\/wp-json\/wp\/v2\/media\/2208"}],"wp:attachment":[{"href":"https:\/\/fayshing.com\/es-es\/wp-json\/wp\/v2\/media?parent=2192"}],"wp:term":[{"taxonomy":"product_brand","embeddable":true,"href":"https:\/\/fayshing.com\/es-es\/wp-json\/wp\/v2\/product_brand?post=2192"},{"taxonomy":"product_cat","embeddable":true,"href":"https:\/\/fayshing.com\/es-es\/wp-json\/wp\/v2\/product_cat?post=2192"},{"taxonomy":"product_tag","embeddable":true,"href":"https:\/\/fayshing.com\/es-es\/wp-json\/wp\/v2\/product_tag?post=2192"}],"curies":[{"name":"wp","href":"https:\/\/api.w.org\/{rel}","templated":true}]}}