{"id":2185,"date":"2022-04-22T15:32:33","date_gmt":"2022-04-22T07:32:33","guid":{"rendered":"http:\/\/fayshing.com\/index.php\/product\/fayshing-hot-sell-large-plastic-handle-fs-2024\/"},"modified":"2025-01-14T11:08:13","modified_gmt":"2025-01-14T03:08:13","slug":"fayshing-hot-sell-large-plastic-handle-fs-2024","status":"publish","type":"product","link":"https:\/\/fayshing.com\/es-es\/product\/fayshing-hot-sell-large-plastic-handle-fs-2024\/","title":{"rendered":"Fayshing Venta caliente mango grande de pl\u00e1stico FS-2024"},"content":{"rendered":"<p><strong>Fayshing venta caliente mango de pl\u00e1stico<\/strong><\/p>\n<p>Amplia aplicaci\u00f3n: ampliamente utilizado en varios tipos de estuches de maquillaje, estuches de aluminio y estuches de madera, etc.<\/p>\n<hr \/>\n<p><strong>Descripci\u00f3n :<\/strong><\/p>\n<ul>\n<li>Los mangos est\u00e1n hechos de pl\u00e1stico, fuerte resistencia a la corrosi\u00f3n, duraderos, impermeables y livianos.<\/li>\n<li>Estas asas son perfectas para tus cajas de maquillaje, cajas de aluminio y cajas de madera. Disfrute de la diversi\u00f3n con el bricolaje para que sus estuches luzcan nuevos y modernos.<\/li>\n<\/ul>\n<hr \/>\n<p><strong>Nota :<\/strong><\/p>\n<ul>\n<li>Debido a la medici\u00f3n manual, permita una desviaci\u00f3n de 1 a 2 mm.<\/li>\n<li>Por favor, cont\u00e1ctenos para verificar cuidadosamente el tama\u00f1o de nuestro producto y lea las descripciones del tama\u00f1o del producto antes de comprar para evitar una posible experiencia de compra desagradable.<\/li>\n<\/ul>","protected":false},"excerpt":{"rendered":"<p>Mango de pl\u00e1stico, ideal para encajar en estuches peque\u00f1os como estuches de maquillaje, estuches de aluminio y estuches de madera.<\/p>","protected":false},"featured_media":2219,"comment_status":"open","ping_status":"closed","template":"","meta":{"_acf_changed":false},"product_brand":[],"product_cat":[108],"product_tag":[],"class_list":{"0":"post-2185","1":"product","2":"type-product","3":"status-publish","4":"has-post-thumbnail","6":"product_cat-handles","7":"description-off","9":"first","10":"instock","11":"shipping-taxable","12":"product-type-simple"},"acf":[],"_links":{"self":[{"href":"https:\/\/fayshing.com\/es-es\/wp-json\/wp\/v2\/product\/2185","targetHints":{"allow":["GET"]}}],"collection":[{"href":"https:\/\/fayshing.com\/es-es\/wp-json\/wp\/v2\/product"}],"about":[{"href":"https:\/\/fayshing.com\/es-es\/wp-json\/wp\/v2\/types\/product"}],"replies":[{"embeddable":true,"href":"https:\/\/fayshing.com\/es-es\/wp-json\/wp\/v2\/comments?post=2185"}],"wp:featuredmedia":[{"embeddable":true,"href":"https:\/\/fayshing.com\/es-es\/wp-json\/wp\/v2\/media\/2219"}],"wp:attachment":[{"href":"https:\/\/fayshing.com\/es-es\/wp-json\/wp\/v2\/media?parent=2185"}],"wp:term":[{"taxonomy":"product_brand","embeddable":true,"href":"https:\/\/fayshing.com\/es-es\/wp-json\/wp\/v2\/product_brand?post=2185"},{"taxonomy":"product_cat","embeddable":true,"href":"https:\/\/fayshing.com\/es-es\/wp-json\/wp\/v2\/product_cat?post=2185"},{"taxonomy":"product_tag","embeddable":true,"href":"https:\/\/fayshing.com\/es-es\/wp-json\/wp\/v2\/product_tag?post=2185"}],"curies":[{"name":"wp","href":"https:\/\/api.w.org\/{rel}","templated":true}]}}