{"id":2077,"date":"2022-04-19T16:35:34","date_gmt":"2022-04-19T08:35:34","guid":{"rendered":"http:\/\/fayshing.com\/index.php\/product\/fayshing-flight-case-handle-with-4-holes-fs-2057\/"},"modified":"2025-08-07T17:44:09","modified_gmt":"2025-08-07T09:44:09","slug":"fayshing-flight-case-handle-with-4-holes-fs-2058","status":"publish","type":"product","link":"https:\/\/fayshing.com\/es-es\/product\/fayshing-flight-case-handle-with-4-holes-fs-2058\/","title":{"rendered":"4 Orificios de montaje Asa de cofre peque\u00f1a FS-2057"},"content":{"rendered":"<p data-start=\"145\" data-end=\"443\">En <strong data-start=\"149\" data-end=\"179\">FS-2057 Asa de pecho peque\u00f1a<\/strong> es una soluci\u00f3n compacta y pr\u00e1ctica para maletines, cajas, cajones o cofres de herramientas peque\u00f1os que requieren un asa resistente y f\u00e1cil de agarrar. Dise\u00f1ado con <strong data-start=\"322\" data-end=\"342\">4 orificios de montaje<\/strong> para una mayor estabilidad, este mango garantiza una fijaci\u00f3n segura a superficies de madera, metal o materiales compuestos.<\/p>\n<p data-start=\"445\" data-end=\"668\">Medici\u00f3n <strong data-start=\"455\" data-end=\"469\">110 \u00d7 91 mm<\/strong>Esta empu\u00f1adura es peque\u00f1a en tama\u00f1o pero potente en prestaciones. Acabado en <strong data-start=\"539\" data-end=\"549\">cromo<\/strong>ofrece durabilidad y un aspecto pulido, por lo que es ideal para aplicaciones funcionales y decorativas.<\/p>\n<p data-start=\"670\" data-end=\"687\"><strong data-start=\"670\" data-end=\"687\">Caracter\u00edsticas principales:<\/strong><\/p>\n<ul data-start=\"688\" data-end=\"1026\">\n<li data-start=\"688\" data-end=\"713\">\n<p data-start=\"690\" data-end=\"713\">C\u00f3digo del producto: FS-2057<\/p>\n<\/li>\n<li data-start=\"714\" data-end=\"764\">\n<p data-start=\"716\" data-end=\"764\">Tipo: Asa de pecho peque\u00f1a con 4 orificios de montaje<\/p>\n<\/li>\n<li data-start=\"765\" data-end=\"785\">\n<p data-start=\"767\" data-end=\"785\">Tama\u00f1o: 110 \u00d7 91 mm<\/p>\n<\/li>\n<li data-start=\"786\" data-end=\"821\">\n<p data-start=\"788\" data-end=\"821\">Material: Acero (acabado cromado)<\/p>\n<\/li>\n<li data-start=\"822\" data-end=\"884\">\n<p data-start=\"824\" data-end=\"884\">Acabado: Cromado - resistente a la corrosi\u00f3n y aspecto profesional<\/p>\n<\/li>\n<li data-start=\"885\" data-end=\"941\">\n<p data-start=\"887\" data-end=\"941\">Montaje: 4 orificios para una instalaci\u00f3n estable y segura<\/p>\n<\/li>\n<li data-start=\"942\" data-end=\"1026\">\n<p data-start=\"944\" data-end=\"1026\">Aplicaci\u00f3n: Adecuado para cofres peque\u00f1os, cajas de herramientas, cajas de instrumentos, cajones, etc.<\/p>\n<\/li>\n<\/ul>\n<p data-start=\"1028\" data-end=\"1166\">Si busca un <strong data-start=\"1052\" data-end=\"1100\">asa compacta, duradera y f\u00e1cil de instalar<\/strong>El FS-2057 es ideal tanto para proyectos de bricolaje como industriales.<\/p>\n<hr data-start=\"1168\" data-end=\"1171\" \/>\n<p data-start=\"1173\" data-end=\"1238\">\ud83d\udcd0 <em data-start=\"1176\" data-end=\"1236\">Dibujos en 3D u opciones de acabado personalizadas disponibles previa solicitud.<\/em><\/p>\n<p><iframe title=\"Flight Case Asas Escaparate | Resistente y Personalizable\" width=\"1200\" height=\"675\" src=\"https:\/\/www.youtube.com\/embed\/HTukBWi6wi0?feature=oembed&#038;enablejsapi=1&#038;origin=https:\/\/fayshing.com\" frameborder=\"0\" allow=\"accelerometer; autoplay; clipboard-write; encrypted-media; gyroscope; picture-in-picture; web-share\" referrerpolicy=\"strict-origin-when-cross-origin\" allowfullscreen><\/iframe><\/p>","protected":false},"excerpt":{"rendered":"<ul>\n<li>4 Orificios de montaje Asa de pecho peque\u00f1a<\/li>\n<li>FS-2057<\/li>\n<li>110 \u00d7 91 mm<\/li>\n<li>Cromo<\/li>\n<li>Peque\u00f1o<\/li>\n<\/ul>","protected":false},"featured_media":6247,"comment_status":"open","ping_status":"closed","template":"","meta":{"_acf_changed":false},"product_brand":[],"product_cat":[108,122,121],"product_tag":[],"class_list":{"0":"post-2077","1":"product","2":"type-product","3":"status-publish","4":"has-post-thumbnail","6":"product_cat-handles","7":"product_cat-chest-handles","8":"product_cat-surface-handles","9":"pa_material-steel","10":"pa_surface-treatment-chrome","11":"description-off","13":"first","14":"instock","15":"shipping-taxable","16":"product-type-simple"},"acf":[],"_links":{"self":[{"href":"https:\/\/fayshing.com\/es-es\/wp-json\/wp\/v2\/product\/2077","targetHints":{"allow":["GET"]}}],"collection":[{"href":"https:\/\/fayshing.com\/es-es\/wp-json\/wp\/v2\/product"}],"about":[{"href":"https:\/\/fayshing.com\/es-es\/wp-json\/wp\/v2\/types\/product"}],"replies":[{"embeddable":true,"href":"https:\/\/fayshing.com\/es-es\/wp-json\/wp\/v2\/comments?post=2077"}],"wp:featuredmedia":[{"embeddable":true,"href":"https:\/\/fayshing.com\/es-es\/wp-json\/wp\/v2\/media\/6247"}],"wp:attachment":[{"href":"https:\/\/fayshing.com\/es-es\/wp-json\/wp\/v2\/media?parent=2077"}],"wp:term":[{"taxonomy":"product_brand","embeddable":true,"href":"https:\/\/fayshing.com\/es-es\/wp-json\/wp\/v2\/product_brand?post=2077"},{"taxonomy":"product_cat","embeddable":true,"href":"https:\/\/fayshing.com\/es-es\/wp-json\/wp\/v2\/product_cat?post=2077"},{"taxonomy":"product_tag","embeddable":true,"href":"https:\/\/fayshing.com\/es-es\/wp-json\/wp\/v2\/product_tag?post=2077"}],"curies":[{"name":"wp","href":"https:\/\/api.w.org\/{rel}","templated":true}]}}