{"id":2076,"date":"2022-04-19T16:35:34","date_gmt":"2022-04-19T08:35:34","guid":{"rendered":"http:\/\/fayshing.com\/index.php\/product\/fayshing-flight-case-handle-with-3-holes-fs-2056\/"},"modified":"2025-08-08T15:15:27","modified_gmt":"2025-08-08T07:15:27","slug":"fayshing-flight-case-handle-with-3-holes-fs-2057","status":"publish","type":"product","link":"https:\/\/fayshing.com\/es-es\/product\/fayshing-flight-case-handle-with-3-holes-fs-2057\/","title":{"rendered":"3 Orificios de montaje Asa peque\u00f1a FS-2056"},"content":{"rendered":"<p data-start=\"147\" data-end=\"426\">En <strong data-start=\"151\" data-end=\"181\">FS-2056 Asa de pecho peque\u00f1a<\/strong> es una pieza de ferreter\u00eda compacta y duradera dise\u00f1ada para maletines, cajas y unidades de almacenamiento peque\u00f1as. Con <strong data-start=\"279\" data-end=\"299\">3 orificios de montaje<\/strong> para una instalaci\u00f3n segura, ofrece un rendimiento estable y un aspecto cuidado tanto para aplicaciones funcionales como decorativas.<\/p>\n<p data-start=\"428\" data-end=\"663\">Medici\u00f3n <strong data-start=\"438\" data-end=\"451\">77 \u00d7 72 mm<\/strong> y acabado en pulido <strong data-start=\"477\" data-end=\"487\">cromo<\/strong>Este asa combina fuerza, resistencia a la corrosi\u00f3n y un aspecto atractivo, por lo que es adecuada para cajas de herramientas, cajas de instrumentos, cofres de madera y proyectos de almacenamiento personalizados.<\/p>\n<p data-start=\"665\" data-end=\"684\"><strong data-start=\"665\" data-end=\"682\">Caracter\u00edsticas principales:<\/strong><\/p>\n<ul data-start=\"685\" data-end=\"1015\">\n<li data-start=\"685\" data-end=\"710\">\n<p data-start=\"687\" data-end=\"710\">C\u00f3digo del producto: FS-2056<\/p>\n<\/li>\n<li data-start=\"711\" data-end=\"761\">\n<p data-start=\"713\" data-end=\"761\">Tipo: Asa de pecho peque\u00f1a con 3 orificios de montaje<\/p>\n<\/li>\n<li data-start=\"762\" data-end=\"781\">\n<p data-start=\"764\" data-end=\"781\">Tama\u00f1o: 77 \u00d7 72 mm<\/p>\n<\/li>\n<li data-start=\"782\" data-end=\"817\">\n<p data-start=\"784\" data-end=\"817\">Material: Acero (acabado cromado)<\/p>\n<\/li>\n<li data-start=\"818\" data-end=\"870\">\n<p data-start=\"820\" data-end=\"870\">Acabado: Cromado: duradero y resistente a la corrosi\u00f3n<\/p>\n<\/li>\n<li data-start=\"871\" data-end=\"926\">\n<p data-start=\"873\" data-end=\"926\">Montaje: 3 orificios para una instalaci\u00f3n r\u00e1pida y segura<\/p>\n<\/li>\n<li data-start=\"927\" data-end=\"1015\">\n<p data-start=\"929\" data-end=\"1015\">Aplicaciones: Cofres peque\u00f1os, cajas de herramientas, cajas de instrumentos, cajas de almacenamiento, proyectos de bricolaje<\/p>\n<\/li>\n<\/ul>\n<p data-start=\"1017\" data-end=\"1165\">El tirador FS-2056, pr\u00e1ctico, compacto y f\u00e1cil de instalar, ofrece una funcionalidad fiable y un acabado profesional para cualquier caja o malet\u00edn peque\u00f1o.<\/p>\n<hr \/>\n<p><strong>Nota :<\/strong><\/p>\n<ul>\n<li>El mango acolchado suave y grueso es bueno, y el mango acolchado suave y suave se siente genial.<\/li>\n<li>Por favor, cont\u00e1ctenos para verificar cuidadosamente el tama\u00f1o de nuestro producto y lea las descripciones del tama\u00f1o del producto antes de comprar para evitar una posible experiencia de compra desagradable.<\/li>\n<\/ul>\n<p><iframe title=\"Flight Case Asas Escaparate | Resistente y Personalizable\" width=\"1200\" height=\"675\" src=\"https:\/\/www.youtube.com\/embed\/HTukBWi6wi0?feature=oembed&#038;enablejsapi=1&#038;origin=https:\/\/fayshing.com\" frameborder=\"0\" allow=\"accelerometer; autoplay; clipboard-write; encrypted-media; gyroscope; picture-in-picture; web-share\" referrerpolicy=\"strict-origin-when-cross-origin\" allowfullscreen><\/iframe><\/p>","protected":false},"excerpt":{"rendered":"<ul>\n<li>3 Orificios de montaje Asa de pecho peque\u00f1a<\/li>\n<li>FS-2056<\/li>\n<li>77 \u00d7 72 mm<\/li>\n<li>Cromo<\/li>\n<\/ul>","protected":false},"featured_media":6244,"comment_status":"open","ping_status":"closed","template":"","meta":{"_acf_changed":false},"product_brand":[],"product_cat":[108,122,121],"product_tag":[],"class_list":{"0":"post-2076","1":"product","2":"type-product","3":"status-publish","4":"has-post-thumbnail","6":"product_cat-handles","7":"product_cat-chest-handles","8":"product_cat-surface-handles","9":"pa_material-steel","10":"pa_surface-treatment-chrome","11":"description-off","13":"first","14":"instock","15":"shipping-taxable","16":"product-type-simple"},"acf":[],"_links":{"self":[{"href":"https:\/\/fayshing.com\/es-es\/wp-json\/wp\/v2\/product\/2076","targetHints":{"allow":["GET"]}}],"collection":[{"href":"https:\/\/fayshing.com\/es-es\/wp-json\/wp\/v2\/product"}],"about":[{"href":"https:\/\/fayshing.com\/es-es\/wp-json\/wp\/v2\/types\/product"}],"replies":[{"embeddable":true,"href":"https:\/\/fayshing.com\/es-es\/wp-json\/wp\/v2\/comments?post=2076"}],"wp:featuredmedia":[{"embeddable":true,"href":"https:\/\/fayshing.com\/es-es\/wp-json\/wp\/v2\/media\/6244"}],"wp:attachment":[{"href":"https:\/\/fayshing.com\/es-es\/wp-json\/wp\/v2\/media?parent=2076"}],"wp:term":[{"taxonomy":"product_brand","embeddable":true,"href":"https:\/\/fayshing.com\/es-es\/wp-json\/wp\/v2\/product_brand?post=2076"},{"taxonomy":"product_cat","embeddable":true,"href":"https:\/\/fayshing.com\/es-es\/wp-json\/wp\/v2\/product_cat?post=2076"},{"taxonomy":"product_tag","embeddable":true,"href":"https:\/\/fayshing.com\/es-es\/wp-json\/wp\/v2\/product_tag?post=2076"}],"curies":[{"name":"wp","href":"https:\/\/api.w.org\/{rel}","templated":true}]}}