{"id":2075,"date":"2022-04-19T16:35:34","date_gmt":"2022-04-19T08:35:34","guid":{"rendered":"http:\/\/fayshing.com\/index.php\/product\/fayshing-wooden-box-metal-frosted-handle-with-5-holes-fs-2055\/"},"modified":"2025-06-09T10:58:40","modified_gmt":"2025-06-09T02:58:40","slug":"fayshing-wooden-box-metal-frosted-handle-with-5-holes-fs-2055","status":"publish","type":"product","link":"https:\/\/fayshing.com\/es-es\/product\/fayshing-wooden-box-metal-frosted-handle-with-5-holes-fs-2055\/","title":{"rendered":"Fayshing Caja de madera de metal esmerilado mango con 5 agujeros FS-2055"},"content":{"rendered":"<p><strong>Caja de madera Asa met\u00e1lica esmerilada con 5 agujeros<\/strong><\/p>\n<p>Amplia aplicaci\u00f3n: ampliamente utilizado en varios tipos de cajas de embalaje, anillos de manija de caja de aluminio, manijas laterales mec\u00e1nicas, manijas de cajas de herramientas, manijas de cajas militares, varias cajas de vuelo, etc.<\/p>\n<hr \/>\n<p><strong>Descripci\u00f3n :<\/strong><\/p>\n<ul>\n<li>Las manijas de elevaci\u00f3n de la caja est\u00e1n hechas de acero inoxidable pulido, no se oxidan f\u00e1cilmente despu\u00e9s de estar expuestas a la lluvia, son de alta dureza, no se deforman f\u00e1cilmente y son anticorrosivas.<\/li>\n<li>Alta dureza, movimiento no lineal, duradero, resistente al desgaste, a prueba de \u00f3xido, anticorrosi\u00f3n, y puede utilizarse en interiores, exteriores e incluso en ambientes h\u00famedos.<\/li>\n<\/ul>\n<hr \/>\n<p><strong>Nota :<\/strong><\/p>\n<ul>\n<li>El mango acolchado suave y grueso es bueno, y el mango acolchado suave y suave se siente genial.<\/li>\n<li>Por favor, cont\u00e1ctenos para verificar cuidadosamente el tama\u00f1o de nuestro producto y lea las descripciones del tama\u00f1o del producto antes de comprar para evitar una posible experiencia de compra desagradable.<\/li>\n<\/ul>\n<p><iframe title=\"Flight Case Asas Escaparate | Resistente y Personalizable\" width=\"1200\" height=\"675\" src=\"https:\/\/www.youtube.com\/embed\/HTukBWi6wi0?feature=oembed&#038;enablejsapi=1&#038;origin=https:\/\/fayshing.com\" frameborder=\"0\" allow=\"accelerometer; autoplay; clipboard-write; encrypted-media; gyroscope; picture-in-picture; web-share\" referrerpolicy=\"strict-origin-when-cross-origin\" allowfullscreen><\/iframe><\/p>","protected":false},"excerpt":{"rendered":"<ul>\n<li>Caja de madera Asa met\u00e1lica esmerilada con 5 agujeros sin muelle<\/li>\n<li>FS-2055<\/li>\n<li>Acero<\/li>\n<li>Cromo<\/li>\n<li>5 orificios de montaje<\/li>\n<\/ul>","protected":false},"featured_media":2090,"comment_status":"open","ping_status":"closed","template":"","meta":{"_acf_changed":false},"product_brand":[],"product_cat":[108,121],"product_tag":[],"class_list":{"0":"post-2075","1":"product","2":"type-product","3":"status-publish","4":"has-post-thumbnail","6":"product_cat-handles","7":"product_cat-surface-handles","8":"pa_material-steel","9":"pa_surface-treatment-chrome","10":"description-off","12":"first","13":"instock","14":"shipping-taxable","15":"product-type-simple"},"acf":[],"_links":{"self":[{"href":"https:\/\/fayshing.com\/es-es\/wp-json\/wp\/v2\/product\/2075","targetHints":{"allow":["GET"]}}],"collection":[{"href":"https:\/\/fayshing.com\/es-es\/wp-json\/wp\/v2\/product"}],"about":[{"href":"https:\/\/fayshing.com\/es-es\/wp-json\/wp\/v2\/types\/product"}],"replies":[{"embeddable":true,"href":"https:\/\/fayshing.com\/es-es\/wp-json\/wp\/v2\/comments?post=2075"}],"wp:featuredmedia":[{"embeddable":true,"href":"https:\/\/fayshing.com\/es-es\/wp-json\/wp\/v2\/media\/2090"}],"wp:attachment":[{"href":"https:\/\/fayshing.com\/es-es\/wp-json\/wp\/v2\/media?parent=2075"}],"wp:term":[{"taxonomy":"product_brand","embeddable":true,"href":"https:\/\/fayshing.com\/es-es\/wp-json\/wp\/v2\/product_brand?post=2075"},{"taxonomy":"product_cat","embeddable":true,"href":"https:\/\/fayshing.com\/es-es\/wp-json\/wp\/v2\/product_cat?post=2075"},{"taxonomy":"product_tag","embeddable":true,"href":"https:\/\/fayshing.com\/es-es\/wp-json\/wp\/v2\/product_tag?post=2075"}],"curies":[{"name":"wp","href":"https:\/\/api.w.org\/{rel}","templated":true}]}}