{"id":2072,"date":"2022-04-19T16:35:33","date_gmt":"2022-04-19T08:35:33","guid":{"rendered":"http:\/\/fayshing.com\/index.php\/product\/fayshing-flight-case-handle-without-spring-fs-2052\/"},"modified":"2025-08-08T17:09:14","modified_gmt":"2025-08-08T09:09:14","slug":"fayshing-flight-case-handle-without-spring-fs-2052","status":"publish","type":"product","link":"https:\/\/fayshing.com\/es-es\/product\/fayshing-flight-case-handle-without-spring-fs-2052\/","title":{"rendered":"Asa Fayshing Flight Case sin Resorte FS-2052"},"content":{"rendered":"<p><strong>Asa de flight case sin muelle<\/strong><\/p>\n<p>Amplia aplicaci\u00f3n: ampliamente utilizado en varios tipos de cajas de embalaje, anillos de manija de caja de aluminio, manijas laterales mec\u00e1nicas, manijas de cajas de herramientas, manijas de cajas militares, varias cajas de vuelo, etc.<\/p>\n<hr \/>\n<p><strong>Descripci\u00f3n :<\/strong><\/p>\n<ul>\n<li>Las manijas de elevaci\u00f3n de la caja est\u00e1n hechas de acero inoxidable pulido, no se oxidan f\u00e1cilmente despu\u00e9s de estar expuestas a la lluvia, son de alta dureza, no se deforman f\u00e1cilmente y son anticorrosivas.<\/li>\n<li>La funda de agarre de goma negra est\u00e1 aislada y puede proteger su mano de lesiones. Las palancas y bases gruesas lo hacen m\u00e1s duradero y resistente.<\/li>\n<\/ul>\n<hr \/>\n<p><strong>Nota :<\/strong><\/p>\n<ul>\n<li>El mango acolchado suave y grueso es bueno, y el mango acolchado suave y suave se siente genial.<\/li>\n<li>Por favor, cont\u00e1ctenos para verificar cuidadosamente el tama\u00f1o de nuestro producto y lea las descripciones del tama\u00f1o del producto antes de comprar para evitar una posible experiencia de compra desagradable.<\/li>\n<\/ul>","protected":false},"excerpt":{"rendered":"<p>Mango de hierro Fayshing Casingless, ideal para cargar en cajas grandes como Flight Case y Dj Equipment Case<\/p>","protected":false},"featured_media":3081,"comment_status":"open","ping_status":"closed","template":"","meta":{"_acf_changed":false},"product_brand":[],"product_cat":[108],"product_tag":[],"class_list":{"0":"post-2072","1":"product","2":"type-product","3":"status-publish","4":"has-post-thumbnail","6":"product_cat-handles","7":"description-off","9":"first","10":"instock","11":"shipping-taxable","12":"product-type-simple"},"acf":[],"_links":{"self":[{"href":"https:\/\/fayshing.com\/es-es\/wp-json\/wp\/v2\/product\/2072","targetHints":{"allow":["GET"]}}],"collection":[{"href":"https:\/\/fayshing.com\/es-es\/wp-json\/wp\/v2\/product"}],"about":[{"href":"https:\/\/fayshing.com\/es-es\/wp-json\/wp\/v2\/types\/product"}],"replies":[{"embeddable":true,"href":"https:\/\/fayshing.com\/es-es\/wp-json\/wp\/v2\/comments?post=2072"}],"wp:featuredmedia":[{"embeddable":true,"href":"https:\/\/fayshing.com\/es-es\/wp-json\/wp\/v2\/media\/3081"}],"wp:attachment":[{"href":"https:\/\/fayshing.com\/es-es\/wp-json\/wp\/v2\/media?parent=2072"}],"wp:term":[{"taxonomy":"product_brand","embeddable":true,"href":"https:\/\/fayshing.com\/es-es\/wp-json\/wp\/v2\/product_brand?post=2072"},{"taxonomy":"product_cat","embeddable":true,"href":"https:\/\/fayshing.com\/es-es\/wp-json\/wp\/v2\/product_cat?post=2072"},{"taxonomy":"product_tag","embeddable":true,"href":"https:\/\/fayshing.com\/es-es\/wp-json\/wp\/v2\/product_tag?post=2072"}],"curies":[{"name":"wp","href":"https:\/\/api.w.org\/{rel}","templated":true}]}}