{"id":2038,"date":"2022-04-19T15:51:12","date_gmt":"2022-04-19T07:51:12","guid":{"rendered":"http:\/\/fayshing.com\/index.php\/product\/fayshing-metal-detachable-hinge-box-accessories-fs-5030\/"},"modified":"2024-03-22T10:06:48","modified_gmt":"2024-03-22T02:06:48","slug":"fayshing-metal-detachable-hinge-box-accessories-fs-5030","status":"publish","type":"product","link":"https:\/\/fayshing.com\/es-es\/product\/fayshing-metal-detachable-hinge-box-accessories-fs-5030\/","title":{"rendered":"Accesorios de caja de bisagra desmontable de metal FAYSHING FS-5030"},"content":{"rendered":"<p><strong>Fayshing Bisagra Desmontable de Metal Accesorios de Caja FS-5030<\/strong><\/p>\n<p>Aplicaci\u00f3n amplia: Ampliamente utilizado en varios tipos de estuches de vuelo, estuches de madera, estuches m\u00e1gicos, estuches de herramientas, estuches de equipaje, etc.<\/p>\n<hr \/>\n<p><strong>Descripci\u00f3n :<\/strong><\/p>\n<ul>\n<li>Las bisagras est\u00e1n hechas de metal de alta calidad, cubiertas con capas plateadas, son resistentes y duraderas.<\/li>\n<li>No es f\u00e1cil oxidarse despu\u00e9s de ser expuestas a la lluvia, tienen una alta dureza, no se deforman f\u00e1cilmente y son resistentes a la corrosi\u00f3n.<\/li>\n<\/ul>\n<hr \/>\n<p><strong>Nota :<\/strong><\/p>\n<ul>\n<li>Debido a la medici\u00f3n manual, permita una desviaci\u00f3n de 1 a 2 mm. La luz de la fotograf\u00eda y los diferentes monitores pueden hacer que el color del producto en la imagen sea ligeramente diferente al producto real.<\/li>\n<li>Por favor, cont\u00e1ctenos para verificar cuidadosamente el tama\u00f1o de nuestro producto y lea las descripciones del tama\u00f1o del producto antes de comprar para evitar una posible experiencia de compra desagradable.<\/li>\n<\/ul>","protected":false},"excerpt":{"rendered":"<p>Bisagras de alta calidad para estuches de vuelo, adecuadas para estuches de vuelo, estuches de madera, estuches m\u00e1gicos, estuches de herramientas, estuches de equipaje, etc.<\/p>\n<ol>\n<li>Bisagra desmontable<\/li>\n<li>Tama\u00f1o: 58\u00d748.5mm;<\/li>\n<li>4 agujeros para tornillos de montaje.<\/li>\n<\/ol>","protected":false},"featured_media":2058,"comment_status":"open","ping_status":"closed","template":"","meta":{"_acf_changed":false},"product_brand":[],"product_cat":[114,133],"product_tag":[],"class_list":{"0":"post-2038","1":"product","2":"type-product","3":"status-publish","4":"has-post-thumbnail","6":"product_cat-hinges-lid-stays","7":"product_cat-lift-off-hinges","8":"description-off","10":"first","11":"instock","12":"shipping-taxable","13":"product-type-simple"},"acf":[],"_links":{"self":[{"href":"https:\/\/fayshing.com\/es-es\/wp-json\/wp\/v2\/product\/2038","targetHints":{"allow":["GET"]}}],"collection":[{"href":"https:\/\/fayshing.com\/es-es\/wp-json\/wp\/v2\/product"}],"about":[{"href":"https:\/\/fayshing.com\/es-es\/wp-json\/wp\/v2\/types\/product"}],"replies":[{"embeddable":true,"href":"https:\/\/fayshing.com\/es-es\/wp-json\/wp\/v2\/comments?post=2038"}],"wp:featuredmedia":[{"embeddable":true,"href":"https:\/\/fayshing.com\/es-es\/wp-json\/wp\/v2\/media\/2058"}],"wp:attachment":[{"href":"https:\/\/fayshing.com\/es-es\/wp-json\/wp\/v2\/media?parent=2038"}],"wp:term":[{"taxonomy":"product_brand","embeddable":true,"href":"https:\/\/fayshing.com\/es-es\/wp-json\/wp\/v2\/product_brand?post=2038"},{"taxonomy":"product_cat","embeddable":true,"href":"https:\/\/fayshing.com\/es-es\/wp-json\/wp\/v2\/product_cat?post=2038"},{"taxonomy":"product_tag","embeddable":true,"href":"https:\/\/fayshing.com\/es-es\/wp-json\/wp\/v2\/product_tag?post=2038"}],"curies":[{"name":"wp","href":"https:\/\/api.w.org\/{rel}","templated":true}]}}