{"id":2036,"date":"2022-04-19T15:51:12","date_gmt":"2022-04-19T07:51:12","guid":{"rendered":"http:\/\/fayshing.com\/index.php\/product\/fayshing-small-metal-tool-box-hinge-3941mm-4-holes-hinge-fs-5028\/"},"modified":"2025-04-07T17:30:13","modified_gmt":"2025-04-07T09:30:13","slug":"fayshing-small-metal-tool-box-hinge-3941mm-4-holes-hinge-fs-5028","status":"publish","type":"product","link":"https:\/\/fayshing.com\/es-es\/product\/fayshing-small-metal-tool-box-hinge-3941mm-4-holes-hinge-fs-5028\/","title":{"rendered":"Fayshing Peque\u00f1a Caja de Herramientas de Metal Bisagra 39*41mm 4 agujeros Bisagra FS-5028"},"content":{"rendered":"<p><strong>Fayshing Peque\u00f1a Caja de Herramientas de Metal Bisagra 39*41mm 4 agujeros Bisagra FS-5028<\/strong><\/p>\n<p>Aplicaci\u00f3n amplia: Ampliamente utilizado en varios tipos de estuches de vuelo, estuches de madera, estuches m\u00e1gicos, estuches de herramientas, estuches de equipaje, etc.<\/p>\n<hr \/>\n<p><strong>Descripci\u00f3n :<\/strong><\/p>\n<ul>\n<li>Las bisagras est\u00e1n hechas de metal de alta calidad, cubiertas con capas plateadas, son resistentes y duraderas.<\/li>\n<li>No es f\u00e1cil oxidarse despu\u00e9s de ser expuestas a la lluvia, tienen una alta dureza, no se deforman f\u00e1cilmente y son resistentes a la corrosi\u00f3n.<\/li>\n<\/ul>\n<hr \/>\n<p><strong>Nota :<\/strong><\/p>\n<ul>\n<li>Debido a la medici\u00f3n manual, permita una desviaci\u00f3n de 1 a 2 mm. La luz de la fotograf\u00eda y los diferentes monitores pueden hacer que el color del producto en la imagen sea ligeramente diferente al producto real.<\/li>\n<li>Por favor, cont\u00e1ctenos para verificar cuidadosamente el tama\u00f1o de nuestro producto y lea las descripciones del tama\u00f1o del producto antes de comprar para evitar una posible experiencia de compra desagradable.<\/li>\n<\/ul>","protected":false},"excerpt":{"rendered":"<ul>\n<li>Bisagra de 180 grados para caja de herramientas<\/li>\n<li>Tama\u00f1o: 40 \u00d7 39 mm<\/li>\n<li>Tama\u00f1o del agujero \u03a63.4mm<\/li>\n<li>Material : Acero<\/li>\n<li>Acabados: Cromo \/ Dorado \/ Negro \/ Otro<\/li>\n<\/ul>","protected":false},"featured_media":2050,"comment_status":"open","ping_status":"closed","template":"","meta":{"_acf_changed":false},"product_brand":[],"product_cat":[114,131],"product_tag":[],"class_list":{"0":"post-2036","1":"product","2":"type-product","3":"status-publish","4":"has-post-thumbnail","6":"product_cat-hinges-lid-stays","7":"product_cat-rectangle-hinges","8":"description-off","10":"first","11":"instock","12":"shipping-taxable","13":"product-type-simple"},"acf":[],"_links":{"self":[{"href":"https:\/\/fayshing.com\/es-es\/wp-json\/wp\/v2\/product\/2036","targetHints":{"allow":["GET"]}}],"collection":[{"href":"https:\/\/fayshing.com\/es-es\/wp-json\/wp\/v2\/product"}],"about":[{"href":"https:\/\/fayshing.com\/es-es\/wp-json\/wp\/v2\/types\/product"}],"replies":[{"embeddable":true,"href":"https:\/\/fayshing.com\/es-es\/wp-json\/wp\/v2\/comments?post=2036"}],"wp:featuredmedia":[{"embeddable":true,"href":"https:\/\/fayshing.com\/es-es\/wp-json\/wp\/v2\/media\/2050"}],"wp:attachment":[{"href":"https:\/\/fayshing.com\/es-es\/wp-json\/wp\/v2\/media?parent=2036"}],"wp:term":[{"taxonomy":"product_brand","embeddable":true,"href":"https:\/\/fayshing.com\/es-es\/wp-json\/wp\/v2\/product_brand?post=2036"},{"taxonomy":"product_cat","embeddable":true,"href":"https:\/\/fayshing.com\/es-es\/wp-json\/wp\/v2\/product_cat?post=2036"},{"taxonomy":"product_tag","embeddable":true,"href":"https:\/\/fayshing.com\/es-es\/wp-json\/wp\/v2\/product_tag?post=2036"}],"curies":[{"name":"wp","href":"https:\/\/api.w.org\/{rel}","templated":true}]}}