{"id":1964,"date":"2022-04-18T17:30:52","date_gmt":"2022-04-18T09:30:52","guid":{"rendered":"http:\/\/fayshing.com\/index.php\/product\/fayshing-large-6-holes-ball-corner-for-flight-case-fs3137\/"},"modified":"2025-08-08T14:02:24","modified_gmt":"2025-08-08T06:02:24","slug":"fayshing-large-6-holes-ball-corner-for-flight-case-fs3137","status":"publish","type":"product","link":"https:\/\/fayshing.com\/es-es\/product\/fayshing-large-6-holes-ball-corner-for-flight-case-fs3137\/","title":{"rendered":"Esquina esf\u00e9rica grande de 6 agujeros Fayshing para Flightcase FS3137"},"content":{"rendered":"<p><strong>Esquina esf\u00e9rica grande Fayshing para Flightcase FS3135<\/strong><\/p>\n<p>Amplia aplicaci\u00f3n: Ampliamente utilizado en varios tipos de maletines de vuelo, maletines de m\u00fasica, maletines militares, maletines de carretera, maletines de herramientas, maletines de madera, etc.<\/p>\n<hr \/>\n<p><strong>Descripci\u00f3n :<\/strong><\/p>\n<ul>\n<li>Las esquinas de las bolas son de chapa fr\u00eda, no es f\u00e1cil que se oxiden despu\u00e9s de estar expuestas a la lluvia, alta dureza, no es f\u00e1cil que se deformen y son anticorrosivas.<\/li>\n<li>La forma esf\u00e9rica protege las esquinas de la funda de da\u00f1os al golpear otros objetos y tambi\u00e9n evita que las esquinas de la funda hieran a las personas.<\/li>\n<\/ul>\n<hr \/>\n<p><strong>Nota :<\/strong><\/p>\n<ul>\n<li>Debido a la medici\u00f3n manual, permita una desviaci\u00f3n de 1 a 2 mm.<\/li>\n<li>Por favor, p\u00f3ngase en contacto con nosotros, compruebe cuidadosamente el tama\u00f1o de nuestro producto y lea las descripciones del tama\u00f1o del producto antes de comprarlo para evitar una posible experiencia de compra desagradable.<\/li>\n<\/ul>","protected":false},"excerpt":{"rendered":"<p>La esquina esf\u00e9rica grande de Fayshing es ideal para adaptarse a maletas m\u00e1s grandes, como maletas de carretera y maletas de cable Flight.<\/p>","protected":false},"featured_media":1919,"comment_status":"open","ping_status":"closed","template":"","meta":{"_acf_changed":false},"product_brand":[],"product_cat":[109,126],"product_tag":[],"class_list":{"0":"post-1964","1":"product","2":"type-product","3":"status-publish","4":"has-post-thumbnail","6":"product_cat-case-corners","7":"product_cat-ball-corners","8":"description-off","10":"first","11":"instock","12":"shipping-taxable","13":"product-type-simple"},"acf":[],"_links":{"self":[{"href":"https:\/\/fayshing.com\/es-es\/wp-json\/wp\/v2\/product\/1964","targetHints":{"allow":["GET"]}}],"collection":[{"href":"https:\/\/fayshing.com\/es-es\/wp-json\/wp\/v2\/product"}],"about":[{"href":"https:\/\/fayshing.com\/es-es\/wp-json\/wp\/v2\/types\/product"}],"replies":[{"embeddable":true,"href":"https:\/\/fayshing.com\/es-es\/wp-json\/wp\/v2\/comments?post=1964"}],"wp:featuredmedia":[{"embeddable":true,"href":"https:\/\/fayshing.com\/es-es\/wp-json\/wp\/v2\/media\/1919"}],"wp:attachment":[{"href":"https:\/\/fayshing.com\/es-es\/wp-json\/wp\/v2\/media?parent=1964"}],"wp:term":[{"taxonomy":"product_brand","embeddable":true,"href":"https:\/\/fayshing.com\/es-es\/wp-json\/wp\/v2\/product_brand?post=1964"},{"taxonomy":"product_cat","embeddable":true,"href":"https:\/\/fayshing.com\/es-es\/wp-json\/wp\/v2\/product_cat?post=1964"},{"taxonomy":"product_tag","embeddable":true,"href":"https:\/\/fayshing.com\/es-es\/wp-json\/wp\/v2\/product_tag?post=1964"}],"curies":[{"name":"wp","href":"https:\/\/api.w.org\/{rel}","templated":true}]}}