{"id":1493,"date":"2022-04-13T11:44:40","date_gmt":"2022-04-13T03:44:40","guid":{"rendered":"http:\/\/fayshing.com\/?post_type=product&#038;p=1493"},"modified":"2025-08-08T09:26:53","modified_gmt":"2025-08-08T01:26:53","slug":"flight-case-panels","status":"publish","type":"product","link":"https:\/\/fayshing.com\/es-es\/product\/flight-case-panels\/","title":{"rendered":"Patr\u00f3n de tablero hexagonal negro"},"content":{"rendered":"<p>Paneles de caja de vuelo de capas de abedul de alta calidad con patr\u00f3n de tablero hexagonal negro.<\/p>\n<ol>\n<li>Tama\u00f1o: 1220*2440mm o personalizado;<\/li>\n<li>Material: Eucalipto + aluminio + fen\u00f3lico;<\/li>\n<li>Ventajas: Textura de gusano gris plateado;<\/li>\n<li>Usado en: estuches de vuelo, estuches de carrito, decoraci\u00f3n de muebles, etc.<\/li>\n<\/ol>\n<h5>Ventajas:<\/h5>\n<ul>\n<li>Peso ligero: elegimos el eucalipto y el \u00e1lamo de alta calidad como material b\u00e1sico, que son muy ligeros.<\/li>\n<li>F\u00e1cil de cortar: el contrachapado es f\u00e1cil de cortar, por lo que seg\u00fan la construcci\u00f3n, el encofrado se puede cortar en los tama\u00f1os requeridos.<\/li>\n<li>Sin deformaci\u00f3n: el contrachapado enchapado con pel\u00edcula tambi\u00e9n es s\u00f3lido y no se deforma ni se astilla despu\u00e9s de 72 horas de cocci\u00f3n en agua hirviendo.<\/li>\n<li>Pel\u00edcula de alta calidad: el contrachapado enchapado con pel\u00edcula est\u00e1 recubierto con una pel\u00edcula Dynea importada de Finlandia, que protege la superficie del encofrado de la corrosi\u00f3n y hace que el encofrado sea duradero, mejora la planitud de la superficie de hormig\u00f3n y hace que la superficie de hormig\u00f3n ahorre el revoque de segunda vez, por lo que podr\u00eda ahorrar mucho construcci\u00f3n.<\/li>\n<li>Capacidad impermeable, ign\u00edfuga y antiincrustante, resistente al roce.<\/li>\n<\/ul>","protected":false},"excerpt":{"rendered":"<ol>\n<li>Tama\u00f1o: 1220*2440mm o personalizado;<\/li>\n<li>Material: Eucalipto + aluminio + fen\u00f3lico;<\/li>\n<li>Ventajas: Textura de gusano gris plateado;<\/li>\n<li>Usado en: estuches de vuelo, estuches de carrito, decoraci\u00f3n de muebles, etc.<\/li>\n<\/ol>","protected":false},"featured_media":1494,"comment_status":"open","ping_status":"closed","template":"","meta":{"_acf_changed":false},"product_brand":[],"product_cat":[110],"product_tag":[],"class_list":{"0":"post-1493","1":"product","2":"type-product","3":"status-publish","4":"has-post-thumbnail","6":"product_cat-panels-and-laminates","7":"pa_application-the-furniture-industry-electrical-and-electronics-industry-hardware-industry-aerospace-industry-medical-industry","8":"pa_delivery-time-please-contact-sales-staff","9":"pa_material-eucalyptus-alluminum-phenolic","10":"pa_parts-no-fs8023","11":"description-off","13":"first","14":"instock","15":"featured","16":"shipping-taxable","17":"product-type-simple"},"acf":[],"_links":{"self":[{"href":"https:\/\/fayshing.com\/es-es\/wp-json\/wp\/v2\/product\/1493","targetHints":{"allow":["GET"]}}],"collection":[{"href":"https:\/\/fayshing.com\/es-es\/wp-json\/wp\/v2\/product"}],"about":[{"href":"https:\/\/fayshing.com\/es-es\/wp-json\/wp\/v2\/types\/product"}],"replies":[{"embeddable":true,"href":"https:\/\/fayshing.com\/es-es\/wp-json\/wp\/v2\/comments?post=1493"}],"wp:featuredmedia":[{"embeddable":true,"href":"https:\/\/fayshing.com\/es-es\/wp-json\/wp\/v2\/media\/1494"}],"wp:attachment":[{"href":"https:\/\/fayshing.com\/es-es\/wp-json\/wp\/v2\/media?parent=1493"}],"wp:term":[{"taxonomy":"product_brand","embeddable":true,"href":"https:\/\/fayshing.com\/es-es\/wp-json\/wp\/v2\/product_brand?post=1493"},{"taxonomy":"product_cat","embeddable":true,"href":"https:\/\/fayshing.com\/es-es\/wp-json\/wp\/v2\/product_cat?post=1493"},{"taxonomy":"product_tag","embeddable":true,"href":"https:\/\/fayshing.com\/es-es\/wp-json\/wp\/v2\/product_tag?post=1493"}],"curies":[{"name":"wp","href":"https:\/\/api.w.org\/{rel}","templated":true}]}}