{"id":1489,"date":"2022-04-13T11:12:02","date_gmt":"2022-04-13T03:12:02","guid":{"rendered":"http:\/\/fayshing.com\/?post_type=product&#038;p=1489"},"modified":"2025-01-06T10:39:12","modified_gmt":"2025-01-06T02:39:12","slug":"fayshing-100mm-4-blue-swivel-braked-castor","status":"publish","type":"product","link":"https:\/\/fayshing.com\/es-es\/product\/fayshing-100mm-4-blue-swivel-braked-castor\/","title":{"rendered":"Rueda giratoria con freno FAYSHING de 100 mm \/ 4 \u2033 azul"},"content":{"rendered":"<p><strong>Uso amplio:<\/strong> Ampliamente utilizado en interiores y exteriores, carros, bancos de trabajo, muebles, estanter\u00edas y otros elementos que se encuentran habitualmente en talleres, garajes, cocinas, oficinas, etc.<\/p>\n<p><strong>Rodamiento de bolas doble y resistente:<\/strong> Nuestras ruedas giratorias con placa superior de alta resistencia de 4 pulgadas pueden transportar 200 kg y tienen doble rodamiento.<\/p>\n<p><strong>Doble freno:<\/strong> Nuestras ruedas giratorias de placa superior tienen freno doble, que puede frenar la direcci\u00f3n de rotaci\u00f3n de la placa inferior y la direcci\u00f3n de la rueda hacia adelante, lo cual es f\u00e1cil de operar.<\/p>\n<p><strong>Silencio:<\/strong> Silencioso, f\u00e1cil de empujar, gran capacidad de carga.<\/p>","protected":false},"excerpt":{"rendered":"<div id=\"featurebullets_feature_div\" class=\"celwidget\" data-feature-name=\"featurebullets\" data-csa-c-type=\"widget\" data-csa-c-slot-id=\"ppd-center.45\" data-csa-c-component=\"featurebullets\" data-csa-c-cs-type=\"DETAIL_PAGE_DYNAMIC\" data-csa-c-id=\"pgspij-tua38n-9t9jxk-aa4v6l\" data-cel-widget=\"featurebullets_feature_div\">\n<div id=\"feature-bullets\" class=\"a-section a-spacing-medium a-spacing-top-small\">\n<p><span class=\"a-list-item\">F\u00e1cil de empujar, sin ruido, ahorra energ\u00eda, no da\u00f1a el suelo, no deja rastros, gran capacidad de carga.<\/span><\/p>\n<\/div>\n<\/div>\n<div id=\"provenanceCertifications_feature_div\" class=\"celwidget\" data-feature-name=\"provenanceCertifications\" data-csa-c-type=\"widget\" data-csa-c-slot-id=\"ppd-center.46\" data-csa-c-component=\"provenanceCertifications\" data-csa-c-cs-type=\"DETAIL_PAGE_DYNAMIC\" data-csa-c-id=\"x9bkdg-u39vuk-v9d25n-yrb2ny\" data-cel-widget=\"provenanceCertifications_feature_div\"><\/div>\n<div id=\"serviceCapabilities_feature_div\" class=\"celwidget\" data-feature-name=\"serviceCapabilities\" data-csa-c-type=\"widget\" data-csa-c-slot-id=\"ppd-center.47\" data-csa-c-component=\"serviceCapabilities\" data-csa-c-cs-type=\"DETAIL_PAGE_DYNAMIC\" data-csa-c-id=\"s6vsnm-3aadd2-tpjj06-gh3vwo\" data-cel-widget=\"serviceCapabilities_feature_div\"><\/div>","protected":false},"featured_media":1490,"comment_status":"open","ping_status":"closed","template":"","meta":{"_acf_changed":false},"product_brand":[],"product_cat":[112],"product_tag":[],"class_list":{"0":"post-1489","1":"product","2":"type-product","3":"status-publish","4":"has-post-thumbnail","6":"product_cat-castor-wheel","7":"pa_application-flight-case","8":"pa_application-road-case","9":"pa_delivery-time-please-contact-sales-staff","10":"pa_material-stainless-steel","11":"pa_surface-treatment-blue-zinc","12":"description-off","14":"first","15":"instock","16":"featured","17":"shipping-taxable","18":"product-type-simple"},"acf":[],"_links":{"self":[{"href":"https:\/\/fayshing.com\/es-es\/wp-json\/wp\/v2\/product\/1489","targetHints":{"allow":["GET"]}}],"collection":[{"href":"https:\/\/fayshing.com\/es-es\/wp-json\/wp\/v2\/product"}],"about":[{"href":"https:\/\/fayshing.com\/es-es\/wp-json\/wp\/v2\/types\/product"}],"replies":[{"embeddable":true,"href":"https:\/\/fayshing.com\/es-es\/wp-json\/wp\/v2\/comments?post=1489"}],"wp:featuredmedia":[{"embeddable":true,"href":"https:\/\/fayshing.com\/es-es\/wp-json\/wp\/v2\/media\/1490"}],"wp:attachment":[{"href":"https:\/\/fayshing.com\/es-es\/wp-json\/wp\/v2\/media?parent=1489"}],"wp:term":[{"taxonomy":"product_brand","embeddable":true,"href":"https:\/\/fayshing.com\/es-es\/wp-json\/wp\/v2\/product_brand?post=1489"},{"taxonomy":"product_cat","embeddable":true,"href":"https:\/\/fayshing.com\/es-es\/wp-json\/wp\/v2\/product_cat?post=1489"},{"taxonomy":"product_tag","embeddable":true,"href":"https:\/\/fayshing.com\/es-es\/wp-json\/wp\/v2\/product_tag?post=1489"}],"curies":[{"name":"wp","href":"https:\/\/api.w.org\/{rel}","templated":true}]}}