{"id":1482,"date":"2022-04-13T10:12:17","date_gmt":"2022-04-13T02:12:17","guid":{"rendered":"http:\/\/fayshing.com\/?post_type=product&#038;p=1482"},"modified":"2024-03-12T15:15:47","modified_gmt":"2024-03-12T07:15:47","slug":"fayshing-hinge-strut-chrome-88mm-49mm-fs5100","status":"publish","type":"product","link":"https:\/\/fayshing.com\/es-es\/product\/fayshing-hinge-strut-chrome-88mm-49mm-fs5100\/","title":{"rendered":"FAYSHING Bisagra Cromada FS5100 de 88mm x 49mm"},"content":{"rendered":"<p>\u3010<strong>Material<\/strong>\u3011Este asa de cofre est\u00e1 hecha de hierro galvanizado premium con una mejor resistencia al \u00f3xido, anticorrosi\u00f3n y durabilidad.<br \/>\n\u3010<strong>F\u00e1cil de instalar<\/strong>\u3011Dise\u00f1o de 8 agujeros para facilitar la instalaci\u00f3n. Asa de cofre montada en la superficie para usar en cofres, cajones y cajas de almacenamiento.<br \/>\n\u3010<strong>Amplia aplicaci\u00f3n<\/strong>\u3011La bisagra de estribo es adecuada para cajas de aire, cajas de herramientas, cajas de aluminio, chasis, equipaje, etc.<\/p>\n<hr \/>\n<p><strong>Rasgo:<\/strong><br \/>\n1. Hecho de hierro cromado, anti-corrosi\u00f3n, sin \u00f3xido, duradero.<br \/>\nLa bisagra de estribo es adecuada para cajas de aire, cajas de herramientas, cajas de aluminio, chasis, equipaje, etc.<br \/>\nSe utiliza para asegurar puertas peque\u00f1as, gabinetes, cajas de herramientas, casilleros, fortalezas de pesca y cajas de pesca, etc.<\/p>\n<hr \/>\n<p><strong>Nota:<\/strong><br \/>\nPor favor, permita un error de 1-10 mm debido a la medici\u00f3n manual.<br \/>\nEl color puede variar debido a la diferencia en la pantalla, por favor, comprenda.<\/p>","protected":false},"excerpt":{"rendered":"<p>Bisagra cromada de 8 agujeros para estuche de vuelo.<\/p>","protected":false},"featured_media":1483,"comment_status":"open","ping_status":"closed","template":"","meta":{"_acf_changed":false},"product_brand":[],"product_cat":[114],"product_tag":[],"class_list":{"0":"post-1482","1":"product","2":"type-product","3":"status-publish","4":"has-post-thumbnail","6":"product_cat-hinges-lid-stays","7":"pa_application-flight-case","8":"pa_application-military-box","9":"pa_application-mixer-box","10":"pa_application-road-case","11":"pa_delivery-time-please-contact-sales-staff","12":"pa_material-electrolytic-plate","13":"pa_material-iron","14":"pa_material-stainless-steel","15":"pa_surface-treatment-blue-zinc","16":"pa_surface-treatment-chrome","17":"description-off","19":"first","20":"instock","21":"featured","22":"shipping-taxable","23":"product-type-simple"},"acf":[],"_links":{"self":[{"href":"https:\/\/fayshing.com\/es-es\/wp-json\/wp\/v2\/product\/1482","targetHints":{"allow":["GET"]}}],"collection":[{"href":"https:\/\/fayshing.com\/es-es\/wp-json\/wp\/v2\/product"}],"about":[{"href":"https:\/\/fayshing.com\/es-es\/wp-json\/wp\/v2\/types\/product"}],"replies":[{"embeddable":true,"href":"https:\/\/fayshing.com\/es-es\/wp-json\/wp\/v2\/comments?post=1482"}],"wp:featuredmedia":[{"embeddable":true,"href":"https:\/\/fayshing.com\/es-es\/wp-json\/wp\/v2\/media\/1483"}],"wp:attachment":[{"href":"https:\/\/fayshing.com\/es-es\/wp-json\/wp\/v2\/media?parent=1482"}],"wp:term":[{"taxonomy":"product_brand","embeddable":true,"href":"https:\/\/fayshing.com\/es-es\/wp-json\/wp\/v2\/product_brand?post=1482"},{"taxonomy":"product_cat","embeddable":true,"href":"https:\/\/fayshing.com\/es-es\/wp-json\/wp\/v2\/product_cat?post=1482"},{"taxonomy":"product_tag","embeddable":true,"href":"https:\/\/fayshing.com\/es-es\/wp-json\/wp\/v2\/product_tag?post=1482"}],"curies":[{"name":"wp","href":"https:\/\/api.w.org\/{rel}","templated":true}]}}