{"id":1433,"date":"2022-04-12T14:53:04","date_gmt":"2022-04-12T06:53:04","guid":{"rendered":"http:\/\/fayshing.com\/?post_type=product&#038;p=1433"},"modified":"2025-09-23T14:17:37","modified_gmt":"2025-09-23T06:17:37","slug":"fayshing-medium-recessed-butterfly-latch-with-shallow-offset","status":"publish","type":"product","link":"https:\/\/fayshing.com\/es-es\/product\/fayshing-medium-recessed-butterfly-latch-with-shallow-offset\/","title":{"rendered":"FAYSHING Cierre de mariposa empotrado mediano con desplazamiento superficial FS1210"},"content":{"rendered":"<p data-start=\"180\" data-end=\"488\">En <strong data-start=\"184\" data-end=\"226\">FS1210 Cierre de mariposa empotrado mediano<\/strong> es una soluci\u00f3n de hardware vers\u00e1til y segura para flight cases, maletas de carretera, cajas para equipos y armarios a medida. Dise\u00f1ado con un <strong data-start=\"363\" data-end=\"381\">desplazamiento superficial<\/strong> y <strong data-start=\"386\" data-end=\"416\">soporte para candado integrado<\/strong>Adem\u00e1s, ofrece un funcionamiento suave y la posibilidad de aumentar la seguridad.<\/p>\n<p data-start=\"490\" data-end=\"820\">Construido a partir de <strong data-start=\"507\" data-end=\"524\">acero duradero<\/strong> y disponible en <strong data-start=\"542\" data-end=\"552\">cromo<\/strong>, <strong data-start=\"554\" data-end=\"563\">negro<\/strong>o <strong data-start=\"568\" data-end=\"576\">zinc<\/strong> este cierre ofrece un rendimiento duradero y un aspecto profesional. El dise\u00f1o empotrado ayuda a evitar enganches accidentales, mientras que el mecanismo de mariposa garantiza un cierre fiable en condiciones exigentes de transporte o almacenamiento.<\/p>\n<p data-start=\"822\" data-end=\"841\"><strong data-start=\"822\" data-end=\"839\">Caracter\u00edsticas principales:<\/strong><\/p>\n<ul data-start=\"842\" data-end=\"1208\">\n<li data-start=\"842\" data-end=\"866\">\n<p data-start=\"844\" data-end=\"866\">C\u00f3digo del producto: FS1210<\/p>\n<\/li>\n<li data-start=\"867\" data-end=\"928\">\n<p data-start=\"869\" data-end=\"928\">Tipo: Picaporte de mariposa de encastre medio con desplazamiento superficial<\/p>\n<\/li>\n<li data-start=\"929\" data-end=\"969\">\n<p data-start=\"931\" data-end=\"969\">Material: Acero: resistente y duradero<\/p>\n<\/li>\n<li data-start=\"970\" data-end=\"1005\">\n<p data-start=\"972\" data-end=\"1005\">Acabados: Cromo \/ Negro \/ Zinc<\/p>\n<\/li>\n<li data-start=\"1006\" data-end=\"1055\">\n<p data-start=\"1008\" data-end=\"1055\">Se puede cerrar con candado: S\u00ed - seguridad adicional cuando sea necesario<\/p>\n<\/li>\n<li data-start=\"1056\" data-end=\"1122\">\n<p data-start=\"1058\" data-end=\"1122\">El dise\u00f1o empotrado evita enganches y protege el mecanismo de cierre<\/p>\n<\/li>\n<li data-start=\"1123\" data-end=\"1208\">\n<p data-start=\"1125\" data-end=\"1208\">Ideal para flight cases, maletas de equipos de audio, cofres de herramientas y cajas a medida<\/p>\n<\/li>\n<\/ul>\n<p data-start=\"1210\" data-end=\"1383\">Tanto si necesita herrajes de cierre fiables para el equipo de viaje como para un almacenamiento seguro, la FS1210 ofrece el equilibrio perfecto entre accesibilidad, resistencia y protecci\u00f3n con cerradura.<\/p>\n<p data-start=\"1210\" data-end=\"1383\"><h2 id=\"tablepress-2-name\" class=\"tablepress-table-name tablepress-table-name-id-2\">Pestillo empotrado mediano<\/h2>\n\n<table id=\"tablepress-2\" class=\"tablepress tablepress-id-2\" aria-labelledby=\"tablepress-2-name\">\n<thead>\n<tr class=\"row-1\">\n\t<th class=\"column-1\"><strong>N\u00famero de pieza<\/strong><\/th><th class=\"column-2\"><strong>Dibujo<\/strong><\/th><th class=\"column-3\"><strong>Acabado<\/strong><\/th><th class=\"column-4\"><strong>Con cerradura<\/strong><\/th><th class=\"column-5\"><strong>Desplazamiento<\/strong><\/th>\n<\/tr>\n<\/thead>\n<tbody class=\"row-striping row-hover\">\n<tr class=\"row-2\">\n\t<td class=\"column-1\"><a href=\"https:\/\/fayshing.com\/es-es\/product\/fayshing-112x105mm-medium-recessed-butterfly-twist-latch-with-padlock-function-fs-1108\/\">FS1108<\/a><\/td><td class=\"column-2\"><a href=\"https:\/\/fayshing.com\/wp-content\/uploads\/112x105mm-Medium-Recessed-Butterfly-Twist-Latch-with-Padlock-Function-FS-1108.png\"><img decoding=\"async\" src=\"https:\/\/fayshing.com\/wp-content\/uploads\/112x105mm-Medium-Recessed-Butterfly-Twist-Latch-with-Padlock-Function-FS-1108-300x147.png\" alt=\"FS1105 Dibujos CAD detallados\" width=\"60\" height=\"34\" class=\"alignnone size-medium wp-image-5620\" title=\"\"><\/a><\/td><td class=\"column-3\">Cromo<\/td><td class=\"column-4\">Con candado<\/td><td class=\"column-5\">NO<\/td>\n<\/tr>\n<tr class=\"row-3\">\n\t<td class=\"column-1\"><a href=\"https:\/\/fayshing.com\/es-es\/product\/fs1206-pestillo-empotrado-mediano-sin-desplazamiento\/\">FS1206<\/a><\/td><td class=\"column-2\"><a href=\"https:\/\/fayshing.com\/wp-content\/uploads\/FS1206-Medium-Recessed-Latch-without-Offset-Size.jpg\"><img decoding=\"async\" src=\"https:\/\/fayshing.com\/wp-content\/uploads\/FS1206-Medium-Recessed-Latch-without-Offset-Size-300x300.jpg\" alt=\"FS1206 Cerradura empotrada mediana sin desplazamiento Tama\u00f1o\" width=\"60\" height=\"60\" class=\"alignnone size-medium wp-image-6214\" title=\"\" srcset=\"https:\/\/fayshing.com\/wp-content\/uploads\/FS1206-Medium-Recessed-Latch-without-Offset-Size-300x300.jpg 300w, https:\/\/fayshing.com\/wp-content\/uploads\/FS1206-Medium-Recessed-Latch-without-Offset-Size-150x150.jpg 150w, https:\/\/fayshing.com\/wp-content\/uploads\/FS1206-Medium-Recessed-Latch-without-Offset-Size-768x768.jpg 768w, https:\/\/fayshing.com\/wp-content\/uploads\/FS1206-Medium-Recessed-Latch-without-Offset-Size-12x12.jpg 12w, https:\/\/fayshing.com\/wp-content\/uploads\/FS1206-Medium-Recessed-Latch-without-Offset-Size-600x600.jpg 600w, https:\/\/fayshing.com\/wp-content\/uploads\/FS1206-Medium-Recessed-Latch-without-Offset-Size-200x200.jpg 200w, https:\/\/fayshing.com\/wp-content\/uploads\/FS1206-Medium-Recessed-Latch-without-Offset-Size.jpg 1000w\" sizes=\"(max-width: 60px) 100vw, 60px\" \/><\/a><\/td><td class=\"column-3\">Cromo<\/td><td class=\"column-4\">NO<\/td><td class=\"column-5\">NO<\/td>\n<\/tr>\n<tr class=\"row-4\">\n\t<td class=\"column-1\"><a href=\"https:\/\/fayshing.com\/es-es\/product\/112x105mm-medium-spring-loaded-recessed-butterfly-twist-latch-with-padlock-ring-fs-1111\/\">FS1111<\/a><\/td><td class=\"column-2\"><a href=\"https:\/\/fayshing.com\/wp-content\/uploads\/2022\/05\/FS1111-1.jpg\"><img decoding=\"async\" src=\"https:\/\/fayshing.com\/wp-content\/uploads\/2022\/05\/FS1111-1-300x300.jpg\" alt=\"Cierre giratorio de mariposa empotrado de muelle medio con anilla para candado\" width=\"60\" height=\"60\" class=\"alignnone size-medium wp-image-3041\" title=\"\" srcset=\"https:\/\/fayshing.com\/wp-content\/uploads\/2022\/05\/FS1111-1-300x300.jpg 300w, https:\/\/fayshing.com\/wp-content\/uploads\/2022\/05\/FS1111-1-200x200.jpg 200w, https:\/\/fayshing.com\/wp-content\/uploads\/2022\/05\/FS1111-1-600x600.jpg 600w, https:\/\/fayshing.com\/wp-content\/uploads\/2022\/05\/FS1111-1-64x64.jpg 64w, https:\/\/fayshing.com\/wp-content\/uploads\/2022\/05\/FS1111-1-150x150.jpg 150w, https:\/\/fayshing.com\/wp-content\/uploads\/2022\/05\/FS1111-1-768x768.jpg 768w, https:\/\/fayshing.com\/wp-content\/uploads\/2022\/05\/FS1111-1-100x100.jpg 100w, https:\/\/fayshing.com\/wp-content\/uploads\/2022\/05\/FS1111-1.jpg 800w\" sizes=\"(max-width: 60px) 100vw, 60px\" \/><\/a><\/td><td class=\"column-3\">Cromo<\/td><td class=\"column-4\">Con candado<\/td><td class=\"column-5\">NO<\/td>\n<\/tr>\n<tr class=\"row-5\">\n\t<td class=\"column-1\"><a href=\"https:\/\/fayshing.com\/es-es\/product\/112x105mm-medium-spring-loaded-recessed-butterfly-twist-latch-fs-1112\/\">FS1112<\/a><\/td><td class=\"column-2\"><a href=\"https:\/\/fayshing.com\/wp-content\/uploads\/2022\/05\/FS1112-1.jpg\"><img loading=\"lazy\" decoding=\"async\" src=\"https:\/\/fayshing.com\/wp-content\/uploads\/2022\/05\/FS1112-1-300x300.jpg\" alt=\"112x105mm cierre giratorio de mariposa empotrado con muelle\" width=\"60\" height=\"60\" class=\"alignnone size-medium wp-image-2955\" title=\"\" srcset=\"https:\/\/fayshing.com\/wp-content\/uploads\/2022\/05\/FS1112-1-300x300.jpg 300w, https:\/\/fayshing.com\/wp-content\/uploads\/2022\/05\/FS1112-1-200x200.jpg 200w, https:\/\/fayshing.com\/wp-content\/uploads\/2022\/05\/FS1112-1-600x600.jpg 600w, https:\/\/fayshing.com\/wp-content\/uploads\/2022\/05\/FS1112-1-64x64.jpg 64w, https:\/\/fayshing.com\/wp-content\/uploads\/2022\/05\/FS1112-1-150x150.jpg 150w, https:\/\/fayshing.com\/wp-content\/uploads\/2022\/05\/FS1112-1-768x768.jpg 768w, https:\/\/fayshing.com\/wp-content\/uploads\/2022\/05\/FS1112-1-100x100.jpg 100w, https:\/\/fayshing.com\/wp-content\/uploads\/2022\/05\/FS1112-1.jpg 800w\" sizes=\"(max-width: 60px) 100vw, 60px\" \/><\/a><\/td><td class=\"column-3\">Cromo<\/td><td class=\"column-4\">NO<\/td><td class=\"column-5\">NO<\/td>\n<\/tr>\n<tr class=\"row-6\">\n\t<td class=\"column-1\"><a href=\"https:\/\/fayshing.com\/es-es\/product\/112x105mm-medium-recessed-butterfly-twist-latch-in-offset-dish-with-padlock-ring-fs-1109\/\">FS1109<\/a><\/td><td class=\"column-2\"><a href=\"https:\/\/fayshing.com\/wp-content\/uploads\/FS1109.jpg\"><img loading=\"lazy\" decoding=\"async\" src=\"https:\/\/fayshing.com\/wp-content\/uploads\/FS1109-300x300.jpg\" alt=\"112x105mm cierre giratorio de mariposa medio empotrado con plato desplazado y anillo de candado\" width=\"60\" height=\"60\" class=\"alignnone size-medium wp-image-6222\" title=\"\" srcset=\"https:\/\/fayshing.com\/wp-content\/uploads\/FS1109-300x300.jpg 300w, https:\/\/fayshing.com\/wp-content\/uploads\/FS1109-150x150.jpg 150w, https:\/\/fayshing.com\/wp-content\/uploads\/FS1109-768x768.jpg 768w, https:\/\/fayshing.com\/wp-content\/uploads\/FS1109-12x12.jpg 12w, https:\/\/fayshing.com\/wp-content\/uploads\/FS1109-600x600.jpg 600w, https:\/\/fayshing.com\/wp-content\/uploads\/FS1109-200x200.jpg 200w, https:\/\/fayshing.com\/wp-content\/uploads\/FS1109.jpg 1000w\" sizes=\"(max-width: 60px) 100vw, 60px\" \/><\/a><\/td><td class=\"column-3\">Cromo<\/td><td class=\"column-4\">Con candado<\/td><td class=\"column-5\">S\u00ed<\/td>\n<\/tr>\n<tr class=\"row-7\">\n\t<td class=\"column-1\"><a href=\"https:\/\/fayshing.com\/es-es\/product\/112x105mm-medium-recessed-butterfly-twist-latch-in-offset-dish-fs-1110\/\">FS1110<\/a><\/td><td class=\"column-2\"><a href=\"https:\/\/fayshing.com\/wp-content\/uploads\/FS1110-Detailed-CAD-Drawings.png\"><img loading=\"lazy\" decoding=\"async\" src=\"https:\/\/fayshing.com\/wp-content\/uploads\/FS1110-Detailed-CAD-Drawings-300x127.png\" alt=\"FS1110 Dibujos CAD detallados\" width=\"60\" height=\"34\" class=\"alignnone size-medium wp-image-5626\" title=\"\"><\/a><\/td><td class=\"column-3\">Cromo<\/td><td class=\"column-4\">NO<\/td><td class=\"column-5\">S\u00ed<\/td>\n<\/tr>\n<tr class=\"row-8\">\n\t<td class=\"column-1\"><a href=\"https:\/\/fayshing.com\/es-es\/product\/fs1207-medium-recessed-latch-with-offset\/\">FS1207<\/a><\/td><td class=\"column-2\"><a href=\"https:\/\/fayshing.com\/wp-content\/uploads\/FS-1207-Size.jpg\"><img loading=\"lazy\" decoding=\"async\" src=\"https:\/\/fayshing.com\/wp-content\/uploads\/FS-1207-Size-300x300.jpg\" alt=\"FS1207 Pestillo empotrado mediano con tama\u00f1o desplazado\" width=\"60\" height=\"60\" class=\"alignnone size-medium wp-image-6418\" title=\"\" srcset=\"https:\/\/fayshing.com\/wp-content\/uploads\/FS-1207-Size-300x300.jpg 300w, https:\/\/fayshing.com\/wp-content\/uploads\/FS-1207-Size-150x150.jpg 150w, https:\/\/fayshing.com\/wp-content\/uploads\/FS-1207-Size-768x768.jpg 768w, https:\/\/fayshing.com\/wp-content\/uploads\/FS-1207-Size-12x12.jpg 12w, https:\/\/fayshing.com\/wp-content\/uploads\/FS-1207-Size-600x600.jpg 600w, https:\/\/fayshing.com\/wp-content\/uploads\/FS-1207-Size-200x200.jpg 200w, https:\/\/fayshing.com\/wp-content\/uploads\/FS-1207-Size.jpg 1000w\" sizes=\"(max-width: 60px) 100vw, 60px\" \/><\/a><\/td><td class=\"column-3\">Cromo<\/td><td class=\"column-4\">Con candado<\/td><td class=\"column-5\">S\u00ed<\/td>\n<\/tr>\n<tr class=\"row-9\">\n\t<td class=\"column-1\"><a href=\"https:\/\/fayshing.com\/es-es\/product\/fayshing-medium-recessed-butterfly-latch-with-shallow-offset\/\">FS1210<\/a><\/td><td class=\"column-2\"><a href=\"https:\/\/fayshing.com\/wp-content\/uploads\/FS1210-Detailed-CAD-Drawings.png\"><img loading=\"lazy\" decoding=\"async\" src=\"https:\/\/fayshing.com\/wp-content\/uploads\/FS1210-Detailed-CAD-Drawings-300x128.png\" alt=\"FS1210 Dibujos CAD detallados\" width=\"60\" height=\"34\" class=\"alignnone size-medium wp-image-5628\" title=\"\"><\/a><\/td><td class=\"column-3\">Cromo<\/td><td class=\"column-4\">Con candado<\/td><td class=\"column-5\">S\u00ed<\/td>\n<\/tr>\n<\/tbody>\n<\/table>\n<!-- #tablepress-2 from cache --><\/p>\n<hr \/>\n<h3>FS1210 Dibujos CAD detallados<\/h3>\n<p><a href=\"https:\/\/fayshing.com\/wp-content\/uploads\/FS1210-Detailed-CAD-Drawings.png\"><img loading=\"lazy\" decoding=\"async\" class=\"alignnone wp-image-5628\" src=\"https:\/\/fayshing.com\/wp-content\/uploads\/FS1210-Detailed-CAD-Drawings-300x128.png\" alt=\"FS1210 Dibujos CAD detallados\" width=\"382\" height=\"163\" title=\"\" srcset=\"https:\/\/fayshing.com\/wp-content\/uploads\/FS1210-Detailed-CAD-Drawings-300x128.png 300w, https:\/\/fayshing.com\/wp-content\/uploads\/FS1210-Detailed-CAD-Drawings-600x257.png 600w, https:\/\/fayshing.com\/wp-content\/uploads\/FS1210-Detailed-CAD-Drawings-64x27.png 64w, https:\/\/fayshing.com\/wp-content\/uploads\/FS1210-Detailed-CAD-Drawings-18x8.png 18w, https:\/\/fayshing.com\/wp-content\/uploads\/FS1210-Detailed-CAD-Drawings.png 750w\" sizes=\"(max-width: 382px) 100vw, 382px\" \/><\/a><\/p>\n<p><iframe title=\"FAYSHING | Flight Case Cierre de mariposa empotrado\" width=\"1200\" height=\"675\" src=\"https:\/\/www.youtube.com\/embed\/aTp86AjsHpU?feature=oembed&#038;enablejsapi=1&#038;origin=https:\/\/fayshing.com\" frameborder=\"0\" allow=\"accelerometer; autoplay; clipboard-write; encrypted-media; gyroscope; picture-in-picture; web-share\" referrerpolicy=\"strict-origin-when-cross-origin\" allowfullscreen><\/iframe><\/p>","protected":false},"excerpt":{"rendered":"<ul>\n<li>Pestillo empotrado mediano con soporte para candado y desplazamiento<\/li>\n<li>Material: Acero<\/li>\n<li>Acabado: Cromo \/ Negro \/ Zinc<\/li>\n<li>Con candado<\/li>\n<\/ul>","protected":false},"featured_media":1434,"comment_status":"open","ping_status":"closed","template":"","meta":{"_acf_changed":false},"product_brand":[],"product_cat":[23,116],"product_tag":[],"class_list":{"0":"post-1433","1":"product","2":"type-product","3":"status-publish","4":"has-post-thumbnail","6":"product_cat-latches","7":"product_cat-recessed-twist-latches","8":"pa_application-aluminum-case","9":"pa_application-equipment-case","10":"pa_application-flight-case","11":"pa_material-steel","12":"pa_surface-treatment-black","13":"pa_surface-treatment-blue-zinc","14":"pa_surface-treatment-chrome","15":"description-off","17":"first","18":"instock","19":"featured","20":"shipping-taxable","21":"purchasable","22":"product-type-simple"},"acf":[],"_links":{"self":[{"href":"https:\/\/fayshing.com\/es-es\/wp-json\/wp\/v2\/product\/1433","targetHints":{"allow":["GET"]}}],"collection":[{"href":"https:\/\/fayshing.com\/es-es\/wp-json\/wp\/v2\/product"}],"about":[{"href":"https:\/\/fayshing.com\/es-es\/wp-json\/wp\/v2\/types\/product"}],"replies":[{"embeddable":true,"href":"https:\/\/fayshing.com\/es-es\/wp-json\/wp\/v2\/comments?post=1433"}],"wp:featuredmedia":[{"embeddable":true,"href":"https:\/\/fayshing.com\/es-es\/wp-json\/wp\/v2\/media\/1434"}],"wp:attachment":[{"href":"https:\/\/fayshing.com\/es-es\/wp-json\/wp\/v2\/media?parent=1433"}],"wp:term":[{"taxonomy":"product_brand","embeddable":true,"href":"https:\/\/fayshing.com\/es-es\/wp-json\/wp\/v2\/product_brand?post=1433"},{"taxonomy":"product_cat","embeddable":true,"href":"https:\/\/fayshing.com\/es-es\/wp-json\/wp\/v2\/product_cat?post=1433"},{"taxonomy":"product_tag","embeddable":true,"href":"https:\/\/fayshing.com\/es-es\/wp-json\/wp\/v2\/product_tag?post=1433"}],"curies":[{"name":"wp","href":"https:\/\/api.w.org\/{rel}","templated":true}]}}