{"id":6553,"date":"2025-09-25T10:16:46","date_gmt":"2025-09-25T02:16:46","guid":{"rendered":"https:\/\/fayshing.com\/?post_type=product&#038;p=6553"},"modified":"2025-12-12T10:58:44","modified_gmt":"2025-12-12T02:58:44","slug":"fs1215-two-hole-small-surface-latch","status":"publish","type":"product","link":"https:\/\/fayshing.com\/de-de\/product\/fs1215-two-hole-small-surface-latch\/","title":{"rendered":"FS1215 Kleiner Zwei-Loch-Fl\u00e4chenverschluss"},"content":{"rendered":"<p data-start=\"131\" data-end=\"398\">Der <strong data-start=\"135\" data-end=\"165\">FS1215 Kleiner Oberfl\u00e4chenverschluss<\/strong> ist eine kompakte und praktische Hardware-L\u00f6sung, die f\u00fcr leichte Koffer, kleine Boxen und Geh\u00e4use entwickelt wurde. Mit seinem <strong data-start=\"281\" data-end=\"309\">Zwei-Loch-Montage-Design<\/strong>Es gew\u00e4hrleistet einen sicheren Einbau und h\u00e4lt das Profil des Verschlusses einfach und funktionell.<\/p>\n<p data-start=\"400\" data-end=\"671\">Hergestellt aus <strong data-start=\"410\" data-end=\"418\">Eisen<\/strong> mit einer dauerhaften <strong data-start=\"434\" data-end=\"458\">verchromte Oberfl\u00e4che<\/strong>Der FS1215 ist korrosionsbest\u00e4ndig und bietet ein sauberes, poliertes Aussehen. Sein <strong data-start=\"535\" data-end=\"557\">nicht-verriegelnde Konstruktion<\/strong> erm\u00f6glicht einen schnellen und einfachen Zugang und ist damit ideal f\u00fcr Anwendungen, die ein schnelles \u00d6ffnen und Schlie\u00dfen erfordern.<\/p>\n<p data-start=\"673\" data-end=\"692\"><strong data-start=\"673\" data-end=\"690\">Wesentliche Merkmale:<\/strong><\/p>\n<ul data-start=\"693\" data-end=\"967\">\n<li data-start=\"693\" data-end=\"717\">\n<p data-start=\"695\" data-end=\"717\">Produkt-Code: FS1215<\/p>\n<\/li>\n<li data-start=\"718\" data-end=\"747\">\n<p data-start=\"720\" data-end=\"747\">Typ: Kleine Oberfl\u00e4chenverriegelung<\/p>\n<\/li>\n<li data-start=\"748\" data-end=\"766\">\n<p data-start=\"750\" data-end=\"766\">Material: Eisen<\/p>\n<\/li>\n<li data-start=\"767\" data-end=\"800\">\n<p data-start=\"769\" data-end=\"800\">Oberfl\u00e4che: Verchromt<\/p>\n<\/li>\n<li data-start=\"801\" data-end=\"837\">\n<p data-start=\"803\" data-end=\"837\">Gr\u00f6\u00dfe: Kleines, platzsparendes Design<\/p>\n<\/li>\n<li data-start=\"880\" data-end=\"896\">\n<p data-start=\"882\" data-end=\"896\">Abschlie\u00dfbar: Nein<\/p>\n<\/li>\n<li data-start=\"897\" data-end=\"967\">\n<p data-start=\"899\" data-end=\"967\">Anwendungen: Kleine Kisten, Koffer, Werkzeugk\u00e4sten, dekorative Geh\u00e4use<\/p>\n<\/li>\n<\/ul>\n<p data-start=\"969\" data-end=\"1129\">Der FS1215 ist die perfekte Wahl f\u00fcr <strong data-start=\"1006\" data-end=\"1058\">Koffermacher, Kistenhersteller und DIY-Projekte<\/strong> sucht eine <strong data-start=\"1069\" data-end=\"1126\">kompakte, zuverl\u00e4ssige und einfach zu installierende Verriegelungsl\u00f6sung<\/strong>.<\/p>\n<p data-start=\"969\" data-end=\"1129\"><h2 id=\"tablepress-4-name\" class=\"tablepress-table-name tablepress-table-name-id-4\">Kleine Oberfl\u00e4chenverriegelung<\/h2>\n\n<table id=\"tablepress-4\" class=\"tablepress tablepress-id-4\" aria-labelledby=\"tablepress-4-name\">\n<thead>\n<tr class=\"row-1\">\n\t<th class=\"column-1\"><strong>Teil Nummer<\/strong><\/th><th class=\"column-2\"><strong>Zeichnung<\/strong><\/th><th class=\"column-3\"><strong>Oberfl\u00e4che<\/strong><\/th><th class=\"column-4\"><strong>Abschlie\u00dfbar<\/strong><\/th><th class=\"column-5\"><strong>Fr\u00fchling<\/strong><\/th>\n<\/tr>\n<\/thead>\n<tbody class=\"row-striping row-hover\">\n<tr class=\"row-2\">\n\t<td class=\"column-1\"><a href=\"https:\/\/fayshing.com\/de-de\/product\/fs1215-two-hole-small-surface-latch\/\">FS1215<\/a><\/td><td class=\"column-2\"><\/td><td class=\"column-3\">Chrom<\/td><td class=\"column-4\">Nein<\/td><td class=\"column-5\">Nein<\/td>\n<\/tr>\n<tr class=\"row-3\">\n\t<td class=\"column-1\"><a href=\"https:\/\/fayshing.com\/de-de\/product\/42x40mm-stainless-steel-small-surface-mount-butterfly-twist-latch-and-keeper-fs-1121\/\">FS1121<\/a><\/td><td class=\"column-2\"><a href=\"https:\/\/fayshing.com\/wp-content\/uploads\/FS1121-Surface-Mount-Twist-Latches.jpg\"><img decoding=\"async\" src=\"https:\/\/fayshing.com\/wp-content\/uploads\/FS1121-Surface-Mount-Twist-Latches-300x300.jpg\" alt=\"FS1121 Drehverschl\u00fcsse f\u00fcr Oberfl\u00e4chenmontage\" width=\"60\" height=\"60\" class=\"alignnone size-medium wp-image-6224\" title=\"\" srcset=\"https:\/\/fayshing.com\/wp-content\/uploads\/FS1121-Surface-Mount-Twist-Latches-300x300.jpg 300w, https:\/\/fayshing.com\/wp-content\/uploads\/FS1121-Surface-Mount-Twist-Latches-150x150.jpg 150w, https:\/\/fayshing.com\/wp-content\/uploads\/FS1121-Surface-Mount-Twist-Latches-768x768.jpg 768w, https:\/\/fayshing.com\/wp-content\/uploads\/FS1121-Surface-Mount-Twist-Latches-12x12.jpg 12w, https:\/\/fayshing.com\/wp-content\/uploads\/FS1121-Surface-Mount-Twist-Latches-600x600.jpg 600w, https:\/\/fayshing.com\/wp-content\/uploads\/FS1121-Surface-Mount-Twist-Latches-200x200.jpg 200w, https:\/\/fayshing.com\/wp-content\/uploads\/FS1121-Surface-Mount-Twist-Latches.jpg 800w\" sizes=\"(max-width: 60px) 100vw, 60px\" \/><\/a><\/td><td class=\"column-3\">Chrom<\/td><td class=\"column-4\">Nein<\/td><td class=\"column-5\">Nein<\/td>\n<\/tr>\n<tr class=\"row-4\">\n\t<td class=\"column-1\"><a href=\"https:\/\/fayshing.com\/de-de\/product\/42x40mm-stainless-steel-surface-mount-twist-latch-and-keeper-with-exposed-mounting-hole-fs-1122\/\">FS1122<\/a><\/td><td class=\"column-2\"><a href=\"https:\/\/fayshing.com\/wp-content\/uploads\/2022\/05\/FS1122.jpg\"><img decoding=\"async\" src=\"https:\/\/fayshing.com\/wp-content\/uploads\/2022\/05\/FS1122-300x300.jpg\" alt=\"Kleiner Edelstahl-Drehverschluss mit freiliegender Befestigung\" width=\"60\" height=\"60\" class=\"alignnone size-medium wp-image-2935\" title=\"\" srcset=\"https:\/\/fayshing.com\/wp-content\/uploads\/2022\/05\/FS1122-300x300.jpg 300w, https:\/\/fayshing.com\/wp-content\/uploads\/2022\/05\/FS1122-200x200.jpg 200w, https:\/\/fayshing.com\/wp-content\/uploads\/2022\/05\/FS1122-600x600.jpg 600w, https:\/\/fayshing.com\/wp-content\/uploads\/2022\/05\/FS1122-64x64.jpg 64w, https:\/\/fayshing.com\/wp-content\/uploads\/2022\/05\/FS1122-150x150.jpg 150w, https:\/\/fayshing.com\/wp-content\/uploads\/2022\/05\/FS1122-768x768.jpg 768w, https:\/\/fayshing.com\/wp-content\/uploads\/2022\/05\/FS1122-100x100.jpg 100w, https:\/\/fayshing.com\/wp-content\/uploads\/2022\/05\/FS1122.jpg 800w\" sizes=\"(max-width: 60px) 100vw, 60px\" \/><\/a><\/td><td class=\"column-3\">Chrom<\/td><td class=\"column-4\">Nein<\/td><td class=\"column-5\">Nein<\/td>\n<\/tr>\n<tr class=\"row-5\">\n\t<td class=\"column-1\"><a href=\"https:\/\/fayshing.com\/de-de\/product\/55x51mm-spring-loaded-small-surface-mount-butterfly-twist-latch-and-keeper-fs-1123\/\">FS1123<\/a><\/td><td class=\"column-2\"><a href=\"https:\/\/fayshing.com\/wp-content\/uploads\/2022\/05\/FS1123.jpg\"><img decoding=\"async\" src=\"https:\/\/fayshing.com\/wp-content\/uploads\/2022\/05\/FS1123-300x300.jpg\" alt=\"55x51mm federbelasteter Schmetterlings-Drehverschluss f\u00fcr die Oberfl\u00e4chenmontage\" width=\"60\" height=\"60\" class=\"alignnone size-medium wp-image-2933\" title=\"\" srcset=\"https:\/\/fayshing.com\/wp-content\/uploads\/2022\/05\/FS1123-300x300.jpg 300w, https:\/\/fayshing.com\/wp-content\/uploads\/2022\/05\/FS1123-200x200.jpg 200w, https:\/\/fayshing.com\/wp-content\/uploads\/2022\/05\/FS1123-600x600.jpg 600w, https:\/\/fayshing.com\/wp-content\/uploads\/2022\/05\/FS1123-64x64.jpg 64w, https:\/\/fayshing.com\/wp-content\/uploads\/2022\/05\/FS1123-150x150.jpg 150w, https:\/\/fayshing.com\/wp-content\/uploads\/2022\/05\/FS1123-768x768.jpg 768w, https:\/\/fayshing.com\/wp-content\/uploads\/2022\/05\/FS1123-100x100.jpg 100w, https:\/\/fayshing.com\/wp-content\/uploads\/2022\/05\/FS1123.jpg 800w\" sizes=\"(max-width: 60px) 100vw, 60px\" \/><\/a><\/td><td class=\"column-3\">Chrom<\/td><td class=\"column-4\">Nein<\/td><td class=\"column-5\">Nein<\/td>\n<\/tr>\n<tr class=\"row-6\">\n\t<td class=\"column-1\"><a href=\"https:\/\/fayshing.com\/de-de\/product\/55x51mm-padlockable-spring-loaded-surface-mount-butterfly-twist-latch-and-keeper-fs-1124\/\">FS1124<\/a><\/td><td class=\"column-2\"><a href=\"https:\/\/fayshing.com\/wp-content\/uploads\/FS1124.png\"><img loading=\"lazy\" decoding=\"async\" src=\"https:\/\/fayshing.com\/wp-content\/uploads\/FS1124-300x128.png\" alt=\"FS1124 Detaillierte CAD-Zeichnungen\" width=\"60\" height=\"30\" class=\"alignnone size-medium wp-image-5610\" title=\"\"><\/a><\/td><td class=\"column-3\">Chrom<\/td><td class=\"column-4\">Mit Vorh\u00e4ngeschloss abschlie\u00dfbar<\/td><td class=\"column-5\">Nein<\/td>\n<\/tr>\n<\/tbody>\n<\/table>\n<!-- #tablepress-4 from cache --><\/p>","protected":false},"excerpt":{"rendered":"<ul>\n<li>Material: Eisen<\/li>\n<li>Ausf\u00fchrung: Chrom;<\/li>\n<li>Gr\u00f6\u00dfe: 55 \u00d7 52 mm;<\/li>\n<\/ul>","protected":false},"featured_media":6554,"comment_status":"open","ping_status":"closed","template":"","meta":{"_acf_changed":false},"product_brand":[],"product_cat":[23],"product_tag":[],"class_list":{"0":"post-6553","1":"product","2":"type-product","3":"status-publish","4":"has-post-thumbnail","6":"product_cat-latches","7":"pa_material-iron","8":"pa_parts-no-fs1215","9":"pa_surface-treatment-chrome","10":"description-off","12":"first","13":"instock","14":"shipping-taxable","15":"product-type-simple"},"acf":[],"_links":{"self":[{"href":"https:\/\/fayshing.com\/de-de\/wp-json\/wp\/v2\/product\/6553","targetHints":{"allow":["GET"]}}],"collection":[{"href":"https:\/\/fayshing.com\/de-de\/wp-json\/wp\/v2\/product"}],"about":[{"href":"https:\/\/fayshing.com\/de-de\/wp-json\/wp\/v2\/types\/product"}],"replies":[{"embeddable":true,"href":"https:\/\/fayshing.com\/de-de\/wp-json\/wp\/v2\/comments?post=6553"}],"wp:featuredmedia":[{"embeddable":true,"href":"https:\/\/fayshing.com\/de-de\/wp-json\/wp\/v2\/media\/6554"}],"wp:attachment":[{"href":"https:\/\/fayshing.com\/de-de\/wp-json\/wp\/v2\/media?parent=6553"}],"wp:term":[{"taxonomy":"product_brand","embeddable":true,"href":"https:\/\/fayshing.com\/de-de\/wp-json\/wp\/v2\/product_brand?post=6553"},{"taxonomy":"product_cat","embeddable":true,"href":"https:\/\/fayshing.com\/de-de\/wp-json\/wp\/v2\/product_cat?post=6553"},{"taxonomy":"product_tag","embeddable":true,"href":"https:\/\/fayshing.com\/de-de\/wp-json\/wp\/v2\/product_tag?post=6553"}],"curies":[{"name":"wp","href":"https:\/\/api.w.org\/{rel}","templated":true}]}}