{"id":6430,"date":"2025-07-03T15:22:44","date_gmt":"2025-07-03T07:22:44","guid":{"rendered":"https:\/\/fayshing.com\/?post_type=product&#038;p=6430"},"modified":"2025-12-15T11:26:10","modified_gmt":"2025-12-15T03:26:10","slug":"3-holes-small-female-stackable-ball-corner-fs3130","status":"publish","type":"product","link":"https:\/\/fayshing.com\/de-de\/product\/3-holes-small-female-stackable-ball-corner-fs3130\/","title":{"rendered":"3 L\u00f6cher Kleine weibliche stapelbare Kugelecke FS3130"},"content":{"rendered":"<p data-start=\"161\" data-end=\"461\">Der <strong data-start=\"165\" data-end=\"211\">FS-3130 Kleine weibliche stapelbare Kugelecke<\/strong> ist ein kompakter und haltbarer Eckenschutz, der f\u00fcr F\u00e4lle entwickelt wurde, die eine <strong data-start=\"286\" data-end=\"309\">Stapelf\u00e4higkeit<\/strong>. Mit seinem <strong data-start=\"320\" data-end=\"347\">weibliches stapelbares Design<\/strong>Sie erm\u00f6glicht das sichere Stapeln von Koffern \u00fcbereinander und sorgt f\u00fcr Stabilit\u00e4t bei Lagerung und Transport.<\/p>\n<p data-start=\"463\" data-end=\"748\">Mit <strong data-start=\"473\" data-end=\"497\">drei Befestigungsl\u00f6cher<\/strong>Der FS-3130 gew\u00e4hrleistet einen sicheren Sitz und einen hervorragenden Kantenschutz. Hergestellt aus starkem Stahl und erh\u00e4ltlich in <strong data-start=\"603\" data-end=\"613\">Chrom<\/strong>, <strong data-start=\"615\" data-end=\"624\">schwarz<\/strong>, oder <strong data-start=\"629\" data-end=\"642\">Blauzink<\/strong> Sie bietet sowohl Sto\u00dffestigkeit als auch \u00e4sthetische Vielseitigkeit, um verschiedene Geh\u00e4useformen zu erg\u00e4nzen.<\/p>\n<p data-start=\"750\" data-end=\"769\"><strong data-start=\"750\" data-end=\"767\">Wesentliche Merkmale:<\/strong><\/p>\n<ul data-start=\"770\" data-end=\"1096\">\n<li data-start=\"770\" data-end=\"795\">\n<p data-start=\"772\" data-end=\"795\">Produkt-Code: FS-3130<\/p>\n<\/li>\n<li data-start=\"796\" data-end=\"862\">\n<p data-start=\"798\" data-end=\"862\">Typ: Kleine weibliche stapelbare Kugelecke mit 3 Befestigungsl\u00f6chern<\/p>\n<\/li>\n<li data-start=\"863\" data-end=\"909\">\n<p data-start=\"865\" data-end=\"909\">Oberfl\u00e4chen-Optionen: Chrom \/ Schwarz \/ Zinkblau<\/p>\n<\/li>\n<li data-start=\"910\" data-end=\"968\">\n<p data-start=\"912\" data-end=\"968\">Strapazierf\u00e4hige Stahlkonstruktion f\u00fcr lang anhaltenden Schutz<\/p>\n<\/li>\n<li data-start=\"969\" data-end=\"1020\">\n<p data-start=\"971\" data-end=\"1020\">Stapelbares Design - erm\u00f6glicht sicheres Stapeln der Kisten<\/p>\n<\/li>\n<li data-start=\"1021\" data-end=\"1096\">\n<p data-start=\"1023\" data-end=\"1096\">Anwendungen: Flightcases, Roadcases, Instrumentenkoffer, Aufbewahrungsboxen<\/p>\n<\/li>\n<\/ul>\n<p data-start=\"1098\" data-end=\"1239\">Der FS-3130 ist ideal f\u00fcr professionelle Geh\u00e4usebauer und Reparaturprojekte, bei denen <strong data-start=\"1176\" data-end=\"1214\">Stapelbarkeit und Eckenschutz<\/strong> sind ebenso wichtig.<\/p>","protected":false},"excerpt":{"rendered":"<ul>\n<li>3 L\u00f6cher Ballecke<\/li>\n<li>FS-3130<\/li>\n<li>Chrom\/Schwarz\/Blauzink<\/li>\n<li>Klein<\/li>\n<\/ul>","protected":false},"featured_media":6431,"comment_status":"open","ping_status":"closed","template":"","meta":{"_acf_changed":false},"product_brand":[],"product_cat":[109,126],"product_tag":[],"class_list":{"0":"post-6430","1":"product","2":"type-product","3":"status-publish","4":"has-post-thumbnail","6":"product_cat-case-corners","7":"product_cat-ball-corners","8":"pa_material-steel","9":"pa_parts-no-fs-3130","10":"pa_surface-treatment-black","11":"pa_surface-treatment-blue-zinc","12":"pa_surface-treatment-chrome","13":"description-off","15":"first","16":"instock","17":"shipping-taxable","18":"product-type-simple"},"acf":[],"_links":{"self":[{"href":"https:\/\/fayshing.com\/de-de\/wp-json\/wp\/v2\/product\/6430","targetHints":{"allow":["GET"]}}],"collection":[{"href":"https:\/\/fayshing.com\/de-de\/wp-json\/wp\/v2\/product"}],"about":[{"href":"https:\/\/fayshing.com\/de-de\/wp-json\/wp\/v2\/types\/product"}],"replies":[{"embeddable":true,"href":"https:\/\/fayshing.com\/de-de\/wp-json\/wp\/v2\/comments?post=6430"}],"wp:featuredmedia":[{"embeddable":true,"href":"https:\/\/fayshing.com\/de-de\/wp-json\/wp\/v2\/media\/6431"}],"wp:attachment":[{"href":"https:\/\/fayshing.com\/de-de\/wp-json\/wp\/v2\/media?parent=6430"}],"wp:term":[{"taxonomy":"product_brand","embeddable":true,"href":"https:\/\/fayshing.com\/de-de\/wp-json\/wp\/v2\/product_brand?post=6430"},{"taxonomy":"product_cat","embeddable":true,"href":"https:\/\/fayshing.com\/de-de\/wp-json\/wp\/v2\/product_cat?post=6430"},{"taxonomy":"product_tag","embeddable":true,"href":"https:\/\/fayshing.com\/de-de\/wp-json\/wp\/v2\/product_tag?post=6430"}],"curies":[{"name":"wp","href":"https:\/\/api.w.org\/{rel}","templated":true}]}}