{"id":6405,"date":"2025-06-26T15:10:32","date_gmt":"2025-06-26T07:10:32","guid":{"rendered":"https:\/\/fayshing.com\/?post_type=product&#038;p=6405"},"modified":"2025-08-07T17:37:22","modified_gmt":"2025-08-07T09:37:22","slug":"34mm-three-hole-flat-corner-with-raised-point-fs3124","status":"publish","type":"product","link":"https:\/\/fayshing.com\/de-de\/product\/34mm-three-hole-flat-corner-with-raised-point-fs3124\/","title":{"rendered":"34 mm flache Dreiloch-Ecke mit erh\u00f6hter Spitze FS3124"},"content":{"rendered":"<p data-start=\"181\" data-end=\"495\">Der <strong data-start=\"185\" data-end=\"236\">FS3124 Flache Dreiloch-Ecke mit erh\u00f6hter Spitze<\/strong> ist ein stabiler und eleganter Beschlag, der sowohl den Schutz als auch die \u00c4sthetik von Kisten, Schr\u00e4nken und Holzkisten verbessert. Ausgestattet mit einem <strong data-start=\"383\" data-end=\"406\">Erh\u00f6hte Zentrierspitze<\/strong>Diese 34-mm-Ecke verleiht Ihrem Geh\u00e4use strukturelle St\u00e4rke und einen einzigartigen optischen Akzent.<\/p>\n<p data-start=\"497\" data-end=\"858\">Hergestellt aus hochwertigen <strong data-start=\"520\" data-end=\"529\">Stahl<\/strong> und erh\u00e4ltlich in <strong data-start=\"547\" data-end=\"557\">Chrom<\/strong>, <strong data-start=\"559\" data-end=\"568\">Schwarz<\/strong>Der FS3124 ist so konstruiert, dass er der t\u00e4glichen Beanspruchung standh\u00e4lt und dabei ein professionelles Aussehen bewahrt. Sein <strong data-start=\"701\" data-end=\"731\">Drei-Loch-Befestigungssystem<\/strong> gew\u00e4hrleistet eine sichere Befestigung und ist somit eine zuverl\u00e4ssige Wahl f\u00fcr Flightcases, Roadcases, Aufbewahrungsboxen und Instrumentengeh\u00e4use.<\/p>\n<p data-start=\"860\" data-end=\"877\"><strong data-start=\"860\" data-end=\"877\">Wesentliche Merkmale:<\/strong><\/p>\n<ul data-start=\"878\" data-end=\"1158\">\n<li data-start=\"878\" data-end=\"902\">\n<p data-start=\"880\" data-end=\"902\">Produkt-Code: FS3124<\/p>\n<\/li>\n<li data-start=\"903\" data-end=\"917\">\n<p data-start=\"905\" data-end=\"917\">Gr\u00f6\u00dfe: 34 mm<\/p>\n<\/li>\n<li data-start=\"918\" data-end=\"991\">\n<p data-start=\"920\" data-end=\"991\">Ausf\u00fchrung: Flache Ecke mit erh\u00f6htem Mittelpunkt und drei Befestigungsl\u00f6chern<\/p>\n<\/li>\n<li data-start=\"992\" data-end=\"1011\">\n<p data-start=\"994\" data-end=\"1011\">Material: Stahl<\/p>\n<\/li>\n<li data-start=\"1012\" data-end=\"1063\">\n<p data-start=\"1014\" data-end=\"1063\">Ausf\u00fchrungen: Chrom \/ Schwarz \/ Andere kundenspezifische Optionen<\/p>\n<\/li>\n<li data-start=\"1064\" data-end=\"1115\">\n<p data-start=\"1066\" data-end=\"1115\">Zus\u00e4tzlicher Schutz und Verst\u00e4rkung der Geh\u00e4usekanten<\/p>\n<\/li>\n<li data-start=\"1116\" data-end=\"1158\">\n<p data-start=\"1118\" data-end=\"1158\">Einfache Installation mit Standard-Hardware<\/p>\n<\/li>\n<\/ul>\n<p data-start=\"1160\" data-end=\"1218\">\ud83d\udcd0 <em data-start=\"1163\" data-end=\"1218\">Ben\u00f6tigen Sie eine 3D-Zeichnung? Kontaktieren Sie uns f\u00fcr detaillierte CAD-Dateien.<\/em><\/p>","protected":false},"excerpt":{"rendered":"<ul>\n<li>34mm Dreilochflache Ecke mit erh\u00f6hter Spitze<\/li>\n<li>FS3124<\/li>\n<li>Stahl<\/li>\n<li>Chrom \/ Schwarz \/ Andere<\/li>\n<\/ul>","protected":false},"featured_media":6407,"comment_status":"open","ping_status":"closed","template":"","meta":{"_acf_changed":false},"product_brand":[],"product_cat":[109,127],"product_tag":[],"class_list":{"0":"post-6405","1":"product","2":"type-product","3":"status-publish","4":"has-post-thumbnail","6":"product_cat-case-corners","7":"product_cat-flat-corners","8":"pa_material-steel","9":"pa_parts-no-fs-3124","10":"pa_surface-treatment-black","11":"pa_surface-treatment-blue-zinc","12":"pa_surface-treatment-chrome","13":"description-off","15":"first","16":"instock","17":"shipping-taxable","18":"product-type-simple"},"acf":[],"_links":{"self":[{"href":"https:\/\/fayshing.com\/de-de\/wp-json\/wp\/v2\/product\/6405","targetHints":{"allow":["GET"]}}],"collection":[{"href":"https:\/\/fayshing.com\/de-de\/wp-json\/wp\/v2\/product"}],"about":[{"href":"https:\/\/fayshing.com\/de-de\/wp-json\/wp\/v2\/types\/product"}],"replies":[{"embeddable":true,"href":"https:\/\/fayshing.com\/de-de\/wp-json\/wp\/v2\/comments?post=6405"}],"wp:featuredmedia":[{"embeddable":true,"href":"https:\/\/fayshing.com\/de-de\/wp-json\/wp\/v2\/media\/6407"}],"wp:attachment":[{"href":"https:\/\/fayshing.com\/de-de\/wp-json\/wp\/v2\/media?parent=6405"}],"wp:term":[{"taxonomy":"product_brand","embeddable":true,"href":"https:\/\/fayshing.com\/de-de\/wp-json\/wp\/v2\/product_brand?post=6405"},{"taxonomy":"product_cat","embeddable":true,"href":"https:\/\/fayshing.com\/de-de\/wp-json\/wp\/v2\/product_cat?post=6405"},{"taxonomy":"product_tag","embeddable":true,"href":"https:\/\/fayshing.com\/de-de\/wp-json\/wp\/v2\/product_tag?post=6405"}],"curies":[{"name":"wp","href":"https:\/\/api.w.org\/{rel}","templated":true}]}}