{"id":6342,"date":"2025-06-17T10:17:53","date_gmt":"2025-06-17T02:17:53","guid":{"rendered":"https:\/\/fayshing.com\/?post_type=product&#038;p=6342"},"modified":"2025-06-17T10:26:01","modified_gmt":"2025-06-17T02:26:01","slug":"fayshing-metal-case-hardware-black-handle-with-rubber-grip-fs-2036","status":"publish","type":"product","link":"https:\/\/fayshing.com\/de-de\/product\/fayshing-metal-case-hardware-black-handle-with-rubber-grip-fs-2036\/","title":{"rendered":"100mm Aktenkoffer-Drehgriff mit Chrombeschl\u00e4gen FS-2075"},"content":{"rendered":"<ul>\n<li>Aktenkoffer-Drehgriff mit Chrombeschl\u00e4gen<\/li>\n<li>FS2075<\/li>\n<li>100 \u00d7 55 mm<\/li>\n<li>Kunststoff, Legierung<\/li>\n<li>Schwarz + Chrom<\/li>\n<\/ul>\n<p>Breite Anwendung: Weit verbreitet in verschiedenen Arten von Metallkoffern, Stra\u00dfenkoffern und Aluminiumkoffern, usw.<\/p>\n<hr \/>\n<p><strong>Beschreibung :<\/strong><\/p>\n<ul>\n<li>Die Griffe sind aus Kunststoff und K\u00fchlblech gefertigt, korrosionsbest\u00e4ndig, langlebig, wasserdicht und leicht.<\/li>\n<li>Diese Griffe sind perfekt f\u00fcr Ihre Metallkoffer, Stra\u00dfenkoffer und Aluminiumkoffer. Genie\u00dfen Sie den Spa\u00df mit DIY, um Ihre F\u00e4lle neu und modern aussehen zu aktualisieren.<\/li>\n<\/ul>\n<hr \/>\n<p><strong>Notiz :<\/strong><\/p>\n<ul>\n<li>Aufgrund der manuellen Messung, erlauben Sie eine Abweichung von 1 - 3mm.<\/li>\n<li>Bitte kontaktieren Sie uns, \u00fcberpr\u00fcfen Sie unsere Produktgr\u00f6\u00dfe sorgf\u00e4ltig und lesen Sie die Produktgr\u00f6\u00dfenbeschreibungen vor dem Kauf, um m\u00f6glicherweise unangenehme Einkaufserlebnisse zu vermeiden.<\/li>\n<\/ul>","protected":false},"excerpt":{"rendered":"<ul>\n<li>Aktenkoffer-Drehgriff mit Chrombeschl\u00e4gen<\/li>\n<li>FS2075<\/li>\n<li>100 \u00d7 55 mm<\/li>\n<li>Kunststoff, Legierung<\/li>\n<li>Schwarz + Chrom<\/li>\n<\/ul>","protected":false},"featured_media":6343,"comment_status":"open","ping_status":"closed","template":"","meta":{"_acf_changed":false},"product_brand":[],"product_cat":[108,123],"product_tag":[],"class_list":{"0":"post-6342","1":"product","2":"type-product","3":"status-publish","4":"has-post-thumbnail","6":"product_cat-handles","7":"product_cat-briefcase-handles","8":"pa_material-plastic","9":"pa_material-zinc-alloy","10":"pa_surface-treatment-black","11":"pa_surface-treatment-chrome","12":"description-off","14":"first","15":"instock","16":"shipping-taxable","17":"product-type-simple"},"acf":[],"_links":{"self":[{"href":"https:\/\/fayshing.com\/de-de\/wp-json\/wp\/v2\/product\/6342","targetHints":{"allow":["GET"]}}],"collection":[{"href":"https:\/\/fayshing.com\/de-de\/wp-json\/wp\/v2\/product"}],"about":[{"href":"https:\/\/fayshing.com\/de-de\/wp-json\/wp\/v2\/types\/product"}],"replies":[{"embeddable":true,"href":"https:\/\/fayshing.com\/de-de\/wp-json\/wp\/v2\/comments?post=6342"}],"wp:featuredmedia":[{"embeddable":true,"href":"https:\/\/fayshing.com\/de-de\/wp-json\/wp\/v2\/media\/6343"}],"wp:attachment":[{"href":"https:\/\/fayshing.com\/de-de\/wp-json\/wp\/v2\/media?parent=6342"}],"wp:term":[{"taxonomy":"product_brand","embeddable":true,"href":"https:\/\/fayshing.com\/de-de\/wp-json\/wp\/v2\/product_brand?post=6342"},{"taxonomy":"product_cat","embeddable":true,"href":"https:\/\/fayshing.com\/de-de\/wp-json\/wp\/v2\/product_cat?post=6342"},{"taxonomy":"product_tag","embeddable":true,"href":"https:\/\/fayshing.com\/de-de\/wp-json\/wp\/v2\/product_tag?post=6342"}],"curies":[{"name":"wp","href":"https:\/\/api.w.org\/{rel}","templated":true}]}}