{"id":6294,"date":"2025-06-12T14:41:31","date_gmt":"2025-06-12T06:41:31","guid":{"rendered":"https:\/\/fayshing.com\/?post_type=product&#038;p=6294"},"modified":"2025-06-12T14:41:32","modified_gmt":"2025-06-12T06:41:32","slug":"200mm-large-corner-handle-fs2122","status":"publish","type":"product","link":"https:\/\/fayshing.com\/de-de\/product\/200mm-large-corner-handle-fs2122\/","title":{"rendered":"200mm gro\u00dfer Eckhandgriff FS2122"},"content":{"rendered":"<ul>\n<li>200mm gro\u00dfer Eckgriff<\/li>\n<li>FS2122<\/li>\n<li>Stahl<\/li>\n<li>200 \u00d7 56 mm<\/li>\n<li>Blaues Zink<\/li>\n<\/ul>\n<p>Zur Montage zwischen der Oberseite und der Seite des Flightcases; f\u00fcr einen gr\u00f6\u00dferen Eckgriff siehe FS2123<\/p>","protected":false},"excerpt":{"rendered":"<ul>\n<li>200mm gro\u00dfer Eckgriff<\/li>\n<li>FS2122<\/li>\n<li>Stahl<\/li>\n<li>200 \u00d7 56 mm<\/li>\n<li>Blaues Zink<\/li>\n<\/ul>","protected":false},"featured_media":6295,"comment_status":"open","ping_status":"closed","template":"","meta":{"_acf_changed":false},"product_brand":[],"product_cat":[298,108],"product_tag":[],"class_list":{"0":"post-6294","1":"product","2":"type-product","3":"status-publish","4":"has-post-thumbnail","6":"product_cat-corner-handles","7":"product_cat-handles","8":"pa_material-steel","9":"pa_parts-no-fs-2122","10":"pa_surface-treatment-black","11":"pa_surface-treatment-blue-zinc","12":"pa_surface-treatment-chrome","13":"description-off","15":"first","16":"instock","17":"shipping-taxable","18":"product-type-simple"},"acf":[],"_links":{"self":[{"href":"https:\/\/fayshing.com\/de-de\/wp-json\/wp\/v2\/product\/6294","targetHints":{"allow":["GET"]}}],"collection":[{"href":"https:\/\/fayshing.com\/de-de\/wp-json\/wp\/v2\/product"}],"about":[{"href":"https:\/\/fayshing.com\/de-de\/wp-json\/wp\/v2\/types\/product"}],"replies":[{"embeddable":true,"href":"https:\/\/fayshing.com\/de-de\/wp-json\/wp\/v2\/comments?post=6294"}],"wp:featuredmedia":[{"embeddable":true,"href":"https:\/\/fayshing.com\/de-de\/wp-json\/wp\/v2\/media\/6295"}],"wp:attachment":[{"href":"https:\/\/fayshing.com\/de-de\/wp-json\/wp\/v2\/media?parent=6294"}],"wp:term":[{"taxonomy":"product_brand","embeddable":true,"href":"https:\/\/fayshing.com\/de-de\/wp-json\/wp\/v2\/product_brand?post=6294"},{"taxonomy":"product_cat","embeddable":true,"href":"https:\/\/fayshing.com\/de-de\/wp-json\/wp\/v2\/product_cat?post=6294"},{"taxonomy":"product_tag","embeddable":true,"href":"https:\/\/fayshing.com\/de-de\/wp-json\/wp\/v2\/product_tag?post=6294"}],"curies":[{"name":"wp","href":"https:\/\/api.w.org\/{rel}","templated":true}]}}