{"id":6284,"date":"2025-06-12T11:23:52","date_gmt":"2025-06-12T03:23:52","guid":{"rendered":"https:\/\/fayshing.com\/?post_type=product&#038;p=6284"},"modified":"2025-06-12T11:23:53","modified_gmt":"2025-06-12T03:23:53","slug":"137-x-104mm-large-rubber-grip-surface-handle-with-spring-fs-2052","status":"publish","type":"product","link":"https:\/\/fayshing.com\/de-de\/product\/137-x-104mm-large-rubber-grip-surface-handle-with-spring-fs-2052\/","title":{"rendered":"137 \u00d7 104 mm Gro\u00dfer Oberfl\u00e4chengriff mit Gummigriff und Feder FS-2052"},"content":{"rendered":"<ul>\n<li>Gro\u00dfer Griff mit Gummigriff und Feder<\/li>\n<li>FS-2052<\/li>\n<li>137 \u00d7 104 mm<\/li>\n<li>Stahl<\/li>\n<li>Chrom<\/li>\n<\/ul>\n<p>Normalerweise in Flightcases, Schrankkoffern, Werkzeugkoffern usw. verwendet.<\/p>","protected":false},"excerpt":{"rendered":"<ul>\n<li>Gro\u00dfer Griff mit Gummigriff und Feder<\/li>\n<li>FS-2052<\/li>\n<li>137 \u00d7 104 mm<\/li>\n<li>Stahl<\/li>\n<li>Chrom<\/li>\n<\/ul>","protected":false},"featured_media":6286,"comment_status":"open","ping_status":"closed","template":"","meta":{"_acf_changed":false},"product_brand":[],"product_cat":[108,121],"product_tag":[],"class_list":{"0":"post-6284","1":"product","2":"type-product","3":"status-publish","4":"has-post-thumbnail","6":"product_cat-handles","7":"product_cat-surface-handles","8":"pa_material-steel","9":"pa_surface-treatment-chrome","10":"description-off","12":"first","13":"instock","14":"shipping-taxable","15":"product-type-simple"},"acf":[],"_links":{"self":[{"href":"https:\/\/fayshing.com\/de-de\/wp-json\/wp\/v2\/product\/6284","targetHints":{"allow":["GET"]}}],"collection":[{"href":"https:\/\/fayshing.com\/de-de\/wp-json\/wp\/v2\/product"}],"about":[{"href":"https:\/\/fayshing.com\/de-de\/wp-json\/wp\/v2\/types\/product"}],"replies":[{"embeddable":true,"href":"https:\/\/fayshing.com\/de-de\/wp-json\/wp\/v2\/comments?post=6284"}],"wp:featuredmedia":[{"embeddable":true,"href":"https:\/\/fayshing.com\/de-de\/wp-json\/wp\/v2\/media\/6286"}],"wp:attachment":[{"href":"https:\/\/fayshing.com\/de-de\/wp-json\/wp\/v2\/media?parent=6284"}],"wp:term":[{"taxonomy":"product_brand","embeddable":true,"href":"https:\/\/fayshing.com\/de-de\/wp-json\/wp\/v2\/product_brand?post=6284"},{"taxonomy":"product_cat","embeddable":true,"href":"https:\/\/fayshing.com\/de-de\/wp-json\/wp\/v2\/product_cat?post=6284"},{"taxonomy":"product_tag","embeddable":true,"href":"https:\/\/fayshing.com\/de-de\/wp-json\/wp\/v2\/product_tag?post=6284"}],"curies":[{"name":"wp","href":"https:\/\/api.w.org\/{rel}","templated":true}]}}