{"id":6239,"date":"2025-06-09T10:32:45","date_gmt":"2025-06-09T02:32:45","guid":{"rendered":"https:\/\/fayshing.com\/?post_type=product&#038;p=6239"},"modified":"2025-08-08T15:08:24","modified_gmt":"2025-08-08T07:08:24","slug":"fs-2118-small-recessed-handle-without-spring","status":"publish","type":"product","link":"https:\/\/fayshing.com\/de-de\/product\/fs-2118-small-recessed-handle-without-spring\/","title":{"rendered":"FS-2118 Kleiner versenkter Griff ohne Feder"},"content":{"rendered":"<p data-start=\"148\" data-end=\"461\">Der <strong data-start=\"152\" data-end=\"185\">FS-2118 Kleiner versenkter Griff<\/strong> ist eine kompakte und praktische Beschlagsl\u00f6sung f\u00fcr Koffer, Schr\u00e4nke und Geh\u00e4use, bei denen ein flacher Griff erforderlich ist. Entworfen <strong data-start=\"314\" data-end=\"344\">ohne Federmechanismus<\/strong>Er bietet einen reibungslosen, unkomplizierten Betrieb und zuverl\u00e4ssige Leistung f\u00fcr leichte bis mittelschwere Anwendungen.<\/p>\n<p data-start=\"463\" data-end=\"754\">Messung <strong data-start=\"473\" data-end=\"487\">120 \u00d7 70 mm<\/strong> und in glatter Ausf\u00fchrung <strong data-start=\"510\" data-end=\"520\">Chrom<\/strong>Dieser Griff kombiniert Haltbarkeit mit einem sauberen, professionellen Erscheinungsbild. Das versenkte Design minimiert das H\u00e4ngenbleiben und sch\u00fctzt den Griff vor versehentlicher Besch\u00e4digung, wodurch er ideal f\u00fcr tragbare Koffer, Instrumentenk\u00e4sten und Aufbewahrungseinheiten ist.<\/p>\n<p data-start=\"756\" data-end=\"775\"><strong data-start=\"756\" data-end=\"773\">Wesentliche Merkmale:<\/strong><\/p>\n<ul data-start=\"776\" data-end=\"1108\">\n<li data-start=\"776\" data-end=\"801\">\n<p data-start=\"778\" data-end=\"801\">Produkt-Code: FS-2118<\/p>\n<\/li>\n<li data-start=\"802\" data-end=\"848\">\n<p data-start=\"804\" data-end=\"848\">Typ: Kleiner versenkter Griff ohne Feder<\/p>\n<\/li>\n<li data-start=\"849\" data-end=\"869\">\n<p data-start=\"851\" data-end=\"869\">Gr\u00f6\u00dfe: 120 \u00d7 70 mm<\/p>\n<\/li>\n<li data-start=\"870\" data-end=\"905\">\n<p data-start=\"872\" data-end=\"905\">Material: Stahl (verchromt)<\/p>\n<\/li>\n<li data-start=\"906\" data-end=\"968\">\n<p data-start=\"908\" data-end=\"968\">Ausf\u00fchrung: Chrom - korrosionsbest\u00e4ndig und professionelles Aussehen<\/p>\n<\/li>\n<li data-start=\"969\" data-end=\"1026\">\n<p data-start=\"971\" data-end=\"1026\">Konstruktion: Vertieft f\u00fcr einen b\u00fcndigen Sitz und weniger H\u00e4ngenbleiben<\/p>\n<\/li>\n<li data-start=\"1027\" data-end=\"1108\">\n<p data-start=\"1029\" data-end=\"1108\">Anwendungen: Flightcases, Instrumentenkoffer, Werkzeugk\u00e4sten und Lagerschr\u00e4nke<\/p>\n<\/li>\n<\/ul>\n<p data-start=\"1110\" data-end=\"1256\">Das FS-2118 ist eine zuverl\u00e4ssige Wahl f\u00fcr kompakte Koffer und Geh\u00e4use und bietet Funktionalit\u00e4t, Langlebigkeit und eine polierte Oberfl\u00e4che in einem sauberen Paket.<\/p>","protected":false},"excerpt":{"rendered":"<ul>\n<li>Kleiner versenkter Griff ohne Feder<\/li>\n<li>FS2118<\/li>\n<li>120 \u00d7 70 mm<\/li>\n<li>Chrom<\/li>\n<\/ul>","protected":false},"featured_media":6240,"comment_status":"open","ping_status":"closed","template":"","meta":{"_acf_changed":false},"product_brand":[],"product_cat":[108,120],"product_tag":[],"class_list":{"0":"post-6239","1":"product","2":"type-product","3":"status-publish","4":"has-post-thumbnail","6":"product_cat-handles","7":"product_cat-recessed-handles","8":"pa_material-iron","9":"pa_surface-treatment-black","10":"pa_surface-treatment-blue-zinc","11":"pa_surface-treatment-chrome","12":"description-off","14":"first","15":"instock","16":"shipping-taxable","17":"product-type-simple"},"acf":[],"_links":{"self":[{"href":"https:\/\/fayshing.com\/de-de\/wp-json\/wp\/v2\/product\/6239","targetHints":{"allow":["GET"]}}],"collection":[{"href":"https:\/\/fayshing.com\/de-de\/wp-json\/wp\/v2\/product"}],"about":[{"href":"https:\/\/fayshing.com\/de-de\/wp-json\/wp\/v2\/types\/product"}],"replies":[{"embeddable":true,"href":"https:\/\/fayshing.com\/de-de\/wp-json\/wp\/v2\/comments?post=6239"}],"wp:featuredmedia":[{"embeddable":true,"href":"https:\/\/fayshing.com\/de-de\/wp-json\/wp\/v2\/media\/6240"}],"wp:attachment":[{"href":"https:\/\/fayshing.com\/de-de\/wp-json\/wp\/v2\/media?parent=6239"}],"wp:term":[{"taxonomy":"product_brand","embeddable":true,"href":"https:\/\/fayshing.com\/de-de\/wp-json\/wp\/v2\/product_brand?post=6239"},{"taxonomy":"product_cat","embeddable":true,"href":"https:\/\/fayshing.com\/de-de\/wp-json\/wp\/v2\/product_cat?post=6239"},{"taxonomy":"product_tag","embeddable":true,"href":"https:\/\/fayshing.com\/de-de\/wp-json\/wp\/v2\/product_tag?post=6239"}],"curies":[{"name":"wp","href":"https:\/\/api.w.org\/{rel}","templated":true}]}}