{"id":6236,"date":"2025-06-06T17:52:12","date_gmt":"2025-06-06T09:52:12","guid":{"rendered":"https:\/\/fayshing.com\/?post_type=product&#038;p=6236"},"modified":"2025-08-08T17:21:31","modified_gmt":"2025-08-08T09:21:31","slug":"square-concealed-embedded-spring-folding-handle-toolbox-side-black-handle-with-rubber-sleeve-fs2121","status":"publish","type":"product","link":"https:\/\/fayshing.com\/de-de\/product\/square-concealed-embedded-spring-folding-handle-toolbox-side-black-handle-with-rubber-sleeve-fs2121\/","title":{"rendered":"Quadratischer verdeckt eingebauter Feder-Klappgriff Werkzeugkasten Seite schwarzer Griff mit Gummih\u00fclse FS2121"},"content":{"rendered":"<p data-start=\"171\" data-end=\"503\">Der <strong data-start=\"175\" data-end=\"234\">FS-2121 Quadratischer, verdeckt eingebauter Federklappgriff<\/strong> ist eine strapazierf\u00e4hige und ergonomische L\u00f6sung f\u00fcr Werkzeugk\u00e4sten, Ausr\u00fcstungskoffer, Roadcases und Aufbewahrungskisten. Dieser robuste und bequeme Griff l\u00e4sst sich flach zusammenklappen, wenn er nicht gebraucht wird, und sorgt so f\u00fcr ein elegantes, unauff\u00e4lliges Aussehen und verhindert versehentliches H\u00e4ngenbleiben.<\/p>\n<p data-start=\"505\" data-end=\"888\">Gefertigt aus <strong data-start=\"522\" data-end=\"539\">haltbarer Stahl<\/strong> und erh\u00e4ltlich in <strong data-start=\"557\" data-end=\"566\">schwarz<\/strong>, <strong data-start=\"568\" data-end=\"578\">Chrom<\/strong>, oder <strong data-start=\"583\" data-end=\"596\">Blauzink<\/strong> Der FS-2121 verf\u00fcgt \u00fcber ein komfortables <strong data-start=\"642\" data-end=\"664\">Gummimanschettengriff<\/strong> f\u00fcr eine bessere Handhabung. Seine <strong data-start=\"692\" data-end=\"716\">federbelastete Konstruktion<\/strong> sorgt daf\u00fcr, dass der Griff nach Gebrauch automatisch in die versenkte Position zur\u00fcckkehrt. Messen <strong data-start=\"804\" data-end=\"822\">155,6 \u00d7 82,8 mm<\/strong>Es bietet sowohl robuste Leistung als auch professionelle \u00c4sthetik.<\/p>\n<p data-start=\"890\" data-end=\"909\"><strong data-start=\"890\" data-end=\"907\">Wesentliche Merkmale:<\/strong><\/p>\n<ul data-start=\"910\" data-end=\"1303\">\n<li data-start=\"910\" data-end=\"935\">\n<p data-start=\"912\" data-end=\"935\">Produkt-Code: FS-2121<\/p>\n<\/li>\n<li data-start=\"936\" data-end=\"993\">\n<p data-start=\"938\" data-end=\"993\">Typ: Quadratischer, verdeckt eingelassener Feder-Klappgriff<\/p>\n<\/li>\n<li data-start=\"994\" data-end=\"1037\">\n<p data-start=\"996\" data-end=\"1037\">Material: Stahl mit Gummimanschettengriff<\/p>\n<\/li>\n<li data-start=\"1038\" data-end=\"1084\">\n<p data-start=\"1040\" data-end=\"1084\">Oberfl\u00e4chen-Optionen: Schwarz \/ Chrom \/ Zinkblau<\/p>\n<\/li>\n<li data-start=\"1085\" data-end=\"1109\">\n<p data-start=\"1087\" data-end=\"1109\">Gr\u00f6\u00dfe: 155,6 \u00d7 82,8 mm<\/p>\n<\/li>\n<li data-start=\"1110\" data-end=\"1156\">\n<p data-start=\"1112\" data-end=\"1156\">Klappbares Design f\u00fcr Platzersparnis und Sicherheit<\/p>\n<\/li>\n<li data-start=\"1157\" data-end=\"1205\">\n<p data-start=\"1159\" data-end=\"1205\">Federbelasteter Mechanismus f\u00fcr automatischen R\u00fccklauf<\/p>\n<\/li>\n<li data-start=\"1206\" data-end=\"1303\">\n<p data-start=\"1208\" data-end=\"1303\">Anwendungen: Werkzeugk\u00e4sten, Flightcases, Roadcases, Aufbewahrungstruhen, Koffer f\u00fcr schwere Ausr\u00fcstung<\/p>\n<\/li>\n<\/ul>\n<p data-start=\"1305\" data-end=\"1453\">Der FS-2121 kombiniert <strong data-start=\"1326\" data-end=\"1378\">Haltbarkeit, Komfort und ein sauberes, vertieftes Design<\/strong>Dadurch ist es ideal f\u00fcr die professionelle Herstellung und Aufarbeitung von Geh\u00e4usen.<\/p>","protected":false},"excerpt":{"rendered":"<ul>\n<li>Quadratischer, verdeckt eingelassener Feder-Klappgriff<\/li>\n<li>FS-2121<\/li>\n<li>Stahl<\/li>\n<li>Schwarz \/ Chrom \/ Zinkblau<\/li>\n<li>155,6 \u00d7 82,8 mm<\/li>\n<\/ul>","protected":false},"featured_media":6238,"comment_status":"open","ping_status":"closed","template":"","meta":{"_acf_changed":false},"product_brand":[],"product_cat":[108,120],"product_tag":[],"class_list":{"0":"post-6236","1":"product","2":"type-product","3":"status-publish","4":"has-post-thumbnail","6":"product_cat-handles","7":"product_cat-recessed-handles","8":"pa_material-steel","9":"pa_parts-no-fs-2121","10":"pa_surface-treatment-black","11":"description-off","13":"first","14":"instock","15":"shipping-taxable","16":"product-type-simple"},"acf":[],"_links":{"self":[{"href":"https:\/\/fayshing.com\/de-de\/wp-json\/wp\/v2\/product\/6236","targetHints":{"allow":["GET"]}}],"collection":[{"href":"https:\/\/fayshing.com\/de-de\/wp-json\/wp\/v2\/product"}],"about":[{"href":"https:\/\/fayshing.com\/de-de\/wp-json\/wp\/v2\/types\/product"}],"replies":[{"embeddable":true,"href":"https:\/\/fayshing.com\/de-de\/wp-json\/wp\/v2\/comments?post=6236"}],"wp:featuredmedia":[{"embeddable":true,"href":"https:\/\/fayshing.com\/de-de\/wp-json\/wp\/v2\/media\/6238"}],"wp:attachment":[{"href":"https:\/\/fayshing.com\/de-de\/wp-json\/wp\/v2\/media?parent=6236"}],"wp:term":[{"taxonomy":"product_brand","embeddable":true,"href":"https:\/\/fayshing.com\/de-de\/wp-json\/wp\/v2\/product_brand?post=6236"},{"taxonomy":"product_cat","embeddable":true,"href":"https:\/\/fayshing.com\/de-de\/wp-json\/wp\/v2\/product_cat?post=6236"},{"taxonomy":"product_tag","embeddable":true,"href":"https:\/\/fayshing.com\/de-de\/wp-json\/wp\/v2\/product_tag?post=6236"}],"curies":[{"name":"wp","href":"https:\/\/api.w.org\/{rel}","templated":true}]}}