{"id":6211,"date":"2025-06-02T11:38:21","date_gmt":"2025-06-02T03:38:21","guid":{"rendered":"https:\/\/fayshing.com\/?post_type=product&#038;p=6211"},"modified":"2025-08-08T15:44:49","modified_gmt":"2025-08-08T07:44:49","slug":"fs3203-medium-3-holes-flat-corner","status":"publish","type":"product","link":"https:\/\/fayshing.com\/de-de\/product\/fs3203-medium-3-holes-flat-corner\/","title":{"rendered":"FS3203 Medium 3 L\u00f6cher Flache Ecke"},"content":{"rendered":"<p data-start=\"538\" data-end=\"850\">Der <strong data-start=\"542\" data-end=\"578\">FS3203 Medium 3-Loch Flache Ecke<\/strong> ist ein vielseitiger und funktioneller Eckenschutz, der sich ideal f\u00fcr Flightcases, Lautsprecherboxen, Staur\u00e4ume und andere kundenspezifische Geh\u00e4use eignet. Hergestellt aus hochwertigem <strong data-start=\"734\" data-end=\"742\">Eisen<\/strong>Dieses Eckteil bietet eine hervorragende Haltbarkeit und verleiht Ihrem Kofferdesign ein sauberes, fertiges Aussehen.<\/p>\n<p data-start=\"852\" data-end=\"869\"><strong data-start=\"852\" data-end=\"869\">Wesentliche Merkmale:<\/strong><\/p>\n<ul data-start=\"871\" data-end=\"1444\">\n<li data-start=\"871\" data-end=\"962\">\n<p data-start=\"873\" data-end=\"962\">\ud83d\udee1\ufe0f <strong data-start=\"877\" data-end=\"902\">Starkes Eisen Material:<\/strong> Gebaut f\u00fcr lang anhaltenden Schutz und strukturelle Unterst\u00fctzung.<\/p>\n<\/li>\n<li data-start=\"963\" data-end=\"1078\">\n<p data-start=\"965\" data-end=\"1078\">\ud83d\udd29 <strong data-start=\"968\" data-end=\"989\">3 Befestigungsl\u00f6cher:<\/strong> Mit drei Bohrungen von 5,2 mm Durchmesser f\u00fcr eine sichere Befestigung und stabile Montage.<\/p>\n<\/li>\n<li data-start=\"1079\" data-end=\"1228\">\n<p data-start=\"1081\" data-end=\"1228\">\ud83c\udfa8 <strong data-start=\"1084\" data-end=\"1116\">Mehrere Ausf\u00fchrungen verf\u00fcgbar:<\/strong> W\u00e4hlen Sie aus <strong data-start=\"1129\" data-end=\"1138\">schwarz<\/strong>, <strong data-start=\"1140\" data-end=\"1150\">Chrom<\/strong>, <strong data-start=\"1152\" data-end=\"1160\">Gold<\/strong>, oder <strong data-start=\"1165\" data-end=\"1182\">benutzerdefinierte Farben<\/strong> passend zur Hardware und \u00c4sthetik Ihres Geh\u00e4uses.<\/p>\n<\/li>\n<li data-start=\"1229\" data-end=\"1356\">\n<p data-start=\"1231\" data-end=\"1356\">\ud83d\udcd0 <strong data-start=\"1234\" data-end=\"1262\">Mittelgro\u00dfe flache Ecke:<\/strong> Geeignet f\u00fcr verschiedene Koffertypen, bei denen eine m\u00e4\u00dfige Verst\u00e4rkung erforderlich ist, ohne dass das Material an Volumen gewinnt.<\/p>\n<\/li>\n<li data-start=\"1357\" data-end=\"1444\">\n<p data-start=\"1359\" data-end=\"1444\">\ud83d\udee0\ufe0f <strong data-start=\"1363\" data-end=\"1385\">Einfache Installation:<\/strong> Kompatibel mit Standardschrauben oder Nieten f\u00fcr eine schnelle Montage.<\/p>\n<\/li>\n<\/ul>\n<p data-start=\"1446\" data-end=\"1587\"><strong data-start=\"1446\" data-end=\"1463\">Anwendungen:<\/strong><br data-start=\"1463\" data-end=\"1466\" \/>Perfekt f\u00fcr den Einsatz in mittelschweren Flightcases, Werkzeugkoffern, Musikinstrumentenkoffern, Koffern f\u00fcr audiovisuelle Ger\u00e4te und mehr.<\/p>\n<p data-start=\"1589\" data-end=\"1722\">Ganz gleich, ob Sie vorhandene Hardware aufr\u00fcsten oder ein individuelles Geh\u00e4use bauen m\u00f6chten, das FS3203 bietet ein ausgewogenes Verh\u00e4ltnis von St\u00e4rke, Stil und Einfachheit.<\/p>","protected":false},"excerpt":{"rendered":"<ul>\n<li>48mm Medium 3 L\u00f6cher Flache Ecke<\/li>\n<li>Stahl<\/li>\n<li>Lochdurchmesser 5,2 mm<\/li>\n<li>Schwarz \/ Chrom \/ Gold \/ Andere<\/li>\n<\/ul>","protected":false},"featured_media":6212,"comment_status":"open","ping_status":"closed","template":"","meta":{"_acf_changed":false},"product_brand":[],"product_cat":[109,127],"product_tag":[],"class_list":{"0":"post-6211","1":"product","2":"type-product","3":"status-publish","4":"has-post-thumbnail","6":"product_cat-case-corners","7":"product_cat-flat-corners","8":"pa_material-iron","9":"pa_surface-treatment-black","10":"pa_surface-treatment-chrome","11":"pa_surface-treatment-golden","12":"description-off","14":"first","15":"instock","16":"shipping-taxable","17":"product-type-simple"},"acf":[],"_links":{"self":[{"href":"https:\/\/fayshing.com\/de-de\/wp-json\/wp\/v2\/product\/6211","targetHints":{"allow":["GET"]}}],"collection":[{"href":"https:\/\/fayshing.com\/de-de\/wp-json\/wp\/v2\/product"}],"about":[{"href":"https:\/\/fayshing.com\/de-de\/wp-json\/wp\/v2\/types\/product"}],"replies":[{"embeddable":true,"href":"https:\/\/fayshing.com\/de-de\/wp-json\/wp\/v2\/comments?post=6211"}],"wp:featuredmedia":[{"embeddable":true,"href":"https:\/\/fayshing.com\/de-de\/wp-json\/wp\/v2\/media\/6212"}],"wp:attachment":[{"href":"https:\/\/fayshing.com\/de-de\/wp-json\/wp\/v2\/media?parent=6211"}],"wp:term":[{"taxonomy":"product_brand","embeddable":true,"href":"https:\/\/fayshing.com\/de-de\/wp-json\/wp\/v2\/product_brand?post=6211"},{"taxonomy":"product_cat","embeddable":true,"href":"https:\/\/fayshing.com\/de-de\/wp-json\/wp\/v2\/product_cat?post=6211"},{"taxonomy":"product_tag","embeddable":true,"href":"https:\/\/fayshing.com\/de-de\/wp-json\/wp\/v2\/product_tag?post=6211"}],"curies":[{"name":"wp","href":"https:\/\/api.w.org\/{rel}","templated":true}]}}