{"id":6207,"date":"2025-06-02T11:02:16","date_gmt":"2025-06-02T03:02:16","guid":{"rendered":"https:\/\/fayshing.com\/?post_type=product&#038;p=6207"},"modified":"2025-06-02T11:15:10","modified_gmt":"2025-06-02T03:15:10","slug":"fs3120-largest-6-hole-flat-corner","status":"publish","type":"product","link":"https:\/\/fayshing.com\/de-de\/product\/fs3120-largest-6-hole-flat-corner\/","title":{"rendered":"FS3120 Gr\u00f6\u00dfte flache 6-Loch-Ecke"},"content":{"rendered":"<p data-start=\"483\" data-end=\"775\"><strong data-start=\"483\" data-end=\"520\">Die FS3120 Gr\u00f6\u00dfte flache 6-Loch-Ecke<\/strong> ist ein hochwertiger Eckenschutz, der speziell f\u00fcr Flightcases, Roadcases, Lautsprecherboxen und andere hochbelastbare Transport- oder Lagerl\u00f6sungen entwickelt wurde. Seine gro\u00dfe Gr\u00f6\u00dfe und <strong data-start=\"696\" data-end=\"718\">sechs Befestigungsl\u00f6cher<\/strong> gew\u00e4hrleisten einen sicheren, stabilen Sitz und lang anhaltenden Schutz.<\/p>\n<p data-start=\"777\" data-end=\"794\"><strong data-start=\"777\" data-end=\"794\">Wesentliche Merkmale:<\/strong><\/p>\n<ul data-start=\"796\" data-end=\"1368\">\n<li data-start=\"796\" data-end=\"916\">\n<p data-start=\"798\" data-end=\"916\">\ud83d\udd29 <strong data-start=\"801\" data-end=\"829\">Hochbelastbare Konstruktion:<\/strong> Gefertigt aus hochfestem Stahl f\u00fcr \u00fcberragende Haltbarkeit und Schlagfestigkeit.<\/p>\n<\/li>\n<li data-start=\"917\" data-end=\"1026\">\n<p data-start=\"919\" data-end=\"1026\">\ud83d\udd27 <strong data-start=\"922\" data-end=\"940\">6-Loch-Design:<\/strong> Erh\u00f6ht die Haltekraft und verhindert Bewegungen oder Verrutschen w\u00e4hrend des Transports.<\/p>\n<\/li>\n<li data-start=\"1027\" data-end=\"1142\">\n<p data-start=\"1029\" data-end=\"1142\">\ud83d\udcd0 <strong data-start=\"1032\" data-end=\"1054\">Flache Ecke Form:<\/strong> Ideal f\u00fcr den Einsatz auf flachen Oberfl\u00e4chen und eckigen Geh\u00e4usekanten und bietet eine saubere, b\u00fcndige Oberfl\u00e4che.<\/p>\n<\/li>\n<li data-start=\"1143\" data-end=\"1262\">\n<p data-start=\"1145\" data-end=\"1262\">\ud83c\udf9b\ufe0f <strong data-start=\"1149\" data-end=\"1180\">Verst\u00e4rkung und Schutz:<\/strong> Verhindert die Abnutzung der Kanten und sch\u00fctzt die Geh\u00e4useecken vor Dellen, St\u00fcrzen und St\u00f6\u00dfen.<\/p>\n<\/li>\n<li data-start=\"1263\" data-end=\"1368\">\n<p data-start=\"1265\" data-end=\"1368\">\ud83d\udee0\ufe0f <strong data-start=\"1269\" data-end=\"1289\">Einfach zu installieren:<\/strong> Kompatibel mit Standardnieten oder -schrauben f\u00fcr eine schnelle und sichere Montage.<\/p>\n<\/li>\n<\/ul>\n<p data-start=\"1370\" data-end=\"1542\"><strong data-start=\"1370\" data-end=\"1387\">Anwendungen:<\/strong><br data-start=\"1387\" data-end=\"1390\" \/>Perfekt f\u00fcr professionelle Flightcases, Musikinstrumentenkoffer, DJ-Equipment-Boxen, Lautsprecherboxen, Kofferr\u00e4ume und individuelle Schutzgeh\u00e4use.<\/p>\n<p data-start=\"1544\" data-end=\"1712\"><strong data-start=\"1544\" data-end=\"1566\">Material und Ausf\u00fchrung:<\/strong><br data-start=\"1566\" data-end=\"1569\" \/>Langlebige Stahlkonstruktion mit optionalen Oberfl\u00e4chenbehandlungen (verzinkt, verchromt, schwarz beschichtet) zur Anpassung an Ihr Geh\u00e4usedesign und zum Schutz vor Korrosion.<\/p>","protected":false},"excerpt":{"rendered":"<ul>\n<li>6 L\u00f6cher Flache Ecke<\/li>\n<li>FS-3120<\/li>\n<li>Stahl<\/li>\n<li>Ausf\u00fchrung: Chrom \/ Gold \/ Schwarz<\/li>\n<\/ul>","protected":false},"featured_media":6209,"comment_status":"open","ping_status":"closed","template":"","meta":{"_acf_changed":false},"product_brand":[],"product_cat":[109,127],"product_tag":[],"class_list":{"0":"post-6207","1":"product","2":"type-product","3":"status-publish","4":"has-post-thumbnail","6":"product_cat-case-corners","7":"product_cat-flat-corners","8":"pa_material-steel","9":"description-off","11":"first","12":"instock","13":"shipping-taxable","14":"product-type-simple"},"acf":[],"_links":{"self":[{"href":"https:\/\/fayshing.com\/de-de\/wp-json\/wp\/v2\/product\/6207","targetHints":{"allow":["GET"]}}],"collection":[{"href":"https:\/\/fayshing.com\/de-de\/wp-json\/wp\/v2\/product"}],"about":[{"href":"https:\/\/fayshing.com\/de-de\/wp-json\/wp\/v2\/types\/product"}],"replies":[{"embeddable":true,"href":"https:\/\/fayshing.com\/de-de\/wp-json\/wp\/v2\/comments?post=6207"}],"wp:featuredmedia":[{"embeddable":true,"href":"https:\/\/fayshing.com\/de-de\/wp-json\/wp\/v2\/media\/6209"}],"wp:attachment":[{"href":"https:\/\/fayshing.com\/de-de\/wp-json\/wp\/v2\/media?parent=6207"}],"wp:term":[{"taxonomy":"product_brand","embeddable":true,"href":"https:\/\/fayshing.com\/de-de\/wp-json\/wp\/v2\/product_brand?post=6207"},{"taxonomy":"product_cat","embeddable":true,"href":"https:\/\/fayshing.com\/de-de\/wp-json\/wp\/v2\/product_cat?post=6207"},{"taxonomy":"product_tag","embeddable":true,"href":"https:\/\/fayshing.com\/de-de\/wp-json\/wp\/v2\/product_tag?post=6207"}],"curies":[{"name":"wp","href":"https:\/\/api.w.org\/{rel}","templated":true}]}}