{"id":6205,"date":"2025-06-02T10:51:38","date_gmt":"2025-06-02T02:51:38","guid":{"rendered":"https:\/\/fayshing.com\/?post_type=product&#038;p=6205"},"modified":"2025-06-02T10:51:39","modified_gmt":"2025-06-02T02:51:39","slug":"fs1224-compression-latch-zinc-alloy-compression-latch-adjustable-lever","status":"publish","type":"product","link":"https:\/\/fayshing.com\/de-de\/product\/fs1224-compression-latch-zinc-alloy-compression-latch-adjustable-lever\/","title":{"rendered":"FS1224 Druckverriegelung Zinklegierung Druckverriegelung Verstellbarer Hebel"},"content":{"rendered":"<p data-start=\"537\" data-end=\"790\">Der <strong data-start=\"541\" data-end=\"569\">FS1224 Kompressionsverriegelung<\/strong> ist auf Komfort, Haltbarkeit und \u00c4sthetik ausgelegt. Hergestellt aus hochwertigem <strong data-start=\"652\" data-end=\"666\">Zinklegierung<\/strong>Dieser verstellbare Hebelverschluss verf\u00fcgt \u00fcber eine <strong data-start=\"707\" data-end=\"737\">diskreter Ausl\u00f6semechanismus<\/strong> f\u00fcr einen nahtlosen Betrieb und eine saubere Darstellung des Panels.<\/p>\n<p data-start=\"792\" data-end=\"809\"><strong data-start=\"792\" data-end=\"809\">Wesentliche Merkmale:<\/strong><\/p>\n<ul data-start=\"811\" data-end=\"1619\">\n<li data-start=\"811\" data-end=\"962\">\n<p data-start=\"813\" data-end=\"962\">\u2705 <strong data-start=\"815\" data-end=\"843\">Eingebauter Abzugsgriff:<\/strong> Ein diskret angebrachter Ausl\u00f6semechanismus entriegelt den integrierten Griff leicht, ohne dass externe Werkzeuge oder Schl\u00fcssel ben\u00f6tigt werden.<\/p>\n<\/li>\n<li data-start=\"963\" data-end=\"1080\">\n<p data-start=\"965\" data-end=\"1080\">\u2705 <strong data-start=\"967\" data-end=\"991\">Kompression Verschluss:<\/strong> Zieht die T\u00fcr ohne Reibung fest zu und verringert so den Verschlei\u00df an Schloss und Rahmen.<\/p>\n<\/li>\n<li data-start=\"1081\" data-end=\"1226\">\n<p data-start=\"1083\" data-end=\"1226\">\u2705 <strong data-start=\"1085\" data-end=\"1111\">Einstellbarer Griffbereich:<\/strong> Das breite Griffdesign erm\u00f6glicht eine einfache Anpassung an verschiedene Plattenst\u00e4rken und Installationsanforderungen.<\/p>\n<\/li>\n<li data-start=\"1227\" data-end=\"1462\">\n<p data-start=\"1229\" data-end=\"1269\">\u2705 <strong data-start=\"1231\" data-end=\"1267\">Optionen: b\u00fcndiger oder erh\u00f6hter Abzug:<\/strong><\/p>\n<ul data-start=\"1273\" data-end=\"1462\">\n<li data-start=\"1273\" data-end=\"1348\">\n<p data-start=\"1275\" data-end=\"1348\"><em data-start=\"1275\" data-end=\"1290\">Sp\u00fclausl\u00f6ser<\/em> Version gew\u00e4hrleistet eine glatte Oberfl\u00e4che und einen wirtschaftlichen Zugang.<\/p>\n<\/li>\n<li data-start=\"1352\" data-end=\"1462\">\n<p data-start=\"1354\" data-end=\"1462\"><em data-start=\"1354\" data-end=\"1370\">Erh\u00f6hter Ausl\u00f6ser<\/em> bietet verbesserte Ergonomie und Kompatibilit\u00e4t mit Schloss-\/Schl\u00fcsseloptionen f\u00fcr mehr Sicherheit.<\/p>\n<\/li>\n<\/ul>\n<\/li>\n<li data-start=\"1463\" data-end=\"1619\">\n<p data-start=\"1465\" data-end=\"1619\">\u2705 <strong data-start=\"1467\" data-end=\"1489\">Einfache Installation:<\/strong> Das schlanke Dr\u00fcckerschloss ist einfach zu installieren und eignet sich ideal f\u00fcr Anwendungen, die ein professionelles, flaches Erscheinungsbild erfordern.<\/p>\n<\/li>\n<\/ul>\n<p data-start=\"1621\" data-end=\"1756\"><strong data-start=\"1621\" data-end=\"1638\">Anwendungen:<\/strong><br data-start=\"1638\" data-end=\"1641\" \/>Ideal f\u00fcr den Einsatz in Flightcases, Schr\u00e4nken, Werkzeugk\u00e4sten, elektrischen Geh\u00e4usen, Zugangstafeln und Industrieanlagen.<\/p>\n<p data-start=\"1758\" data-end=\"1857\">R\u00fcsten Sie Ihre Hardware mit dem FS1224 auf - hier trifft Funktion auf Form in einem kompakten, benutzerfreundlichen Design.<\/p>","protected":false},"excerpt":{"rendered":"<p>Der Kompressionsverschluss FS1224 bietet ein schlankes, werkzeugloses Design mit verstellbarem Griff und einer sicheren, b\u00fcndigen oder erh\u00f6hten Ausl\u00f6seoption. Perfekt f\u00fcr Geh\u00e4use, Schr\u00e4nke und Zugangspaneele, bei denen ein reibungsloser Betrieb und eine saubere \u00c4sthetik erforderlich sind.<\/p>","protected":false},"featured_media":6206,"comment_status":"open","ping_status":"closed","template":"","meta":{"_acf_changed":false},"product_brand":[],"product_cat":[23,119],"product_tag":[],"class_list":{"0":"post-6205","1":"product","2":"type-product","3":"status-publish","4":"has-post-thumbnail","6":"product_cat-latches","7":"product_cat-miscellaneous-latches","8":"pa_material-zinc-alloy","9":"pa_surface-treatment-black","10":"description-off","12":"first","13":"instock","14":"shipping-taxable","15":"product-type-simple"},"acf":[],"_links":{"self":[{"href":"https:\/\/fayshing.com\/de-de\/wp-json\/wp\/v2\/product\/6205","targetHints":{"allow":["GET"]}}],"collection":[{"href":"https:\/\/fayshing.com\/de-de\/wp-json\/wp\/v2\/product"}],"about":[{"href":"https:\/\/fayshing.com\/de-de\/wp-json\/wp\/v2\/types\/product"}],"replies":[{"embeddable":true,"href":"https:\/\/fayshing.com\/de-de\/wp-json\/wp\/v2\/comments?post=6205"}],"wp:featuredmedia":[{"embeddable":true,"href":"https:\/\/fayshing.com\/de-de\/wp-json\/wp\/v2\/media\/6206"}],"wp:attachment":[{"href":"https:\/\/fayshing.com\/de-de\/wp-json\/wp\/v2\/media?parent=6205"}],"wp:term":[{"taxonomy":"product_brand","embeddable":true,"href":"https:\/\/fayshing.com\/de-de\/wp-json\/wp\/v2\/product_brand?post=6205"},{"taxonomy":"product_cat","embeddable":true,"href":"https:\/\/fayshing.com\/de-de\/wp-json\/wp\/v2\/product_cat?post=6205"},{"taxonomy":"product_tag","embeddable":true,"href":"https:\/\/fayshing.com\/de-de\/wp-json\/wp\/v2\/product_tag?post=6205"}],"curies":[{"name":"wp","href":"https:\/\/api.w.org\/{rel}","templated":true}]}}