{"id":6191,"date":"2025-05-16T11:26:37","date_gmt":"2025-05-16T03:26:37","guid":{"rendered":"https:\/\/fayshing.com\/?post_type=product&#038;p=6191"},"modified":"2025-05-16T11:26:37","modified_gmt":"2025-05-16T03:26:37","slug":"fs3216-large-6-holes-brace-ball-corner","status":"publish","type":"product","link":"https:\/\/fayshing.com\/de-de\/product\/fs3216-large-6-holes-brace-ball-corner\/","title":{"rendered":"FS3216 - Gro\u00dfe 6-Loch-St\u00fctze Ballecke"},"content":{"rendered":"<ul>\n<li>Gro\u00dfe 6-Loch-Spange Ballecke<\/li>\n<li>FS3216<\/li>\n<li>Stahl<\/li>\n<li>Ausf\u00fchrung: Chrom \/ Gold \/ Schwarz<\/li>\n<\/ul>\n<p>Kugelecken sind zum Schutz der Kanten und Ecken von Flightcases, Werkzeugkisten und Instrumentenkoffern gedacht. Sie verbessern die strukturelle Widerstandsf\u00e4higkeit, verringern Sto\u00dfsch\u00e4den beim Transport und sorgen f\u00fcr ein sauberes, professionelles Aussehen. Sie sind ideal f\u00fcr den harten Einsatz im audiovisuellen Bereich, auf Tourneen und in der Industrie.<\/p>","protected":false},"excerpt":{"rendered":"<ul>\n<li>Gro\u00dfe 6-Loch-Spange Ballecke<\/li>\n<li>FS3216<\/li>\n<li>Stahl<\/li>\n<li>Ausf\u00fchrung: Chrom \/ Gold \/ Schwarz<\/li>\n<\/ul>","protected":false},"featured_media":6193,"comment_status":"open","ping_status":"closed","template":"","meta":{"_acf_changed":false},"product_brand":[],"product_cat":[109,126],"product_tag":[],"class_list":{"0":"post-6191","1":"product","2":"type-product","3":"status-publish","4":"has-post-thumbnail","6":"product_cat-case-corners","7":"product_cat-ball-corners","8":"pa_material-steel","9":"description-off","11":"first","12":"instock","13":"shipping-taxable","14":"product-type-simple"},"acf":[],"_links":{"self":[{"href":"https:\/\/fayshing.com\/de-de\/wp-json\/wp\/v2\/product\/6191","targetHints":{"allow":["GET"]}}],"collection":[{"href":"https:\/\/fayshing.com\/de-de\/wp-json\/wp\/v2\/product"}],"about":[{"href":"https:\/\/fayshing.com\/de-de\/wp-json\/wp\/v2\/types\/product"}],"replies":[{"embeddable":true,"href":"https:\/\/fayshing.com\/de-de\/wp-json\/wp\/v2\/comments?post=6191"}],"wp:featuredmedia":[{"embeddable":true,"href":"https:\/\/fayshing.com\/de-de\/wp-json\/wp\/v2\/media\/6193"}],"wp:attachment":[{"href":"https:\/\/fayshing.com\/de-de\/wp-json\/wp\/v2\/media?parent=6191"}],"wp:term":[{"taxonomy":"product_brand","embeddable":true,"href":"https:\/\/fayshing.com\/de-de\/wp-json\/wp\/v2\/product_brand?post=6191"},{"taxonomy":"product_cat","embeddable":true,"href":"https:\/\/fayshing.com\/de-de\/wp-json\/wp\/v2\/product_cat?post=6191"},{"taxonomy":"product_tag","embeddable":true,"href":"https:\/\/fayshing.com\/de-de\/wp-json\/wp\/v2\/product_tag?post=6191"}],"curies":[{"name":"wp","href":"https:\/\/api.w.org\/{rel}","templated":true}]}}