{"id":6173,"date":"2025-05-16T10:13:19","date_gmt":"2025-05-16T02:13:19","guid":{"rendered":"https:\/\/fayshing.com\/?post_type=product&#038;p=6173"},"modified":"2025-05-16T10:13:19","modified_gmt":"2025-05-16T02:13:19","slug":"fs3223-large-ball-corner-with-offset-2-short-legs","status":"publish","type":"product","link":"https:\/\/fayshing.com\/de-de\/product\/fs3223-large-ball-corner-with-offset-2-short-legs\/","title":{"rendered":"FS3223 - Gro\u00dfe Kugelecke mit Versatz (2 kurze Schenkel)"},"content":{"rendered":"<ul>\n<li>Gro\u00dfe Kugelecke mit Versatz (2 kurze Schenkel)<\/li>\n<li>FS3223<\/li>\n<li>Stahl<\/li>\n<li>Ausf\u00fchrung: Chrom \/ Gold \/ Schwarz<\/li>\n<\/ul>\n<p>Kugelecken sind zum Schutz der Kanten und Ecken von Flightcases, Werkzeugkisten und Instrumentenkoffern gedacht. Sie verbessern die strukturelle Widerstandsf\u00e4higkeit, verringern Sto\u00dfsch\u00e4den beim Transport und sorgen f\u00fcr ein sauberes, professionelles Aussehen. Sie sind ideal f\u00fcr den harten Einsatz im audiovisuellen Bereich, auf Tourneen und in der Industrie.<\/p>\n<p><a href=\"https:\/\/fayshing.com\/wp-content\/uploads\/FS3223-Large-Ball-Corner-with-Offset-2-short-legs-Size.jpg\"><img fetchpriority=\"high\" decoding=\"async\" class=\"alignnone size-medium wp-image-6175\" src=\"https:\/\/fayshing.com\/wp-content\/uploads\/FS3223-Large-Ball-Corner-with-Offset-2-short-legs-Size-300x300.jpg\" alt=\"\" width=\"300\" height=\"300\" title=\"\" srcset=\"https:\/\/fayshing.com\/wp-content\/uploads\/FS3223-Large-Ball-Corner-with-Offset-2-short-legs-Size-300x300.jpg 300w, https:\/\/fayshing.com\/wp-content\/uploads\/FS3223-Large-Ball-Corner-with-Offset-2-short-legs-Size-150x150.jpg 150w, https:\/\/fayshing.com\/wp-content\/uploads\/FS3223-Large-Ball-Corner-with-Offset-2-short-legs-Size-768x768.jpg 768w, https:\/\/fayshing.com\/wp-content\/uploads\/FS3223-Large-Ball-Corner-with-Offset-2-short-legs-Size-12x12.jpg 12w, https:\/\/fayshing.com\/wp-content\/uploads\/FS3223-Large-Ball-Corner-with-Offset-2-short-legs-Size-600x600.jpg 600w, https:\/\/fayshing.com\/wp-content\/uploads\/FS3223-Large-Ball-Corner-with-Offset-2-short-legs-Size-200x200.jpg 200w, https:\/\/fayshing.com\/wp-content\/uploads\/FS3223-Large-Ball-Corner-with-Offset-2-short-legs-Size.jpg 1000w\" sizes=\"(max-width: 300px) 100vw, 300px\" \/><\/a><\/p>","protected":false},"excerpt":{"rendered":"<ul>\n<li>Gro\u00dfe Kugelecke mit Versatz (2 kurze Schenkel)<\/li>\n<li>FS3223<\/li>\n<li>Stahl<\/li>\n<li>Ausf\u00fchrung: Chrom \/ Gold \/ Schwarz<\/li>\n<\/ul>","protected":false},"featured_media":6174,"comment_status":"open","ping_status":"closed","template":"","meta":{"_acf_changed":false},"product_brand":[],"product_cat":[109,126],"product_tag":[],"class_list":{"0":"post-6173","1":"product","2":"type-product","3":"status-publish","4":"has-post-thumbnail","6":"product_cat-case-corners","7":"product_cat-ball-corners","8":"pa_material-steel","9":"description-off","11":"first","12":"instock","13":"shipping-taxable","14":"product-type-simple"},"acf":[],"_links":{"self":[{"href":"https:\/\/fayshing.com\/de-de\/wp-json\/wp\/v2\/product\/6173","targetHints":{"allow":["GET"]}}],"collection":[{"href":"https:\/\/fayshing.com\/de-de\/wp-json\/wp\/v2\/product"}],"about":[{"href":"https:\/\/fayshing.com\/de-de\/wp-json\/wp\/v2\/types\/product"}],"replies":[{"embeddable":true,"href":"https:\/\/fayshing.com\/de-de\/wp-json\/wp\/v2\/comments?post=6173"}],"wp:featuredmedia":[{"embeddable":true,"href":"https:\/\/fayshing.com\/de-de\/wp-json\/wp\/v2\/media\/6174"}],"wp:attachment":[{"href":"https:\/\/fayshing.com\/de-de\/wp-json\/wp\/v2\/media?parent=6173"}],"wp:term":[{"taxonomy":"product_brand","embeddable":true,"href":"https:\/\/fayshing.com\/de-de\/wp-json\/wp\/v2\/product_brand?post=6173"},{"taxonomy":"product_cat","embeddable":true,"href":"https:\/\/fayshing.com\/de-de\/wp-json\/wp\/v2\/product_cat?post=6173"},{"taxonomy":"product_tag","embeddable":true,"href":"https:\/\/fayshing.com\/de-de\/wp-json\/wp\/v2\/product_tag?post=6173"}],"curies":[{"name":"wp","href":"https:\/\/api.w.org\/{rel}","templated":true}]}}