{"id":6062,"date":"2025-02-17T14:55:34","date_gmt":"2025-02-17T06:55:34","guid":{"rendered":"https:\/\/fayshing.com\/?post_type=product&#038;p=6062"},"modified":"2025-08-08T15:28:55","modified_gmt":"2025-08-08T07:28:55","slug":"schmuckkastchen-verschlusse-haspel-schloss-goldton-fs1093","status":"publish","type":"product","link":"https:\/\/fayshing.com\/de-de\/product\/schmuckkastchen-verschlusse-haspel-schloss-goldton-fs1093\/","title":{"rendered":"Schmuckk\u00e4stchen Fall Schl\u00f6sser Hasp Catch Lock Gold Tone FS1093"},"content":{"rendered":"<p data-start=\"177\" data-end=\"453\">Der <strong data-start=\"181\" data-end=\"225\">FS1093 Schmuckk\u00e4stchen Riegel Hasp Schnappschloss<\/strong> ist eine kompakte und elegante Verschlussl\u00f6sung f\u00fcr Schmuckschatullen, Geschenkboxen, Aufbewahrungstruhen und andere kleine Etuis. Mit seinem <strong data-start=\"357\" data-end=\"370\">20 \u00d7 30 mm<\/strong> Gr\u00f6\u00dfe bietet er einen sicheren Verschluss und gleichzeitig ein raffiniertes, dekoratives Aussehen.<\/p>\n<p data-start=\"455\" data-end=\"691\">Gefertigt aus <strong data-start=\"468\" data-end=\"489\">hochwertiges Eisen<\/strong> und erh\u00e4ltlich in <strong data-start=\"507\" data-end=\"517\">Chrom<\/strong> oder <strong data-start=\"521\" data-end=\"531\">goldene<\/strong> Die FS1093 kombiniert Haltbarkeit mit \u00c4sthetik und ist damit ideal f\u00fcr den funktionalen Einsatz und zur Aufwertung des Gesamtdesigns Ihrer Box oder Ihres Koffers.<\/p>\n<p data-start=\"693\" data-end=\"712\"><strong data-start=\"693\" data-end=\"710\">Wesentliche Merkmale:<\/strong><\/p>\n<ul data-start=\"713\" data-end=\"984\">\n<li data-start=\"713\" data-end=\"737\">\n<p data-start=\"715\" data-end=\"737\">Produkt-Code: FS1093<\/p>\n<\/li>\n<li data-start=\"738\" data-end=\"783\">\n<p data-start=\"740\" data-end=\"783\">Typ: Schmuckk\u00e4stchen Verschluss \/ Haspel Verschluss<\/p>\n<\/li>\n<li data-start=\"784\" data-end=\"826\">\n<p data-start=\"786\" data-end=\"826\">Gr\u00f6\u00dfe: 20 \u00d7 30 mm - kompakt und unauff\u00e4llig<\/p>\n<\/li>\n<li data-start=\"827\" data-end=\"845\">\n<p data-start=\"829\" data-end=\"845\">Material: Eisen<\/p>\n<\/li>\n<li data-start=\"846\" data-end=\"881\">\n<p data-start=\"848\" data-end=\"881\">Ausf\u00fchrungsoptionen: Chrom \/ Golden<\/p>\n<\/li>\n<li data-start=\"882\" data-end=\"984\">\n<p data-start=\"884\" data-end=\"984\">Anwendungen: Schmuckk\u00e4stchen, Geschenkk\u00e4stchen, Aufbewahrungstruhen, dekorative Aufbewahrungsbeh\u00e4lter, Bastelprojekte<\/p>\n<\/li>\n<\/ul>\n<p data-start=\"986\" data-end=\"1140\">Ganz gleich, ob Sie eine neue Schmuckschatulle anfertigen oder alte Beschl\u00e4ge ersetzen m\u00f6chten, der FS1093 bietet die perfekte Kombination aus sicherem Verschluss und stilvollem Aussehen.<\/p>","protected":false},"excerpt":{"rendered":"<ul>\n<li>Schmuckk\u00e4stchen Fall Schl\u00f6sser Hasp Catch Lock Gold Tone<\/li>\n<li>Material: Eisen<\/li>\n<li>Gr\u00f6\u00dfe: 20\u00d730mm;<\/li>\n<li>Chrom \/ Golden<\/li>\n<\/ul>","protected":false},"featured_media":6063,"comment_status":"open","ping_status":"closed","template":"","meta":{"_acf_changed":false},"product_brand":[],"product_cat":[273,23],"product_tag":[],"class_list":{"0":"post-6062","1":"product","2":"type-product","3":"status-publish","4":"has-post-thumbnail","6":"product_cat-jewelry-box-latch-hasp","7":"product_cat-latches","8":"pa_material-iron","9":"pa_surface-treatment-chrome","10":"pa_surface-treatment-golden","11":"description-off","13":"first","14":"instock","15":"shipping-taxable","16":"product-type-simple"},"acf":[],"_links":{"self":[{"href":"https:\/\/fayshing.com\/de-de\/wp-json\/wp\/v2\/product\/6062","targetHints":{"allow":["GET"]}}],"collection":[{"href":"https:\/\/fayshing.com\/de-de\/wp-json\/wp\/v2\/product"}],"about":[{"href":"https:\/\/fayshing.com\/de-de\/wp-json\/wp\/v2\/types\/product"}],"replies":[{"embeddable":true,"href":"https:\/\/fayshing.com\/de-de\/wp-json\/wp\/v2\/comments?post=6062"}],"wp:featuredmedia":[{"embeddable":true,"href":"https:\/\/fayshing.com\/de-de\/wp-json\/wp\/v2\/media\/6063"}],"wp:attachment":[{"href":"https:\/\/fayshing.com\/de-de\/wp-json\/wp\/v2\/media?parent=6062"}],"wp:term":[{"taxonomy":"product_brand","embeddable":true,"href":"https:\/\/fayshing.com\/de-de\/wp-json\/wp\/v2\/product_brand?post=6062"},{"taxonomy":"product_cat","embeddable":true,"href":"https:\/\/fayshing.com\/de-de\/wp-json\/wp\/v2\/product_cat?post=6062"},{"taxonomy":"product_tag","embeddable":true,"href":"https:\/\/fayshing.com\/de-de\/wp-json\/wp\/v2\/product_tag?post=6062"}],"curies":[{"name":"wp","href":"https:\/\/api.w.org\/{rel}","templated":true}]}}