{"id":6060,"date":"2025-02-17T14:48:55","date_gmt":"2025-02-17T06:48:55","guid":{"rendered":"https:\/\/fayshing.com\/?post_type=product&#038;p=6060"},"modified":"2025-08-08T16:11:42","modified_gmt":"2025-08-08T08:11:42","slug":"holzkiste-truhe-kiste-rechteck-verschluss-hasp-schlosser-fs1226","status":"publish","type":"product","link":"https:\/\/fayshing.com\/de-de\/product\/holzkiste-truhe-kiste-rechteck-verschluss-hasp-schlosser-fs1226\/","title":{"rendered":"Holzkiste Truhenbox Rechteck Verschluss Hasp Verschl\u00fcsse FS1226"},"content":{"rendered":"<p data-start=\"187\" data-end=\"498\">Der <strong data-start=\"191\" data-end=\"236\">FS1226 Rechteckige Schlie\u00dfe Hasp-Verschluss<\/strong> ist ein praktischer und dekorativer Beschlag f\u00fcr Holzkisten, Truhen, Aufbewahrungsboxen und Geschenkkoffer. Mit seinem <strong data-start=\"358\" data-end=\"379\">rechteckige Form<\/strong> Und <strong data-start=\"384\" data-end=\"412\">4 Befestigungsl\u00f6cher pro Satz<\/strong>Er sorgt f\u00fcr einen sicheren Verschluss und verleiht Ihrem Projekt eine klassische, raffinierte Note.<\/p>\n<p data-start=\"500\" data-end=\"806\">Hergestellt aus <strong data-start=\"510\" data-end=\"526\">langlebiges Eisen<\/strong> und erh\u00e4ltlich in <strong data-start=\"544\" data-end=\"554\">Chrom<\/strong> oder <strong data-start=\"558\" data-end=\"568\">goldene<\/strong> Der FS1226 bietet sowohl St\u00e4rke als auch Stil. Sein kompaktes und oberfl\u00e4chenmontiertes Design macht die Installation auf einer Vielzahl von h\u00f6lzernen oder dekorativen Kisten einfach, was ihn ideal f\u00fcr M\u00f6belhersteller, Handwerksprojekte und die Restaurierung von Kisten macht.<\/p>\n<p data-start=\"808\" data-end=\"827\"><strong data-start=\"808\" data-end=\"825\">Wesentliche Merkmale:<\/strong><\/p>\n<ul data-start=\"828\" data-end=\"1124\">\n<li data-start=\"828\" data-end=\"852\">\n<p data-start=\"830\" data-end=\"852\">Produkt-Code: FS1226<\/p>\n<\/li>\n<li data-start=\"853\" data-end=\"925\">\n<p data-start=\"855\" data-end=\"925\">Typ: Rechteckige Verschlussfalle f\u00fcr Holzkisten und Truhen<\/p>\n<\/li>\n<li data-start=\"926\" data-end=\"986\">\n<p data-start=\"928\" data-end=\"986\">Anzahl der L\u00f6cher (pro Satz): 4 L\u00f6cher f\u00fcr stabile Montage<\/p>\n<\/li>\n<li data-start=\"987\" data-end=\"1005\">\n<p data-start=\"989\" data-end=\"1005\">Material: Eisen<\/p>\n<\/li>\n<li data-start=\"1006\" data-end=\"1041\">\n<p data-start=\"1008\" data-end=\"1041\">Ausf\u00fchrungsoptionen: Chrom \/ Golden<\/p>\n<\/li>\n<li data-start=\"1042\" data-end=\"1124\">\n<p data-start=\"1044\" data-end=\"1124\">Anwendungen: Holzkisten, Truhen, Aufbewahrungsboxen, Geschenkkoffer, Bastelprojekte<\/p>\n<\/li>\n<\/ul>\n<p data-start=\"1126\" data-end=\"1271\">Ob Sie <strong data-start=\"1142\" data-end=\"1172\">Bau einer neuen Holzkiste<\/strong> oder <strong data-start=\"1176\" data-end=\"1203\">Restaurierung einer alten Schachtel<\/strong>Der FS1226 bietet einen sicheren Verschluss und einen sauberen, polierten Look.<\/p>","protected":false},"excerpt":{"rendered":"<ul>\n<li>Holzkiste Truhenbox Rechteck Spangenverschluss Hasp Verschl\u00fcsse<\/li>\n<li>Anzahl der L\u00f6cher (pro Satz): 4 L\u00f6cher;<\/li>\n<li>Eisen<\/li>\n<li>Chrom \/ Golden<\/li>\n<\/ul>","protected":false},"featured_media":6061,"comment_status":"open","ping_status":"closed","template":"","meta":{"_acf_changed":false},"product_brand":[],"product_cat":[273,23],"product_tag":[],"class_list":{"0":"post-6060","1":"product","2":"type-product","3":"status-publish","4":"has-post-thumbnail","6":"product_cat-jewelry-box-latch-hasp","7":"product_cat-latches","8":"pa_material-iron","9":"pa_surface-treatment-chrome","10":"pa_surface-treatment-golden","11":"description-off","13":"first","14":"instock","15":"shipping-taxable","16":"product-type-simple"},"acf":[],"_links":{"self":[{"href":"https:\/\/fayshing.com\/de-de\/wp-json\/wp\/v2\/product\/6060","targetHints":{"allow":["GET"]}}],"collection":[{"href":"https:\/\/fayshing.com\/de-de\/wp-json\/wp\/v2\/product"}],"about":[{"href":"https:\/\/fayshing.com\/de-de\/wp-json\/wp\/v2\/types\/product"}],"replies":[{"embeddable":true,"href":"https:\/\/fayshing.com\/de-de\/wp-json\/wp\/v2\/comments?post=6060"}],"wp:featuredmedia":[{"embeddable":true,"href":"https:\/\/fayshing.com\/de-de\/wp-json\/wp\/v2\/media\/6061"}],"wp:attachment":[{"href":"https:\/\/fayshing.com\/de-de\/wp-json\/wp\/v2\/media?parent=6060"}],"wp:term":[{"taxonomy":"product_brand","embeddable":true,"href":"https:\/\/fayshing.com\/de-de\/wp-json\/wp\/v2\/product_brand?post=6060"},{"taxonomy":"product_cat","embeddable":true,"href":"https:\/\/fayshing.com\/de-de\/wp-json\/wp\/v2\/product_cat?post=6060"},{"taxonomy":"product_tag","embeddable":true,"href":"https:\/\/fayshing.com\/de-de\/wp-json\/wp\/v2\/product_tag?post=6060"}],"curies":[{"name":"wp","href":"https:\/\/api.w.org\/{rel}","templated":true}]}}