{"id":6058,"date":"2025-02-17T14:45:02","date_gmt":"2025-02-17T06:45:02","guid":{"rendered":"https:\/\/fayshing.com\/?post_type=product&#038;p=6058"},"modified":"2025-08-08T15:17:27","modified_gmt":"2025-08-08T07:17:27","slug":"kleines-schmuckkastchen-verschluss-klappe-hasp-geschenkbox-hardware-fs1225","status":"publish","type":"product","link":"https:\/\/fayshing.com\/de-de\/product\/kleines-schmuckkastchen-verschluss-klappe-hasp-geschenkbox-hardware-fs1225\/","title":{"rendered":"Kleines Schmuckk\u00e4stchen Riegelverschluss Toggle Hasp Geschenkbox Hardware FS1225"},"content":{"rendered":"<ul>\n<li>\n<p data-start=\"157\" data-end=\"462\">Der <strong data-start=\"161\" data-end=\"201\">FS1225 Kleines Schmuckk\u00e4stchen mit Schnappverschluss<\/strong> ist ein filigraner und dennoch robuster Beschlag f\u00fcr Schmuckk\u00e4stchen, Geschenkboxen, Aufbewahrungstruhen und andere kleine Etuis. Mit einer <strong data-start=\"332\" data-end=\"347\">Kippschlie\u00dfe<\/strong> Mechanismus und <strong data-start=\"362\" data-end=\"390\">4 Befestigungsl\u00f6cher pro Satz<\/strong>Sie bietet einen sicheren Verschluss und gleichzeitig ein elegantes, raffiniertes Aussehen.<\/p>\n<p data-start=\"464\" data-end=\"764\">Gefertigt aus <strong data-start=\"477\" data-end=\"498\">hochwertiges Eisen<\/strong> und erh\u00e4ltlich in <strong data-start=\"516\" data-end=\"526\">Chrom<\/strong> oder <strong data-start=\"530\" data-end=\"540\">goldene<\/strong> Der FS1225 verbindet St\u00e4rke mit Stil und eignet sich daher sowohl f\u00fcr funktionale als auch f\u00fcr dekorative Anwendungen. Seine kompakte Gr\u00f6\u00dfe macht ihn ideal f\u00fcr kleine Holz- oder Lederkoffer, bei denen Pr\u00e4zision und \u00c4sthetik eine Rolle spielen.<\/p>\n<p data-start=\"766\" data-end=\"785\"><strong data-start=\"766\" data-end=\"783\">Wesentliche Merkmale:<\/strong><\/p>\n<ul data-start=\"786\" data-end=\"1084\">\n<li data-start=\"786\" data-end=\"810\">\n<p data-start=\"788\" data-end=\"810\">Produkt-Code: FS1225<\/p>\n<\/li>\n<li data-start=\"811\" data-end=\"864\">\n<p data-start=\"813\" data-end=\"864\">Typ: Kleines Schmuckk\u00e4stchen Verschluss \/ Knebelverschluss<\/p>\n<\/li>\n<li data-start=\"865\" data-end=\"921\">\n<p data-start=\"867\" data-end=\"921\">Anzahl der L\u00f6cher (pro Satz): 4 L\u00f6cher zur sicheren Befestigung<\/p>\n<\/li>\n<li data-start=\"922\" data-end=\"940\">\n<p data-start=\"924\" data-end=\"940\">Material: Eisen<\/p>\n<\/li>\n<li data-start=\"941\" data-end=\"976\">\n<p data-start=\"943\" data-end=\"976\">Ausf\u00fchrungsoptionen: Chrom \/ Golden<\/p>\n<\/li>\n<li data-start=\"977\" data-end=\"1084\">\n<p data-start=\"979\" data-end=\"1084\">Anwendungen: Schmuckk\u00e4stchen, Geschenkk\u00e4stchen, Aufbewahrungstruhen, Bastelprojekte, kleine Holz- oder Lederetuis<\/p>\n<\/li>\n<\/ul>\n<p data-start=\"1086\" data-end=\"1251\">Ganz gleich, ob Sie ein wertvolles Andenken reparieren oder eine individuelle Geschenkschachtel anfertigen m\u00f6chten, der FS1225 bietet die perfekte Kombination aus zuverl\u00e4ssigem Verschluss und dekorativem Aussehen.<\/p>\n<\/li>\n<\/ul>","protected":false},"excerpt":{"rendered":"<ul>\n<li>Kleines Schmuckk\u00e4stchen Riegelverschluss Toggle Hasp<\/li>\n<li>Anzahl der L\u00f6cher (pro Satz): 4 L\u00f6cher;<\/li>\n<li>Eisen<\/li>\n<li>Chrom \/ Golden<\/li>\n<\/ul>","protected":false},"featured_media":6059,"comment_status":"open","ping_status":"closed","template":"","meta":{"_acf_changed":false},"product_brand":[],"product_cat":[273,23],"product_tag":[],"class_list":{"0":"post-6058","1":"product","2":"type-product","3":"status-publish","4":"has-post-thumbnail","6":"product_cat-jewelry-box-latch-hasp","7":"product_cat-latches","8":"pa_material-iron","9":"pa_surface-treatment-chrome","10":"pa_surface-treatment-golden","11":"description-off","13":"first","14":"instock","15":"shipping-taxable","16":"product-type-simple"},"acf":[],"_links":{"self":[{"href":"https:\/\/fayshing.com\/de-de\/wp-json\/wp\/v2\/product\/6058","targetHints":{"allow":["GET"]}}],"collection":[{"href":"https:\/\/fayshing.com\/de-de\/wp-json\/wp\/v2\/product"}],"about":[{"href":"https:\/\/fayshing.com\/de-de\/wp-json\/wp\/v2\/types\/product"}],"replies":[{"embeddable":true,"href":"https:\/\/fayshing.com\/de-de\/wp-json\/wp\/v2\/comments?post=6058"}],"wp:featuredmedia":[{"embeddable":true,"href":"https:\/\/fayshing.com\/de-de\/wp-json\/wp\/v2\/media\/6059"}],"wp:attachment":[{"href":"https:\/\/fayshing.com\/de-de\/wp-json\/wp\/v2\/media?parent=6058"}],"wp:term":[{"taxonomy":"product_brand","embeddable":true,"href":"https:\/\/fayshing.com\/de-de\/wp-json\/wp\/v2\/product_brand?post=6058"},{"taxonomy":"product_cat","embeddable":true,"href":"https:\/\/fayshing.com\/de-de\/wp-json\/wp\/v2\/product_cat?post=6058"},{"taxonomy":"product_tag","embeddable":true,"href":"https:\/\/fayshing.com\/de-de\/wp-json\/wp\/v2\/product_tag?post=6058"}],"curies":[{"name":"wp","href":"https:\/\/api.w.org\/{rel}","templated":true}]}}