{"id":6055,"date":"2025-02-17T14:38:11","date_gmt":"2025-02-17T06:38:11","guid":{"rendered":"https:\/\/fayshing.com\/?post_type=product&#038;p=6055"},"modified":"2025-08-08T15:57:30","modified_gmt":"2025-08-08T07:57:30","slug":"gold-schmuckkastchen-verschluss-verschluss-haspel-geschenk-box-hardware-fs1174","status":"publish","type":"product","link":"https:\/\/fayshing.com\/de-de\/product\/gold-schmuckkastchen-verschluss-verschluss-haspel-geschenk-box-hardware-fs1174\/","title":{"rendered":"Gold Schmuckk\u00e4stchen Riegel Verschluss Toggle Hasp Geschenk Box Hardware FS1174"},"content":{"rendered":"<p data-start=\"172\" data-end=\"501\">Der <strong data-start=\"176\" data-end=\"222\">FS1174 Schmuckk\u00e4stchen Riegelverschluss Toggle Hasp<\/strong> ist ein eleganter und langlebiger Beschlag f\u00fcr Schmuckschatullen, Geschenkboxen, Aufbewahrungstruhen und andere dekorative Etuis. Ausgestattet mit einem <strong data-start=\"363\" data-end=\"386\">Kipphebel-Verschluss<\/strong> mit <strong data-start=\"392\" data-end=\"420\">4 Befestigungsl\u00f6cher pro Satz<\/strong>Sie bietet eine sichere Befestigung und erh\u00f6ht gleichzeitig die optische Attraktivit\u00e4t Ihres Projekts.<\/p>\n<p data-start=\"503\" data-end=\"786\">Hergestellt aus <strong data-start=\"513\" data-end=\"528\">starkes Eisen<\/strong> und erh\u00e4ltlich in <strong data-start=\"546\" data-end=\"556\">goldene<\/strong>, <strong data-start=\"558\" data-end=\"568\">Chrom<\/strong>, oder <strong data-start=\"573\" data-end=\"582\">schwarz<\/strong> Der FS1174 kombiniert zuverl\u00e4ssige Leistung mit vielseitigem Design. Die <strong data-start=\"662\" data-end=\"686\">Aufputzausf\u00fchrung<\/strong> macht die Installation auf Holz-, Leder- oder Zierk\u00e4sten einfach, ohne dass Aussparungen erforderlich sind.<\/p>\n<p data-start=\"788\" data-end=\"807\"><strong data-start=\"788\" data-end=\"805\">Wesentliche Merkmale:<\/strong><\/p>\n<ul data-start=\"808\" data-end=\"1157\">\n<li data-start=\"808\" data-end=\"832\">\n<p data-start=\"810\" data-end=\"832\">Produkt-Code: FS1174<\/p>\n<\/li>\n<li data-start=\"833\" data-end=\"880\">\n<p data-start=\"835\" data-end=\"880\">Typ: Schmuckk\u00e4stchen-Verschluss \/ Knebelverschluss<\/p>\n<\/li>\n<li data-start=\"881\" data-end=\"899\">\n<p data-start=\"883\" data-end=\"899\">Material: Eisen<\/p>\n<\/li>\n<li data-start=\"900\" data-end=\"943\">\n<p data-start=\"902\" data-end=\"943\">Ausf\u00fchrungsoptionen: Golden \/ Chrom \/ Schwarz<\/p>\n<\/li>\n<li data-start=\"944\" data-end=\"1004\">\n<p data-start=\"946\" data-end=\"1004\">Anzahl der L\u00f6cher (pro Satz): 4 L\u00f6cher f\u00fcr stabile Montage<\/p>\n<\/li>\n<li data-start=\"1005\" data-end=\"1065\">\n<p data-start=\"1007\" data-end=\"1065\">Montageart: Aufputzmontage - schnell und einfach zu montieren<\/p>\n<\/li>\n<li data-start=\"1066\" data-end=\"1157\">\n<p data-start=\"1068\" data-end=\"1157\">Anwendungen: Schmuckk\u00e4stchen, Geschenkk\u00e4stchen, Aufbewahrungstruhen, kleine Holz- oder Lederetuis<\/p>\n<\/li>\n<\/ul>\n<p data-start=\"1159\" data-end=\"1295\">Der FS1174 ist die perfekte Wahl, wenn Sie <strong data-start=\"1206\" data-end=\"1245\">sicherer Verschluss und dekorativer Stil<\/strong> f\u00fcr die Herstellung hochwertiger Schachteln oder f\u00fcr Restaurierungsprojekte.<\/p>","protected":false},"excerpt":{"rendered":"<ul>\n<li>Gold-Schmuckk\u00e4stchen Riegelverschluss Toggle Hasp<\/li>\n<li>Eisen<\/li>\n<li>Gold \/ Chrom \/ Schwarz<\/li>\n<li>Anzahl der L\u00f6cher (pro Satz): 4 L\u00f6cher;<\/li>\n<li>Oberfl\u00e4chenmontage;<\/li>\n<\/ul>","protected":false},"featured_media":6056,"comment_status":"open","ping_status":"closed","template":"","meta":{"_acf_changed":false},"product_brand":[],"product_cat":[273,23],"product_tag":[],"class_list":{"0":"post-6055","1":"product","2":"type-product","3":"status-publish","4":"has-post-thumbnail","6":"product_cat-jewelry-box-latch-hasp","7":"product_cat-latches","8":"pa_material-iron","9":"pa_surface-treatment-chrome","10":"pa_surface-treatment-golden","11":"description-off","13":"first","14":"instock","15":"shipping-taxable","16":"product-type-simple"},"acf":[],"_links":{"self":[{"href":"https:\/\/fayshing.com\/de-de\/wp-json\/wp\/v2\/product\/6055","targetHints":{"allow":["GET"]}}],"collection":[{"href":"https:\/\/fayshing.com\/de-de\/wp-json\/wp\/v2\/product"}],"about":[{"href":"https:\/\/fayshing.com\/de-de\/wp-json\/wp\/v2\/types\/product"}],"replies":[{"embeddable":true,"href":"https:\/\/fayshing.com\/de-de\/wp-json\/wp\/v2\/comments?post=6055"}],"wp:featuredmedia":[{"embeddable":true,"href":"https:\/\/fayshing.com\/de-de\/wp-json\/wp\/v2\/media\/6056"}],"wp:attachment":[{"href":"https:\/\/fayshing.com\/de-de\/wp-json\/wp\/v2\/media?parent=6055"}],"wp:term":[{"taxonomy":"product_brand","embeddable":true,"href":"https:\/\/fayshing.com\/de-de\/wp-json\/wp\/v2\/product_brand?post=6055"},{"taxonomy":"product_cat","embeddable":true,"href":"https:\/\/fayshing.com\/de-de\/wp-json\/wp\/v2\/product_cat?post=6055"},{"taxonomy":"product_tag","embeddable":true,"href":"https:\/\/fayshing.com\/de-de\/wp-json\/wp\/v2\/product_tag?post=6055"}],"curies":[{"name":"wp","href":"https:\/\/api.w.org\/{rel}","templated":true}]}}