{"id":6049,"date":"2025-02-17T14:14:51","date_gmt":"2025-02-17T06:14:51","guid":{"rendered":"https:\/\/fayshing.com\/?post_type=product&#038;p=6049"},"modified":"2025-02-17T15:00:50","modified_gmt":"2025-02-17T07:00:50","slug":"29x33mm-schmuck-geschenk-box-links-schwenkarm-verschluss-verschlusse-kipp-haspel-fs1085","status":"publish","type":"product","link":"https:\/\/fayshing.com\/de-de\/product\/29x33mm-schmuck-geschenk-box-links-schwenkarm-verschluss-verschlusse-kipp-haspel-fs1085\/","title":{"rendered":"29\u00d733mm Schmuck Geschenk Box links Schwenkarm Verschluss Verschl\u00fcsse Toggle Hasp FS1085"},"content":{"rendered":"<ul>\n<li>Schmuck Geschenk Box links Schwenkarm Verschluss Verschl\u00fcsse Toggle Hasp 29\u00d733mm \/ 1.14\u00d71.30 Zoll\uff1b<\/li>\n<li>Anders als <em><strong><a href=\"https:\/\/fayshing.com\/de-de\/product\/29x33mm-schmuckkastchen-haspel-haken-schloss-riegel-fs1084\/\">FS1084<\/a><\/strong><\/em>ist der obere Teil der S\u00e4ule gr\u00f6\u00dfer\uff1b.<\/li>\n<li>Anzahl der L\u00f6cher (pro Satz): 4 L\u00f6cher;<\/li>\n<li>Lochdurchmesser: 3,5 mm;<\/li>\n<li>Abstand zwischen den L\u00f6chern: 21 mm;<\/li>\n<li>Farbe: Die Farbe kann angepasst werden. Die Standardfarben sind Silber, Gold und antike Bronze.<\/li>\n<li>Es gibt eine Mindestbestellmenge, bitte <strong><em><a href=\"https:\/\/fayshing.com\/de-de\/contact-us\/\">Kontaktverk\u00e4ufe<\/a><\/em><\/strong> f\u00fcr Details\uff1b<\/li>\n<\/ul>","protected":false},"excerpt":{"rendered":"<ul>\n<li>Schmuck Geschenk Box links Schwenkarm Verschluss Verschl\u00fcsse Toggle Hasp 29\u00d733mm \/ 1.14\u00d71.30 Zoll\uff1b<\/li>\n<li>Anzahl der L\u00f6cher (pro Satz): 4 L\u00f6cher;<\/li>\n<li>Lochdurchmesser: 3,5 mm;<\/li>\n<li>Abstand zwischen den L\u00f6chern: 21 mm;<\/li>\n<\/ul>","protected":false},"featured_media":6050,"comment_status":"open","ping_status":"closed","template":"","meta":{"_acf_changed":false},"product_brand":[],"product_cat":[273,23],"product_tag":[],"class_list":{"0":"post-6049","1":"product","2":"type-product","3":"status-publish","4":"has-post-thumbnail","6":"product_cat-jewelry-box-latch-hasp","7":"product_cat-latches","8":"pa_material-zinc-alloy","9":"pa_surface-treatment-chrome","10":"pa_surface-treatment-golden","11":"description-off","13":"first","14":"instock","15":"shipping-taxable","16":"product-type-simple"},"acf":[],"_links":{"self":[{"href":"https:\/\/fayshing.com\/de-de\/wp-json\/wp\/v2\/product\/6049","targetHints":{"allow":["GET"]}}],"collection":[{"href":"https:\/\/fayshing.com\/de-de\/wp-json\/wp\/v2\/product"}],"about":[{"href":"https:\/\/fayshing.com\/de-de\/wp-json\/wp\/v2\/types\/product"}],"replies":[{"embeddable":true,"href":"https:\/\/fayshing.com\/de-de\/wp-json\/wp\/v2\/comments?post=6049"}],"wp:featuredmedia":[{"embeddable":true,"href":"https:\/\/fayshing.com\/de-de\/wp-json\/wp\/v2\/media\/6050"}],"wp:attachment":[{"href":"https:\/\/fayshing.com\/de-de\/wp-json\/wp\/v2\/media?parent=6049"}],"wp:term":[{"taxonomy":"product_brand","embeddable":true,"href":"https:\/\/fayshing.com\/de-de\/wp-json\/wp\/v2\/product_brand?post=6049"},{"taxonomy":"product_cat","embeddable":true,"href":"https:\/\/fayshing.com\/de-de\/wp-json\/wp\/v2\/product_cat?post=6049"},{"taxonomy":"product_tag","embeddable":true,"href":"https:\/\/fayshing.com\/de-de\/wp-json\/wp\/v2\/product_tag?post=6049"}],"curies":[{"name":"wp","href":"https:\/\/api.w.org\/{rel}","templated":true}]}}