{"id":6047,"date":"2025-02-17T14:07:53","date_gmt":"2025-02-17T06:07:53","guid":{"rendered":"https:\/\/fayshing.com\/?post_type=product&#038;p=6047"},"modified":"2025-02-17T15:00:38","modified_gmt":"2025-02-17T07:00:38","slug":"29x33mm-schmuckkastchen-haspel-haken-schloss-riegel-fs1084","status":"publish","type":"product","link":"https:\/\/fayshing.com\/de-de\/product\/29x33mm-schmuckkastchen-haspel-haken-schloss-riegel-fs1084\/","title":{"rendered":"29\u00d733mm Schmuckk\u00e4stchen Haspelhaken Schloss Riegel FS1084"},"content":{"rendered":"<ul>\n<li>Schmuckk\u00e4stchen Hasp Hook Lock Latch Gr\u00f6\u00dfe 29\u00d733mm \/ 1.14\u00d71.30 Zoll\uff1b<\/li>\n<li>Anzahl der L\u00f6cher (pro Satz): 4 L\u00f6cher;<\/li>\n<li>Lochdurchmesser: 3,5 mm;<\/li>\n<li>Abstand zwischen den L\u00f6chern: 21 mm;<\/li>\n<li>Farbe: Die Farbe kann angepasst werden. Die Standardfarben sind Silber, Gold und antike Bronze.<\/li>\n<li>Es gibt eine Mindestbestellmenge, bitte <strong><em><a href=\"https:\/\/fayshing.com\/de-de\/contact-us\/\">Kontaktverk\u00e4ufe<\/a><\/em><\/strong> f\u00fcr Details\uff1b<\/li>\n<\/ul>","protected":false},"excerpt":{"rendered":"<ul>\n<li>Schmuckk\u00e4stchen Hasp Hook Lock Latch Gr\u00f6\u00dfe 29\u00d733mm \/ 1.14\u00d71.30 Zoll\uff1b<\/li>\n<li>Anzahl der L\u00f6cher (pro Satz): 4 L\u00f6cher;<\/li>\n<li>Lochdurchmesser: 3,5 mm;<\/li>\n<li>Abstand zwischen den L\u00f6chern: 21 mm;<\/li>\n<li>Legierung<\/li>\n<\/ul>","protected":false},"featured_media":6048,"comment_status":"open","ping_status":"closed","template":"","meta":{"_acf_changed":false},"product_brand":[],"product_cat":[273,23],"product_tag":[],"class_list":{"0":"post-6047","1":"product","2":"type-product","3":"status-publish","4":"has-post-thumbnail","6":"product_cat-jewelry-box-latch-hasp","7":"product_cat-latches","8":"pa_material-zinc-alloy","9":"pa_surface-treatment-black","10":"pa_surface-treatment-chrome","11":"pa_surface-treatment-golden","12":"description-off","14":"first","15":"instock","16":"shipping-taxable","17":"product-type-simple"},"acf":[],"_links":{"self":[{"href":"https:\/\/fayshing.com\/de-de\/wp-json\/wp\/v2\/product\/6047","targetHints":{"allow":["GET"]}}],"collection":[{"href":"https:\/\/fayshing.com\/de-de\/wp-json\/wp\/v2\/product"}],"about":[{"href":"https:\/\/fayshing.com\/de-de\/wp-json\/wp\/v2\/types\/product"}],"replies":[{"embeddable":true,"href":"https:\/\/fayshing.com\/de-de\/wp-json\/wp\/v2\/comments?post=6047"}],"wp:featuredmedia":[{"embeddable":true,"href":"https:\/\/fayshing.com\/de-de\/wp-json\/wp\/v2\/media\/6048"}],"wp:attachment":[{"href":"https:\/\/fayshing.com\/de-de\/wp-json\/wp\/v2\/media?parent=6047"}],"wp:term":[{"taxonomy":"product_brand","embeddable":true,"href":"https:\/\/fayshing.com\/de-de\/wp-json\/wp\/v2\/product_brand?post=6047"},{"taxonomy":"product_cat","embeddable":true,"href":"https:\/\/fayshing.com\/de-de\/wp-json\/wp\/v2\/product_cat?post=6047"},{"taxonomy":"product_tag","embeddable":true,"href":"https:\/\/fayshing.com\/de-de\/wp-json\/wp\/v2\/product_tag?post=6047"}],"curies":[{"name":"wp","href":"https:\/\/api.w.org\/{rel}","templated":true}]}}