{"id":6037,"date":"2025-02-12T10:10:11","date_gmt":"2025-02-12T02:10:11","guid":{"rendered":"https:\/\/fayshing.com\/?post_type=product&#038;p=6037"},"modified":"2025-08-08T16:04:52","modified_gmt":"2025-08-08T08:04:52","slug":"wooden-box-hasp-latch-lock-large-fs1143","status":"publish","type":"product","link":"https:\/\/fayshing.com\/de-de\/product\/wooden-box-hasp-latch-lock-large-fs1143\/","title":{"rendered":"Holzkiste Hasp Riegelschloss - gro\u00df FS1143"},"content":{"rendered":"<p data-start=\"143\" data-end=\"409\">Der <strong data-start=\"147\" data-end=\"184\">FS1143 Holzkiste Haspel Riegelschloss<\/strong> ist eine robuste und stilvolle Beschlagsl\u00f6sung zur Sicherung gro\u00dfer Holzkisten, Truhen, Aufbewahrungskisten und dekorativer Truhen. Ma\u00dfe <strong data-start=\"316\" data-end=\"329\">74 \u00d7 45 mm<\/strong>Er bietet einen zuverl\u00e4ssigen Verschluss und verleiht Ihrem Projekt eine raffinierte Note.<\/p>\n<p data-start=\"411\" data-end=\"726\">Gefertigt aus <strong data-start=\"424\" data-end=\"441\">haltbarer Stahl<\/strong> und erh\u00e4ltlich in <strong data-start=\"459\" data-end=\"469\">goldene<\/strong>, <strong data-start=\"471\" data-end=\"481\">Chrom<\/strong>, oder <strong data-start=\"486\" data-end=\"495\">schwarz<\/strong> Der FS1143 bietet sowohl St\u00e4rke als auch \u00e4sthetische Vielseitigkeit. Die Aufputzmontage erm\u00f6glicht eine schnelle und einfache Installation auf einer Vielzahl von Geh\u00e4usematerialien und ist somit ideal f\u00fcr funktionale und dekorative Anwendungen.<\/p>\n<p data-start=\"728\" data-end=\"747\"><strong data-start=\"728\" data-end=\"745\">Wesentliche Merkmale:<\/strong><\/p>\n<ul data-start=\"748\" data-end=\"1041\">\n<li data-start=\"748\" data-end=\"772\">\n<p data-start=\"750\" data-end=\"772\">Produkt-Code: FS1143<\/p>\n<\/li>\n<li data-start=\"773\" data-end=\"821\">\n<p data-start=\"775\" data-end=\"821\">Typ: Gro\u00dfes Haspel-Fallenschloss f\u00fcr Holzkisten<\/p>\n<\/li>\n<li data-start=\"822\" data-end=\"841\">\n<p data-start=\"824\" data-end=\"841\">Gr\u00f6\u00dfe: 74 \u00d7 45 mm<\/p>\n<\/li>\n<li data-start=\"842\" data-end=\"861\">\n<p data-start=\"844\" data-end=\"861\">Material: Stahl<\/p>\n<\/li>\n<li data-start=\"862\" data-end=\"905\">\n<p data-start=\"864\" data-end=\"905\">Ausf\u00fchrungsoptionen: Golden \/ Chrom \/ Schwarz<\/p>\n<\/li>\n<li data-start=\"906\" data-end=\"947\">\n<p data-start=\"908\" data-end=\"947\">Aufputzmontage f\u00fcr einfache Installation<\/p>\n<\/li>\n<li data-start=\"948\" data-end=\"1041\">\n<p data-start=\"950\" data-end=\"1041\">Anwendungen: Holztruhen, Aufbewahrungskisten, Geschenkkisten, Bastelprojekte, dekorative Kisten<\/p>\n<\/li>\n<\/ul>\n<p data-start=\"1043\" data-end=\"1184\">Ganz gleich, ob Sie eine neue Aufbewahrungskiste bauen oder eine alte Kiste restaurieren, die FS1143 bietet <strong data-start=\"1135\" data-end=\"1181\">sichere Befestigung und professionelles Finish<\/strong>.<\/p>","protected":false},"excerpt":{"rendered":"<ul>\n<li>Holzkiste Hasp-Schloss - gro\u00df<\/li>\n<li>Stahl<\/li>\n<li>Beendet: Golden \/ Chrom \/ Schwarz<\/li>\n<li>Gr\u00f6\u00dfe: 74 \u00d7 45 mm<\/li>\n<\/ul>","protected":false},"featured_media":6038,"comment_status":"open","ping_status":"closed","template":"","meta":{"_acf_changed":false},"product_brand":[],"product_cat":[162,23],"product_tag":[],"class_list":{"0":"post-6037","1":"product","2":"type-product","3":"status-publish","4":"has-post-thumbnail","6":"product_cat-briefcase-draw-latches","7":"product_cat-latches","8":"pa_material-steel","9":"pa_surface-treatment-blue-zinc","10":"pa_surface-treatment-chrome","11":"pa_surface-treatment-golden","12":"description-off","14":"first","15":"instock","16":"shipping-taxable","17":"product-type-simple"},"acf":[],"_links":{"self":[{"href":"https:\/\/fayshing.com\/de-de\/wp-json\/wp\/v2\/product\/6037","targetHints":{"allow":["GET"]}}],"collection":[{"href":"https:\/\/fayshing.com\/de-de\/wp-json\/wp\/v2\/product"}],"about":[{"href":"https:\/\/fayshing.com\/de-de\/wp-json\/wp\/v2\/types\/product"}],"replies":[{"embeddable":true,"href":"https:\/\/fayshing.com\/de-de\/wp-json\/wp\/v2\/comments?post=6037"}],"wp:featuredmedia":[{"embeddable":true,"href":"https:\/\/fayshing.com\/de-de\/wp-json\/wp\/v2\/media\/6038"}],"wp:attachment":[{"href":"https:\/\/fayshing.com\/de-de\/wp-json\/wp\/v2\/media?parent=6037"}],"wp:term":[{"taxonomy":"product_brand","embeddable":true,"href":"https:\/\/fayshing.com\/de-de\/wp-json\/wp\/v2\/product_brand?post=6037"},{"taxonomy":"product_cat","embeddable":true,"href":"https:\/\/fayshing.com\/de-de\/wp-json\/wp\/v2\/product_cat?post=6037"},{"taxonomy":"product_tag","embeddable":true,"href":"https:\/\/fayshing.com\/de-de\/wp-json\/wp\/v2\/product_tag?post=6037"}],"curies":[{"name":"wp","href":"https:\/\/api.w.org\/{rel}","templated":true}]}}