{"id":6034,"date":"2025-02-12T09:56:47","date_gmt":"2025-02-12T01:56:47","guid":{"rendered":"https:\/\/fayshing.com\/?post_type=product&#038;p=6034"},"modified":"2025-02-12T09:57:59","modified_gmt":"2025-02-12T01:57:59","slug":"box-lock-latch-hasp-for-wooden-box-fs-1040","status":"publish","type":"product","link":"https:\/\/fayshing.com\/de-de\/product\/box-lock-latch-hasp-for-wooden-box-fs-1040\/","title":{"rendered":"Kastenschloss Riegel Haspel f\u00fcr Holzkasten FS-1040"},"content":{"rendered":"<p>Kastenschloss Riegel Haspel f\u00fcr Holzkasten FS-1040 Produktdetails\uff1b<\/p>\n<ol>\n<li>Material: Stahl\uff1b<\/li>\n<li>4 Befestigungsl\u00f6cher\uff1b<\/li>\n<li>Gr\u00f6\u00dfe der Montage\u00f6ffnung 3,5 mm;<\/li>\n<li>Fertiggestellt: Chrom \/ Golden \/ Schwarz;<\/li>\n<li>mit Versatz;<\/li>\n<li>Bestell-Nr.: FS-1040<\/li>\n<li>Kann an Werkzeugkisten, Holzkisten und anderen harten Kisten angebracht werden.<\/li>\n<li>\u00c4hnlich wie <strong><em><a href=\"https:\/\/fayshing.com\/de-de\/product\/werkzeugkasten-hasp-falle-schloss-mit-vorhangeschloss-fs-1039\/\">FS-1039<\/a><\/em><\/strong>\uff1b<\/li>\n<\/ol>","protected":false},"excerpt":{"rendered":"<ul>\n<li>Kastenschloss Riegel Haspel f\u00fcr Holzkasten FS-1040<\/li>\n<li>4 Befestigungsl\u00f6cher\uff1b<\/li>\n<li>Stahl;<\/li>\n<li>Gr\u00f6\u00dfe der Montage\u00f6ffnung 3,5 mm;<\/li>\n<li>Fertiggestellt: Chrom \/ Golden \/ Schwarz;<\/li>\n<\/ul>","protected":false},"featured_media":6036,"comment_status":"open","ping_status":"closed","template":"","meta":{"_acf_changed":false},"product_brand":[],"product_cat":[162,23],"product_tag":[],"class_list":{"0":"post-6034","1":"product","2":"type-product","3":"status-publish","4":"has-post-thumbnail","6":"product_cat-briefcase-draw-latches","7":"product_cat-latches","8":"pa_material-steel","9":"pa_surface-treatment-black","10":"pa_surface-treatment-chrome","11":"pa_surface-treatment-golden","12":"description-off","14":"first","15":"instock","16":"shipping-taxable","17":"product-type-simple"},"acf":[],"_links":{"self":[{"href":"https:\/\/fayshing.com\/de-de\/wp-json\/wp\/v2\/product\/6034","targetHints":{"allow":["GET"]}}],"collection":[{"href":"https:\/\/fayshing.com\/de-de\/wp-json\/wp\/v2\/product"}],"about":[{"href":"https:\/\/fayshing.com\/de-de\/wp-json\/wp\/v2\/types\/product"}],"replies":[{"embeddable":true,"href":"https:\/\/fayshing.com\/de-de\/wp-json\/wp\/v2\/comments?post=6034"}],"wp:featuredmedia":[{"embeddable":true,"href":"https:\/\/fayshing.com\/de-de\/wp-json\/wp\/v2\/media\/6036"}],"wp:attachment":[{"href":"https:\/\/fayshing.com\/de-de\/wp-json\/wp\/v2\/media?parent=6034"}],"wp:term":[{"taxonomy":"product_brand","embeddable":true,"href":"https:\/\/fayshing.com\/de-de\/wp-json\/wp\/v2\/product_brand?post=6034"},{"taxonomy":"product_cat","embeddable":true,"href":"https:\/\/fayshing.com\/de-de\/wp-json\/wp\/v2\/product_cat?post=6034"},{"taxonomy":"product_tag","embeddable":true,"href":"https:\/\/fayshing.com\/de-de\/wp-json\/wp\/v2\/product_tag?post=6034"}],"curies":[{"name":"wp","href":"https:\/\/api.w.org\/{rel}","templated":true}]}}