{"id":6032,"date":"2025-02-12T09:46:01","date_gmt":"2025-02-12T01:46:01","guid":{"rendered":"https:\/\/fayshing.com\/?post_type=product&#038;p=6032"},"modified":"2025-08-08T17:14:56","modified_gmt":"2025-08-08T09:14:56","slug":"werkzeugkasten-hasp-falle-schloss-mit-vorhangeschloss-fs-1039","status":"publish","type":"product","link":"https:\/\/fayshing.com\/de-de\/product\/werkzeugkasten-hasp-falle-schloss-mit-vorhangeschloss-fs-1039\/","title":{"rendered":"Werkzeugkasten Haspelschloss mit Vorh\u00e4ngeschloss FS-1039"},"content":{"rendered":"<p data-start=\"160\" data-end=\"448\">Der <strong data-start=\"164\" data-end=\"200\">FS-1039 Werkzeugkasten Haspelschloss<\/strong> ist eine hochbelastbare Verschlussl\u00f6sung f\u00fcr Werkzeugk\u00e4sten, Lagerkisten, Ger\u00e4tekoffer und andere Beh\u00e4lter, die eine sichere Befestigung erfordern. Ausgestattet mit einem <strong data-start=\"357\" data-end=\"373\">Schlossfalle<\/strong>Es erm\u00f6glicht eine zus\u00e4tzliche Sicherheitsebene mit einem Standard-Vorh\u00e4ngeschloss.<\/p>\n<p data-start=\"450\" data-end=\"743\">Hergestellt aus <strong data-start=\"460\" data-end=\"477\">haltbarer Stahl<\/strong> und erh\u00e4ltlich in <strong data-start=\"495\" data-end=\"505\">Chrom<\/strong>, <strong data-start=\"507\" data-end=\"517\">goldene<\/strong>, oder <strong data-start=\"522\" data-end=\"531\">schwarz<\/strong> Der FS-1039 kombiniert St\u00e4rke mit einem professionellen Aussehen. Er bietet <strong data-start=\"616\" data-end=\"636\">7 Befestigungsl\u00f6cher<\/strong> mit einer <strong data-start=\"644\" data-end=\"663\">3,5 mm Lochgr\u00f6\u00dfe<\/strong>Sie gew\u00e4hrleisten eine feste und stabile Montage auf einer Vielzahl von Kisten- und Kastenmaterialien.<\/p>\n<p data-start=\"745\" data-end=\"764\"><strong data-start=\"745\" data-end=\"762\">Wesentliche Merkmale:<\/strong><\/p>\n<ul data-start=\"765\" data-end=\"1059\">\n<li data-start=\"765\" data-end=\"790\">\n<p data-start=\"767\" data-end=\"790\">Produkt-Code: FS-1039<\/p>\n<\/li>\n<li data-start=\"791\" data-end=\"848\">\n<p data-start=\"793\" data-end=\"848\">Typ: Werkzeugkasten Haspelschloss mit Vorh\u00e4ngeschloss<\/p>\n<\/li>\n<li data-start=\"849\" data-end=\"868\">\n<p data-start=\"851\" data-end=\"868\">Material: Stahl<\/p>\n<\/li>\n<li data-start=\"869\" data-end=\"912\">\n<p data-start=\"871\" data-end=\"912\">Ausf\u00fchrungsoptionen: Chrom \/ Golden \/ Schwarz<\/p>\n<\/li>\n<li data-start=\"913\" data-end=\"961\">\n<p data-start=\"915\" data-end=\"961\">Befestigungsl\u00f6cher: 7 L\u00f6cher zur sicheren Befestigung<\/p>\n<\/li>\n<li data-start=\"962\" data-end=\"982\">\n<p data-start=\"964\" data-end=\"982\">Lochgr\u00f6\u00dfe: 3,5 mm<\/p>\n<\/li>\n<li data-start=\"983\" data-end=\"1059\">\n<p data-start=\"985\" data-end=\"1059\">Anwendungen: Werkzeugk\u00e4sten, Aufbewahrungstruhen, Ger\u00e4tekoffer, Utensilienk\u00e4sten<\/p>\n<\/li>\n<\/ul>\n<p data-start=\"1061\" data-end=\"1231\">Der FS-1039 ist ideal f\u00fcr <strong data-start=\"1086\" data-end=\"1128\">Bauherren, Reparaturbetriebe und Hersteller<\/strong> sucht eine <strong data-start=\"1139\" data-end=\"1166\">langlebiger, abschlie\u00dfbarer Riegel<\/strong> die einer h\u00e4ufigen Nutzung standhalten und zuverl\u00e4ssige Sicherheit bieten.<\/p>","protected":false},"excerpt":{"rendered":"<ul>\n<li>Werkzeugkasten Haspelriegelschloss mit Vorh\u00e4ngeschloss;<\/li>\n<li>7 Befestigungsl\u00f6cher\uff1b<\/li>\n<li>Stahl;<\/li>\n<li>Gr\u00f6\u00dfe der Montage\u00f6ffnung 3,5 mm;<\/li>\n<li>Fertiggestellt: Chrom \/ Golden \/ Schwarz;<\/li>\n<\/ul>","protected":false},"featured_media":6033,"comment_status":"open","ping_status":"closed","template":"","meta":{"_acf_changed":false},"product_brand":[],"product_cat":[162,23],"product_tag":[],"class_list":{"0":"post-6032","1":"product","2":"type-product","3":"status-publish","4":"has-post-thumbnail","6":"product_cat-briefcase-draw-latches","7":"product_cat-latches","8":"pa_material-steel","9":"pa_surface-treatment-black","10":"pa_surface-treatment-chrome","11":"pa_surface-treatment-golden","12":"description-off","14":"first","15":"instock","16":"shipping-taxable","17":"product-type-simple"},"acf":[],"_links":{"self":[{"href":"https:\/\/fayshing.com\/de-de\/wp-json\/wp\/v2\/product\/6032","targetHints":{"allow":["GET"]}}],"collection":[{"href":"https:\/\/fayshing.com\/de-de\/wp-json\/wp\/v2\/product"}],"about":[{"href":"https:\/\/fayshing.com\/de-de\/wp-json\/wp\/v2\/types\/product"}],"replies":[{"embeddable":true,"href":"https:\/\/fayshing.com\/de-de\/wp-json\/wp\/v2\/comments?post=6032"}],"wp:featuredmedia":[{"embeddable":true,"href":"https:\/\/fayshing.com\/de-de\/wp-json\/wp\/v2\/media\/6033"}],"wp:attachment":[{"href":"https:\/\/fayshing.com\/de-de\/wp-json\/wp\/v2\/media?parent=6032"}],"wp:term":[{"taxonomy":"product_brand","embeddable":true,"href":"https:\/\/fayshing.com\/de-de\/wp-json\/wp\/v2\/product_brand?post=6032"},{"taxonomy":"product_cat","embeddable":true,"href":"https:\/\/fayshing.com\/de-de\/wp-json\/wp\/v2\/product_cat?post=6032"},{"taxonomy":"product_tag","embeddable":true,"href":"https:\/\/fayshing.com\/de-de\/wp-json\/wp\/v2\/product_tag?post=6032"}],"curies":[{"name":"wp","href":"https:\/\/api.w.org\/{rel}","templated":true}]}}