{"id":5630,"date":"2024-12-02T17:09:00","date_gmt":"2024-12-02T09:09:00","guid":{"rendered":"https:\/\/fayshing.com\/?post_type=product&#038;p=5630"},"modified":"2025-09-25T09:34:33","modified_gmt":"2025-09-25T01:34:33","slug":"fs1211-groser-versenkter-schmetterlings-drehverschluss-mit-offset","status":"publish","type":"product","link":"https:\/\/fayshing.com\/de-de\/product\/fs1211-groser-versenkter-schmetterlings-drehverschluss-mit-offset\/","title":{"rendered":"FS1211 Gro\u00dfer versenkter Butterfly-Drehverschluss mit Versatz"},"content":{"rendered":"<p data-start=\"217\" data-end=\"454\">Der <strong data-start=\"221\" data-end=\"280\">FS1211 Gro\u00dfer versenkter Butterfly-Drehverschluss mit Versatz<\/strong> ist ein hochleistungsf\u00e4higes <strong data-start=\"297\" data-end=\"321\">Drehverriegelung<\/strong> L\u00f6sung f\u00fcr gro\u00dfe Flightcases, Roadcases und Industriegeh\u00e4use, die einen starken, sicheren und abschlie\u00dfbaren Verschluss erfordern.<\/p>\n<p data-start=\"456\" data-end=\"822\">Ausgestattet mit einem <strong data-start=\"468\" data-end=\"494\">1\/2\u2033 tiefe flache Schale<\/strong> mit integrierter <strong data-start=\"511\" data-end=\"530\">B\u00fcgel f\u00fcr Vorh\u00e4ngeschloss<\/strong>Der FS1211 bietet sowohl einfache Bedienung als auch erh\u00f6hte Sicherheit. Sein <strong data-start=\"599\" data-end=\"616\">Offsetdesign<\/strong> erm\u00f6glicht eine pr\u00e4zise Ausrichtung beim Einrasten, w\u00e4hrend die <strong data-start=\"671\" data-end=\"692\">14 Befestigungsl\u00f6cher<\/strong> gew\u00e4hrleisten maximale Stabilit\u00e4t. Der Riegelgriff umfasst <strong data-start=\"745\" data-end=\"770\">\u03a65,2mm Befestigungsl\u00f6cher<\/strong>Dadurch eignet es sich f\u00fcr den Bau robuster Geh\u00e4use.<\/p>\n<p data-start=\"824\" data-end=\"1043\">Der FS1211 ist aus hochwertigem Stahl gefertigt und professionell verarbeitet. Er h\u00e4lt den Anforderungen von h\u00e4ufigem Transport und starker Beanspruchung stand, w\u00e4hrend das versenkte Design den Riegel vor versehentlichen St\u00f6\u00dfen und Einklemmen sch\u00fctzt.<\/p>\n<p data-start=\"1045\" data-end=\"1064\"><strong data-start=\"1045\" data-end=\"1062\">Wesentliche Merkmale:<\/strong><\/p>\n<ul data-start=\"1065\" data-end=\"1445\">\n<li data-start=\"1065\" data-end=\"1089\">\n<p data-start=\"1067\" data-end=\"1089\">Produkt-Code: FS1211<\/p>\n<\/li>\n<li data-start=\"1090\" data-end=\"1148\">\n<p data-start=\"1092\" data-end=\"1148\">Typ: Gro\u00dfer versenkter Butterfly-Drehverschluss mit Offset<\/p>\n<\/li>\n<li data-start=\"1149\" data-end=\"1215\">\n<p data-start=\"1151\" data-end=\"1215\">Tiefe der Schale: 1\/2\u2033 flache Schale - unauff\u00e4llig und widerstandsf\u00e4hig<\/p>\n<\/li>\n<li data-start=\"1216\" data-end=\"1259\">\n<p data-start=\"1218\" data-end=\"1259\">Abschlie\u00dfbar: Abschlie\u00dfbar mit Vorh\u00e4ngeschloss f\u00fcr zus\u00e4tzliche Sicherheit<\/p>\n<\/li>\n<li data-start=\"1260\" data-end=\"1281\">\n<p data-start=\"1262\" data-end=\"1281\">Gr\u00f6\u00dfe der L\u00f6cher: \u03a65.2mm<\/p>\n<\/li>\n<li data-start=\"1282\" data-end=\"1311\">\n<p data-start=\"1284\" data-end=\"1311\">Gesamtgr\u00f6\u00dfe: 174 \u00d7 127 mm<\/p>\n<\/li>\n<li data-start=\"1312\" data-end=\"1358\">\n<p data-start=\"1314\" data-end=\"1358\">Befestigung: 14 L\u00f6cher f\u00fcr sichere Montage<\/p>\n<\/li>\n<li data-start=\"1359\" data-end=\"1445\">\n<p data-start=\"1361\" data-end=\"1445\">Anwendungen: Gro\u00dfe Flightcases, Roadcases, Lautsprecherboxen, industrielle Lagerung<\/p>\n<\/li>\n<\/ul>\n<p data-start=\"1447\" data-end=\"1588\">Der FS1211 bietet <strong data-start=\"1465\" data-end=\"1520\">maximale St\u00e4rke, Sicherheit und professionelles Design<\/strong>und ist damit die erste Wahl f\u00fcr anspruchsvolle Anwendungen im Geh\u00e4usebau.<\/p>\n<p data-start=\"1447\" data-end=\"1588\"><h2 id=\"tablepress-3-name\" class=\"tablepress-table-name tablepress-table-name-id-3\">Gro\u00dfer versenkter Riegel<\/h2>\n\n<table id=\"tablepress-3\" class=\"tablepress tablepress-id-3\" aria-labelledby=\"tablepress-3-name\">\n<thead>\n<tr class=\"row-1\">\n\t<th class=\"column-1\"><strong>Teil Nummer<\/strong><\/th><th class=\"column-2\"><strong>Zeichnung<\/strong><\/th><th class=\"column-3\"><strong>Oberfl\u00e4che<\/strong><\/th><th class=\"column-4\"><strong>Abschlie\u00dfbar<\/strong><\/th><th class=\"column-5\"><strong>Versetzt<\/strong><\/th>\n<\/tr>\n<\/thead>\n<tbody class=\"row-striping row-hover\">\n<tr class=\"row-2\">\n\t<td class=\"column-1\"><a href=\"https:\/\/fayshing.com\/de-de\/product\/fs1211-groser-versenkter-schmetterlings-drehverschluss-mit-offset\/\">FS1211<\/a><\/td><td class=\"column-2\"><a href=\"https:\/\/fayshing.com\/wp-content\/uploads\/FS1211-Large-Recessed-Butterfly-Twist-Latch-with-Offset-Size.jpg\"><img decoding=\"async\" src=\"https:\/\/fayshing.com\/wp-content\/uploads\/FS1211-Large-Recessed-Butterfly-Twist-Latch-with-Offset-Size-300x300.jpg\" alt=\"FS1211 Gro\u00dfer versenkter Butterfly-Drehverschluss mit Offset-Gr\u00f6\u00dfe\" width=\"60\" height=\"60\" class=\"alignnone size-medium wp-image-6215\" title=\"\" srcset=\"https:\/\/fayshing.com\/wp-content\/uploads\/FS1211-Large-Recessed-Butterfly-Twist-Latch-with-Offset-Size-300x300.jpg 300w, https:\/\/fayshing.com\/wp-content\/uploads\/FS1211-Large-Recessed-Butterfly-Twist-Latch-with-Offset-Size-150x150.jpg 150w, https:\/\/fayshing.com\/wp-content\/uploads\/FS1211-Large-Recessed-Butterfly-Twist-Latch-with-Offset-Size-768x768.jpg 768w, https:\/\/fayshing.com\/wp-content\/uploads\/FS1211-Large-Recessed-Butterfly-Twist-Latch-with-Offset-Size-12x12.jpg 12w, https:\/\/fayshing.com\/wp-content\/uploads\/FS1211-Large-Recessed-Butterfly-Twist-Latch-with-Offset-Size-600x600.jpg 600w, https:\/\/fayshing.com\/wp-content\/uploads\/FS1211-Large-Recessed-Butterfly-Twist-Latch-with-Offset-Size-200x200.jpg 200w, https:\/\/fayshing.com\/wp-content\/uploads\/FS1211-Large-Recessed-Butterfly-Twist-Latch-with-Offset-Size.jpg 1000w\" sizes=\"(max-width: 60px) 100vw, 60px\" \/><\/a><\/td><td class=\"column-3\"><\/td><td class=\"column-4\">Vorh\u00e4ngeschloss<\/td><td class=\"column-5\">Ja<\/td>\n<\/tr>\n<tr class=\"row-3\">\n\t<td class=\"column-1\"><a href=\"https:\/\/fayshing.com\/de-de\/product\/157x127mm-large-recessed-butterfly-twist-latch-in-offset-dish-with-padlock-ring-fs-1113\/\">FS1113<\/a><\/td><td class=\"column-2\"><a href=\"https:\/\/fayshing.com\/wp-content\/uploads\/Large-Recessed-Butterfly-Twist-Latch-in-Offset-Dish-with-Padlock-Ring-FS-1113.jpg\"><img decoding=\"async\" src=\"https:\/\/fayshing.com\/wp-content\/uploads\/Large-Recessed-Butterfly-Twist-Latch-in-Offset-Dish-with-Padlock-Ring-FS-1113-300x300.jpg\" alt=\"Gro\u00dfer versenkter Butterfly-Drehverschluss in versetzter Schale mit Vorh\u00e4ngeschlossring\" width=\"60\" height=\"60\" class=\"alignnone size-medium wp-image-6218\" title=\"\" srcset=\"https:\/\/fayshing.com\/wp-content\/uploads\/Large-Recessed-Butterfly-Twist-Latch-in-Offset-Dish-with-Padlock-Ring-FS-1113-300x300.jpg 300w, https:\/\/fayshing.com\/wp-content\/uploads\/Large-Recessed-Butterfly-Twist-Latch-in-Offset-Dish-with-Padlock-Ring-FS-1113-150x150.jpg 150w, https:\/\/fayshing.com\/wp-content\/uploads\/Large-Recessed-Butterfly-Twist-Latch-in-Offset-Dish-with-Padlock-Ring-FS-1113-768x768.jpg 768w, https:\/\/fayshing.com\/wp-content\/uploads\/Large-Recessed-Butterfly-Twist-Latch-in-Offset-Dish-with-Padlock-Ring-FS-1113-12x12.jpg 12w, https:\/\/fayshing.com\/wp-content\/uploads\/Large-Recessed-Butterfly-Twist-Latch-in-Offset-Dish-with-Padlock-Ring-FS-1113-600x600.jpg 600w, https:\/\/fayshing.com\/wp-content\/uploads\/Large-Recessed-Butterfly-Twist-Latch-in-Offset-Dish-with-Padlock-Ring-FS-1113-200x200.jpg 200w, https:\/\/fayshing.com\/wp-content\/uploads\/Large-Recessed-Butterfly-Twist-Latch-in-Offset-Dish-with-Padlock-Ring-FS-1113.jpg 1000w\" sizes=\"(max-width: 60px) 100vw, 60px\" \/><\/a><\/td><td class=\"column-3\">Chrom<\/td><td class=\"column-4\">Vorh\u00e4ngeschloss<\/td><td class=\"column-5\">Ja<\/td>\n<\/tr>\n<tr class=\"row-4\">\n\t<td class=\"column-1\"><a href=\"https:\/\/fayshing.com\/de-de\/product\/157x127mm-large-recessed-butterfly-twist-latch-in-offset-dish-fs-1114\/\">FS1114<\/a><\/td><td class=\"column-2\"><a href=\"https:\/\/fayshing.com\/wp-content\/uploads\/2022\/05\/FS1114-5.jpg\"><img decoding=\"async\" src=\"https:\/\/fayshing.com\/wp-content\/uploads\/2022\/05\/FS1114-5-300x300.jpg\" alt=\"Gro\u00dfer versenkter Butterfly-Drehverschluss in versetzter Schale\" width=\"60\" height=\"60\" class=\"alignnone size-medium wp-image-2952\" title=\"\" srcset=\"https:\/\/fayshing.com\/wp-content\/uploads\/2022\/05\/FS1114-5-300x300.jpg 300w, https:\/\/fayshing.com\/wp-content\/uploads\/2022\/05\/FS1114-5-200x200.jpg 200w, https:\/\/fayshing.com\/wp-content\/uploads\/2022\/05\/FS1114-5-600x600.jpg 600w, https:\/\/fayshing.com\/wp-content\/uploads\/2022\/05\/FS1114-5-64x64.jpg 64w, https:\/\/fayshing.com\/wp-content\/uploads\/2022\/05\/FS1114-5-150x150.jpg 150w, https:\/\/fayshing.com\/wp-content\/uploads\/2022\/05\/FS1114-5-768x768.jpg 768w, https:\/\/fayshing.com\/wp-content\/uploads\/2022\/05\/FS1114-5-100x100.jpg 100w, https:\/\/fayshing.com\/wp-content\/uploads\/2022\/05\/FS1114-5.jpg 800w\" sizes=\"(max-width: 60px) 100vw, 60px\" \/><\/a><\/td><td class=\"column-3\">Chrom<\/td><td class=\"column-4\">NO<\/td><td class=\"column-5\">Ja<\/td>\n<\/tr>\n<tr class=\"row-5\">\n\t<td class=\"column-1\"><a href=\"https:\/\/fayshing.com\/de-de\/product\/157x127mm-large-recessed-butterfly-twist-latch-in-offset-dish-with-padlock-feature-fs-1115\/\">FS1115<\/a><\/td><td class=\"column-2\"><a href=\"https:\/\/fayshing.com\/wp-content\/uploads\/2022\/05\/FS1115-6.jpg\"><img loading=\"lazy\" decoding=\"async\" src=\"https:\/\/fayshing.com\/wp-content\/uploads\/2022\/05\/FS1115-6-300x300.jpg\" alt=\"Gro\u00dfer versenkter Butterfly-Drehverschluss mit versetzter Schale und Vorh\u00e4ngeschlossfunktion\" width=\"60\" height=\"60\" class=\"alignnone size-medium wp-image-2950\" title=\"\" srcset=\"https:\/\/fayshing.com\/wp-content\/uploads\/2022\/05\/FS1115-6-300x300.jpg 300w, https:\/\/fayshing.com\/wp-content\/uploads\/2022\/05\/FS1115-6-200x200.jpg 200w, https:\/\/fayshing.com\/wp-content\/uploads\/2022\/05\/FS1115-6-600x600.jpg 600w, https:\/\/fayshing.com\/wp-content\/uploads\/2022\/05\/FS1115-6-64x64.jpg 64w, https:\/\/fayshing.com\/wp-content\/uploads\/2022\/05\/FS1115-6-150x150.jpg 150w, https:\/\/fayshing.com\/wp-content\/uploads\/2022\/05\/FS1115-6-768x768.jpg 768w, https:\/\/fayshing.com\/wp-content\/uploads\/2022\/05\/FS1115-6-100x100.jpg 100w, https:\/\/fayshing.com\/wp-content\/uploads\/2022\/05\/FS1115-6.jpg 800w\" sizes=\"(max-width: 60px) 100vw, 60px\" \/><\/a><\/td><td class=\"column-3\">Chrom<\/td><td class=\"column-4\">Vorh\u00e4ngeschloss<\/td><td class=\"column-5\">Ja<\/td>\n<\/tr>\n<tr class=\"row-6\">\n\t<td class=\"column-1\"><a href=\"https:\/\/fayshing.com\/de-de\/product\/fs1212-large-recessed-butterfly-twist-latch\/\">FS1212<\/a><\/td><td class=\"column-2\"><\/td><td class=\"column-3\">Chrom<\/td><td class=\"column-4\">NO<\/td><td class=\"column-5\">NO<\/td>\n<\/tr>\n<\/tbody>\n<\/table>\n<!-- #tablepress-3 from cache --><\/p>\n<h3>FS1211 Detaillierte CAD-Zeichnungen<\/h3>\n<p><iframe title=\"FAYSHING | Flight Case Versenkter Butterfly-Verschluss\" width=\"1200\" height=\"675\" src=\"https:\/\/www.youtube.com\/embed\/aTp86AjsHpU?feature=oembed&#038;enablejsapi=1&#038;origin=https:\/\/fayshing.com\" frameborder=\"0\" allow=\"accelerometer; autoplay; clipboard-write; encrypted-media; gyroscope; picture-in-picture; web-share\" referrerpolicy=\"strict-origin-when-cross-origin\" allowfullscreen><\/iframe><\/p>\n<p>&nbsp;<\/p>","protected":false},"excerpt":{"rendered":"<ul>\n<li>Gro\u00dfer versenkter Butterfly-Drehverschluss mit Offset; \uff08FS LOGO\uff09<\/li>\n<li>1\/2\u2033 tiefe flache Schale;<\/li>\n<li>Schale Mit Vorh\u00e4ngeschloss;<\/li>\n<li>\u03a65,2 mm Gr\u00f6\u00dfe des Lochs;<\/li>\n<li>Gr\u00f6\u00dfe 174 \u00d7 127 mm;<\/li>\n<li>14 Befestigungsl\u00f6cher;<\/li>\n<\/ul>","protected":false},"featured_media":5632,"comment_status":"open","ping_status":"closed","template":"","meta":{"_acf_changed":false},"product_brand":[],"product_cat":[23,116],"product_tag":[],"class_list":{"0":"post-5630","1":"product","2":"type-product","3":"status-publish","4":"has-post-thumbnail","6":"product_cat-latches","7":"product_cat-recessed-twist-latches","8":"pa_material-iron","9":"pa_surface-treatment-black","10":"pa_surface-treatment-blue-zinc","11":"pa_surface-treatment-chrome","12":"description-off","14":"first","15":"instock","16":"shipping-taxable","17":"product-type-simple"},"acf":[],"_links":{"self":[{"href":"https:\/\/fayshing.com\/de-de\/wp-json\/wp\/v2\/product\/5630","targetHints":{"allow":["GET"]}}],"collection":[{"href":"https:\/\/fayshing.com\/de-de\/wp-json\/wp\/v2\/product"}],"about":[{"href":"https:\/\/fayshing.com\/de-de\/wp-json\/wp\/v2\/types\/product"}],"replies":[{"embeddable":true,"href":"https:\/\/fayshing.com\/de-de\/wp-json\/wp\/v2\/comments?post=5630"}],"wp:featuredmedia":[{"embeddable":true,"href":"https:\/\/fayshing.com\/de-de\/wp-json\/wp\/v2\/media\/5632"}],"wp:attachment":[{"href":"https:\/\/fayshing.com\/de-de\/wp-json\/wp\/v2\/media?parent=5630"}],"wp:term":[{"taxonomy":"product_brand","embeddable":true,"href":"https:\/\/fayshing.com\/de-de\/wp-json\/wp\/v2\/product_brand?post=5630"},{"taxonomy":"product_cat","embeddable":true,"href":"https:\/\/fayshing.com\/de-de\/wp-json\/wp\/v2\/product_cat?post=5630"},{"taxonomy":"product_tag","embeddable":true,"href":"https:\/\/fayshing.com\/de-de\/wp-json\/wp\/v2\/product_tag?post=5630"}],"curies":[{"name":"wp","href":"https:\/\/api.w.org\/{rel}","templated":true}]}}