{"id":5599,"date":"2024-11-29T16:01:03","date_gmt":"2024-11-29T08:01:03","guid":{"rendered":"https:\/\/fayshing.com\/?post_type=product&#038;p=5599"},"modified":"2025-09-23T12:05:59","modified_gmt":"2025-09-23T04:05:59","slug":"fs1202-kleiner-versenkter-strasenkoffer-verschluss","status":"publish","type":"product","link":"https:\/\/fayshing.com\/de-de\/product\/fs1202-kleiner-versenkter-strasenkoffer-verschluss\/","title":{"rendered":"FS1202 Kleines vertieftes Stra\u00dfenkofferschlo\u00df"},"content":{"rendered":"<p data-start=\"144\" data-end=\"470\"><h2 id=\"tablepress-1-name\" class=\"tablepress-table-name tablepress-table-name-id-1\">Kleiner versenkter Riegel<\/h2>\n\n<table id=\"tablepress-1\" class=\"tablepress tablepress-id-1\" aria-labelledby=\"tablepress-1-name\">\n<thead>\n<tr class=\"row-1\">\n\t<th class=\"column-1\"><strong>Teil Nummer<\/strong><\/th><th class=\"column-2\"><strong>Zeichnung<\/strong><\/th><th class=\"column-3\"><strong>Oberfl\u00e4che<\/strong><\/th><th class=\"column-4\"><strong>Abschlie\u00dfbar<\/strong><\/th><th class=\"column-5\"><strong>Versetzt<\/strong><\/th>\n<\/tr>\n<\/thead>\n<tbody class=\"row-striping row-hover\">\n<tr class=\"row-2\">\n\t<td class=\"column-1\"><a href=\"https:\/\/fayshing.com\/de-de\/product\/fs1202-kleiner-versenkter-strasenkoffer-verschluss\/\">FS1202<\/a><\/td><td class=\"column-2\"><a href=\"https:\/\/fayshing.com\/wp-content\/uploads\/FS1202-Small-Recessed-Road-Case-Latch-1.jpg\"><img decoding=\"async\" src=\"https:\/\/fayshing.com\/wp-content\/uploads\/FS1202-Small-Recessed-Road-Case-Latch-1-300x300.jpg\" alt=\"FS1202 Kleines vertieftes Stra\u00dfenkofferschlo\u00df\" width=\"60\" height=\"60\" class=\"alignnone size-medium wp-image-6217\" title=\"\" srcset=\"https:\/\/fayshing.com\/wp-content\/uploads\/FS1202-Small-Recessed-Road-Case-Latch-1-300x300.jpg 300w, https:\/\/fayshing.com\/wp-content\/uploads\/FS1202-Small-Recessed-Road-Case-Latch-1-150x150.jpg 150w, https:\/\/fayshing.com\/wp-content\/uploads\/FS1202-Small-Recessed-Road-Case-Latch-1-768x768.jpg 768w, https:\/\/fayshing.com\/wp-content\/uploads\/FS1202-Small-Recessed-Road-Case-Latch-1-12x12.jpg 12w, https:\/\/fayshing.com\/wp-content\/uploads\/FS1202-Small-Recessed-Road-Case-Latch-1-600x600.jpg 600w, https:\/\/fayshing.com\/wp-content\/uploads\/FS1202-Small-Recessed-Road-Case-Latch-1-200x200.jpg 200w, https:\/\/fayshing.com\/wp-content\/uploads\/FS1202-Small-Recessed-Road-Case-Latch-1.jpg 1000w\" sizes=\"(max-width: 60px) 100vw, 60px\" \/><\/a><\/td><td class=\"column-3\">Chrom<\/td><td class=\"column-4\">Nein<\/td><td class=\"column-5\">NO<\/td>\n<\/tr>\n<tr class=\"row-3\">\n\t<td class=\"column-1\"><a href=\"https:\/\/fayshing.com\/de-de\/product\/fs1203-kleiner-versenkter-schmetterlingsverschluss-mit-vorhangeschloss\/\">FS1203<\/a><\/td><td class=\"column-2\"><a href=\"https:\/\/fayshing.com\/wp-content\/uploads\/FS1203-Small-Recessed-Butterfly-Latch\u200b-With-Padlock-1.jpg\"><img decoding=\"async\" src=\"https:\/\/fayshing.com\/wp-content\/uploads\/FS1203-Small-Recessed-Butterfly-Latch\u200b-With-Padlock-1-300x300.jpg\" alt=\"Kleiner versenkter Butterfly-Verschluss mit Vorh\u00e4ngeschloss in detaillierter CAD-Zeichnung\" width=\"60\" height=\"60\" class=\"alignnone size-medium wp-image-6216\" title=\"\" srcset=\"https:\/\/fayshing.com\/wp-content\/uploads\/FS1203-Small-Recessed-Butterfly-Latch\u200b-With-Padlock-1-300x300.jpg 300w, https:\/\/fayshing.com\/wp-content\/uploads\/FS1203-Small-Recessed-Butterfly-Latch\u200b-With-Padlock-1-150x150.jpg 150w, https:\/\/fayshing.com\/wp-content\/uploads\/FS1203-Small-Recessed-Butterfly-Latch\u200b-With-Padlock-1-768x768.jpg 768w, https:\/\/fayshing.com\/wp-content\/uploads\/FS1203-Small-Recessed-Butterfly-Latch\u200b-With-Padlock-1-12x12.jpg 12w, https:\/\/fayshing.com\/wp-content\/uploads\/FS1203-Small-Recessed-Butterfly-Latch\u200b-With-Padlock-1-600x600.jpg 600w, https:\/\/fayshing.com\/wp-content\/uploads\/FS1203-Small-Recessed-Butterfly-Latch\u200b-With-Padlock-1-200x200.jpg 200w, https:\/\/fayshing.com\/wp-content\/uploads\/FS1203-Small-Recessed-Butterfly-Latch\u200b-With-Padlock-1.jpg 1000w\" sizes=\"(max-width: 60px) 100vw, 60px\" \/><\/a><\/td><td class=\"column-3\">Chrom<\/td><td class=\"column-4\">Mit Vorh\u00e4ngeschloss abschlie\u00dfbar<\/td><td class=\"column-5\">NO<\/td>\n<\/tr>\n<tr class=\"row-4\">\n\t<td class=\"column-1\"><a href=\"https:\/\/fayshing.com\/de-de\/product\/fayshing-82x77mm-small-recessed-butterfly-twist-latch-fs-1106\/\">FS1106<\/a><\/td><td class=\"column-2\"><a href=\"https:\/\/fayshing.com\/wp-content\/uploads\/82x77mm-Small-Recessed-Butterfly-Twist-Latch-FS-1106.png\"><img decoding=\"async\" src=\"https:\/\/fayshing.com\/wp-content\/uploads\/82x77mm-Small-Recessed-Butterfly-Twist-Latch-FS-1106-300x168.png\" alt=\"82x77mm kleiner versenkter Butterfly-Drehverschluss FS-1106\" width=\"60\" height=\"33\" class=\"alignnone size-medium wp-image-5615\" title=\"\" srcset=\"https:\/\/fayshing.com\/wp-content\/uploads\/82x77mm-Small-Recessed-Butterfly-Twist-Latch-FS-1106-300x168.png 300w, https:\/\/fayshing.com\/wp-content\/uploads\/82x77mm-Small-Recessed-Butterfly-Twist-Latch-FS-1106-600x337.png 600w, https:\/\/fayshing.com\/wp-content\/uploads\/82x77mm-Small-Recessed-Butterfly-Twist-Latch-FS-1106-64x36.png 64w, https:\/\/fayshing.com\/wp-content\/uploads\/82x77mm-Small-Recessed-Butterfly-Twist-Latch-FS-1106-18x10.png 18w, https:\/\/fayshing.com\/wp-content\/uploads\/82x77mm-Small-Recessed-Butterfly-Twist-Latch-FS-1106.png 649w\" sizes=\"(max-width: 60px) 100vw, 60px\" \/><\/a><\/td><td class=\"column-3\">Chrom<\/td><td class=\"column-4\">Nein<\/td><td class=\"column-5\">NO<\/td>\n<\/tr>\n<tr class=\"row-5\">\n\t<td class=\"column-1\"><a href=\"https:\/\/fayshing.com\/de-de\/product\/fs1204-kleine-versenkte-schlosser-mit-vorhangeschloss\/\">FS1204<\/a><\/td><td class=\"column-2\"><a href=\"https:\/\/fayshing.com\/wp-content\/uploads\/FS1204-Small-Recessed-Latches-With-Padlock.png\"><img loading=\"lazy\" decoding=\"async\" src=\"https:\/\/fayshing.com\/wp-content\/uploads\/FS1204-Small-Recessed-Latches-With-Padlock-300x168.png\" alt=\"FS1204 Kleine Eingelassene Riegel mit Vorh\u00e4ngeschloss\" width=\"60\" height=\"33\" class=\"alignnone size-medium wp-image-5617\" title=\"\" srcset=\"https:\/\/fayshing.com\/wp-content\/uploads\/FS1204-Small-Recessed-Latches-With-Padlock-300x168.png 300w, https:\/\/fayshing.com\/wp-content\/uploads\/FS1204-Small-Recessed-Latches-With-Padlock-600x337.png 600w, https:\/\/fayshing.com\/wp-content\/uploads\/FS1204-Small-Recessed-Latches-With-Padlock-64x36.png 64w, https:\/\/fayshing.com\/wp-content\/uploads\/FS1204-Small-Recessed-Latches-With-Padlock-18x10.png 18w, https:\/\/fayshing.com\/wp-content\/uploads\/FS1204-Small-Recessed-Latches-With-Padlock.png 649w\" sizes=\"(max-width: 60px) 100vw, 60px\" \/><\/a><\/td><td class=\"column-3\">Chrom<\/td><td class=\"column-4\">Mit Vorh\u00e4ngeschloss abschlie\u00dfbar<\/td><td class=\"column-5\">NO<\/td>\n<\/tr>\n<tr class=\"row-6\">\n\t<td class=\"column-1\"><a href=\"https:\/\/fayshing.com\/de-de\/product\/fayshing-82x77mm-small-recessed-butterfly-twist-latch-with-padlockable-feature-fs-1105\/\">FS1105<\/a><\/td><td class=\"column-2\"><a href=\"https:\/\/fayshing.com\/wp-content\/uploads\/FS1105.jpg\"><img loading=\"lazy\" decoding=\"async\" src=\"https:\/\/fayshing.com\/wp-content\/uploads\/FS1105-300x300.jpg\" alt=\"Kleiner versenkter Schmetterlings-Drehverschluss mit Vorh\u00e4ngeschloss FS1105 CAD-Zeichnung\" width=\"60\" height=\"60\" class=\"alignnone size-medium wp-image-6220\" title=\"\" srcset=\"https:\/\/fayshing.com\/wp-content\/uploads\/FS1105-300x300.jpg 300w, https:\/\/fayshing.com\/wp-content\/uploads\/FS1105-150x150.jpg 150w, https:\/\/fayshing.com\/wp-content\/uploads\/FS1105-768x768.jpg 768w, https:\/\/fayshing.com\/wp-content\/uploads\/FS1105-12x12.jpg 12w, https:\/\/fayshing.com\/wp-content\/uploads\/FS1105-600x600.jpg 600w, https:\/\/fayshing.com\/wp-content\/uploads\/FS1105-200x200.jpg 200w, https:\/\/fayshing.com\/wp-content\/uploads\/FS1105.jpg 1000w\" sizes=\"(max-width: 60px) 100vw, 60px\" \/><\/a><\/td><td class=\"column-3\">Chrom<\/td><td class=\"column-4\">Mit Vorh\u00e4ngeschloss abschlie\u00dfbar<\/td><td class=\"column-5\">NO<\/td>\n<\/tr>\n<\/tbody>\n<\/table>\n<!-- #tablepress-1 from cache --><\/p>\n<p data-start=\"144\" data-end=\"470\">Der <strong data-start=\"148\" data-end=\"189\">FS1202 Kleines vertieftes Stra\u00dfenkofferschlo\u00df<\/strong> ist eine kompakte und zuverl\u00e4ssige Verschlussl\u00f6sung f\u00fcr kleine Flightcases, Roadcases und individuelle Aufbewahrungsboxen. Entworfen <strong data-start=\"304\" data-end=\"322\">ohne Versatz<\/strong>bietet es eine <strong data-start=\"338\" data-end=\"364\">3\/8\u2033 tiefe flache Schale<\/strong> das eine flache Passform bietet, die ein H\u00e4ngenbleiben verhindert und den Verriegelungsmechanismus beim Transport sch\u00fctzt.<\/p>\n<p data-start=\"472\" data-end=\"736\">Der Griff des Schmetterlingsverschlusses ist mit <strong data-start=\"516\" data-end=\"538\">zwei Befestigungsl\u00f6cher<\/strong> (\u03a65mm), was eine sichere Installation und einen reibungslosen Betrieb gew\u00e4hrleistet. Messung <strong data-start=\"608\" data-end=\"621\">77 \u00d7 82 mm<\/strong>Dieser Verschluss ist ideal f\u00fcr leichte bis mittelschwere Koffer, bei denen es auf kompakte Abmessungen und einen zuverl\u00e4ssigen Verschluss ankommt.<\/p>\n<p data-start=\"738\" data-end=\"757\"><strong data-start=\"738\" data-end=\"755\">Wesentliche Merkmale:<\/strong><\/p>\n<ul data-start=\"758\" data-end=\"1154\">\n<li data-start=\"758\" data-end=\"782\">\n<p data-start=\"760\" data-end=\"782\">Produkt-Code: FS1202<\/p>\n<\/li>\n<li data-start=\"783\" data-end=\"840\">\n<p data-start=\"785\" data-end=\"840\">Typ: Kleiner versenkter Stra\u00dfenkofferverschluss (ohne Versatz)<\/p>\n<\/li>\n<li data-start=\"841\" data-end=\"901\">\n<p data-start=\"843\" data-end=\"901\">Tiefe der Schale: 3\/8\u2033 flache Schale - b\u00fcndig und widerstandsf\u00e4hig<\/p>\n<\/li>\n<li data-start=\"902\" data-end=\"963\">\n<p data-start=\"904\" data-end=\"963\">Griffdesign: 2 Befestigungsl\u00f6cher am Griff des Schmetterlingsverschlusses<\/p>\n<\/li>\n<li data-start=\"964\" data-end=\"983\">\n<p data-start=\"966\" data-end=\"983\">Gr\u00f6\u00dfe der L\u00f6cher: \u03a65mm<\/p>\n<\/li>\n<li data-start=\"984\" data-end=\"1011\">\n<p data-start=\"986\" data-end=\"1011\">Gesamtgr\u00f6\u00dfe: 77 \u00d7 82 mm<\/p>\n<\/li>\n<li data-start=\"1012\" data-end=\"1072\">\n<p data-start=\"1014\" data-end=\"1072\">Mit Vorh\u00e4ngeschloss abschlie\u00dfbar: Nein - Schnellzugriff ohne Schlie\u00dfmechanismus<\/p>\n<\/li>\n<li data-start=\"1073\" data-end=\"1154\">\n<p data-start=\"1075\" data-end=\"1154\">Anwendungen: Kleine Flightcases, Roadcases, Aufbewahrungsboxen, Instrumentenkoffer<\/p>\n<\/li>\n<\/ul>\n<p data-start=\"1156\" data-end=\"1300\">Der FS1202 ist kompakt, funktional und einfach zu installieren und bietet einen zuverl\u00e4ssigen Verschluss f\u00fcr tragbare Koffer, wobei er ein sauberes, vertieftes Profil beibeh\u00e4lt.<\/p>\n<h3><strong>FS1202 Detaillierte CAD-Zeichnungen<\/strong><\/h3>\n<p><a href=\"https:\/\/fayshing.com\/wp-content\/uploads\/FS1202-Small-Recessed-Road-Case-Latch.png\"><img loading=\"lazy\" decoding=\"async\" class=\"alignnone size-medium wp-image-5612\" src=\"https:\/\/fayshing.com\/wp-content\/uploads\/FS1202-Small-Recessed-Road-Case-Latch-300x195.png\" alt=\"FS1202 Kleines vertieftes Stra\u00dfenkofferschlo\u00df\" width=\"300\" height=\"195\" title=\"\" srcset=\"https:\/\/fayshing.com\/wp-content\/uploads\/FS1202-Small-Recessed-Road-Case-Latch-300x195.png 300w, https:\/\/fayshing.com\/wp-content\/uploads\/FS1202-Small-Recessed-Road-Case-Latch-64x42.png 64w, https:\/\/fayshing.com\/wp-content\/uploads\/FS1202-Small-Recessed-Road-Case-Latch-18x12.png 18w, https:\/\/fayshing.com\/wp-content\/uploads\/FS1202-Small-Recessed-Road-Case-Latch.png 548w\" sizes=\"(max-width: 300px) 100vw, 300px\" \/><\/a><\/p>\n<p><iframe title=\"FAYSHING | Flight Case Versenkter Butterfly-Verschluss\" width=\"1200\" height=\"675\" src=\"https:\/\/www.youtube.com\/embed\/aTp86AjsHpU?feature=oembed&#038;enablejsapi=1&#038;origin=https:\/\/fayshing.com\" frameborder=\"0\" allow=\"accelerometer; autoplay; clipboard-write; encrypted-media; gyroscope; picture-in-picture; web-share\" referrerpolicy=\"strict-origin-when-cross-origin\" allowfullscreen><\/iframe><\/p>","protected":false},"excerpt":{"rendered":"<ul>\n<li>Kleiner versenkter Stra\u00dfenkofferverschluss ohne Versatz;<\/li>\n<li>3\/8\u2033 tiefe, flache Schale;<\/li>\n<\/ul>","protected":false},"featured_media":5600,"comment_status":"open","ping_status":"closed","template":"","meta":{"_acf_changed":false},"product_brand":[],"product_cat":[23,116],"product_tag":[],"class_list":{"0":"post-5599","1":"product","2":"type-product","3":"status-publish","4":"has-post-thumbnail","6":"product_cat-latches","7":"product_cat-recessed-twist-latches","8":"pa_material-steel","9":"pa_surface-treatment-black","10":"pa_surface-treatment-blue-zinc","11":"pa_surface-treatment-chrome","12":"description-off","14":"first","15":"instock","16":"shipping-taxable","17":"product-type-simple"},"acf":[],"_links":{"self":[{"href":"https:\/\/fayshing.com\/de-de\/wp-json\/wp\/v2\/product\/5599","targetHints":{"allow":["GET"]}}],"collection":[{"href":"https:\/\/fayshing.com\/de-de\/wp-json\/wp\/v2\/product"}],"about":[{"href":"https:\/\/fayshing.com\/de-de\/wp-json\/wp\/v2\/types\/product"}],"replies":[{"embeddable":true,"href":"https:\/\/fayshing.com\/de-de\/wp-json\/wp\/v2\/comments?post=5599"}],"wp:featuredmedia":[{"embeddable":true,"href":"https:\/\/fayshing.com\/de-de\/wp-json\/wp\/v2\/media\/5600"}],"wp:attachment":[{"href":"https:\/\/fayshing.com\/de-de\/wp-json\/wp\/v2\/media?parent=5599"}],"wp:term":[{"taxonomy":"product_brand","embeddable":true,"href":"https:\/\/fayshing.com\/de-de\/wp-json\/wp\/v2\/product_brand?post=5599"},{"taxonomy":"product_cat","embeddable":true,"href":"https:\/\/fayshing.com\/de-de\/wp-json\/wp\/v2\/product_cat?post=5599"},{"taxonomy":"product_tag","embeddable":true,"href":"https:\/\/fayshing.com\/de-de\/wp-json\/wp\/v2\/product_tag?post=5599"}],"curies":[{"name":"wp","href":"https:\/\/api.w.org\/{rel}","templated":true}]}}